{"id":419048,"date":"2024-03-30T11:50:12","date_gmt":"2024-03-30T10:50:12","guid":{"rendered":"https:\/\/lucacastelli.com\/prodotto\/meindl-top-trail-lady-gtx\/"},"modified":"2026-03-02T22:30:26","modified_gmt":"2026-03-02T21:30:26","slug":"meindl-top-trail-lady-gtx","status":"publish","type":"product","link":"https:\/\/lucacastelli.com\/de\/produkt\/meindl-top-trail-lady-gtx\/","title":{"rendered":"MEINDL TOP TRAIL LADY GTX"},"content":{"rendered":"<p>Der Top Trail Lady GTX aus der Trail Activity Kollektion ist ein echter Blickfang. Das freilaufende \u201eSpeedwire\u201c-Band des variofix\u00ae-Systems zieht sich gleichm\u00e4\u00dfig eng um die Ferse und sorgt so f\u00fcr besten Halt im Schuh. Die weit nach vorne gezogene Schn\u00fcrung erm\u00f6glicht eine individuelle und druckfreie Anpassung an den Fu\u00df. Dank GORE-TEX ist der Schuh garantiert wasserdicht und atmungsaktiv. Das macht ihn zu einem leistungsstarken Begleiter f\u00fcr verschiedenste Freizeitaktivit\u00e4ten.    <\/p>\n","protected":false},"excerpt":{"rendered":"<p>Der Top Trail Lady GTX aus der Trail Activity Kollektion ist ein echter Blickfang. Das freilaufende \u201eSpeedwire\u201c-Band des variofix\u00ae-Systems zieht<\/p>\n","protected":false},"featured_media":101296,"template":"","meta":{"_seopress_robots_primary_cat":"none","_seopress_titles_title":"","_seopress_titles_desc":"","_seopress_robots_index":""},"product_brand":[3655],"product_cat":[1430,1419,175],"product_tag":[],"class_list":{"0":"post-419048","1":"product","2":"type-product","3":"status-publish","4":"has-post-thumbnail","6":"product_brand-meindl-de","7":"product_cat-damen-schuhe","8":"product_cat-freizeitschuhe","9":"product_cat-schuhe","10":"sws-gruppo-no-gruppo-de","11":"sws-categoria-sito-de","12":"sws-gruppo-iva-iva81-de","14":"first","15":"instock","16":"shipping-taxable","17":"purchasable","18":"product-type-variable"},"_links":{"self":[{"href":"https:\/\/lucacastelli.com\/de\/wp-json\/wp\/v2\/product\/419048","targetHints":{"allow":["GET"]}}],"collection":[{"href":"https:\/\/lucacastelli.com\/de\/wp-json\/wp\/v2\/product"}],"about":[{"href":"https:\/\/lucacastelli.com\/de\/wp-json\/wp\/v2\/types\/product"}],"wp:featuredmedia":[{"embeddable":true,"href":"https:\/\/lucacastelli.com\/de\/wp-json\/wp\/v2\/media\/101296"}],"wp:attachment":[{"href":"https:\/\/lucacastelli.com\/de\/wp-json\/wp\/v2\/media?parent=419048"}],"wp:term":[{"taxonomy":"product_brand","embeddable":true,"href":"https:\/\/lucacastelli.com\/de\/wp-json\/wp\/v2\/product_brand?post=419048"},{"taxonomy":"product_cat","embeddable":true,"href":"https:\/\/lucacastelli.com\/de\/wp-json\/wp\/v2\/product_cat?post=419048"},{"taxonomy":"product_tag","embeddable":true,"href":"https:\/\/lucacastelli.com\/de\/wp-json\/wp\/v2\/product_tag?post=419048"}],"curies":[{"name":"wp","href":"https:\/\/api.w.org\/{rel}","templated":true}]}}