{"id":419031,"date":"2024-03-30T12:33:19","date_gmt":"2024-03-30T11:33:19","guid":{"rendered":"https:\/\/lucacastelli.com\/prodotto\/meindl-power-walker-lady-3-0\/"},"modified":"2025-06-29T00:51:16","modified_gmt":"2025-06-28T22:51:16","slug":"meindl-power-walker-lady-3-0","status":"publish","type":"product","link":"https:\/\/lucacastelli.com\/de\/produkt\/meindl-power-walker-lady-3-0\/","title":{"rendered":"MEINDL POWER WALKER LADY 3.0"},"content":{"rendered":"<p>Mit dem Power Walker Lady 3.0 machen lange, ausgedehnte Spazierg\u00e4nge und Wanderungen in der Stadt oder auf dem Land gleich doppelt so viel Spa\u00df. Die Modelle bestechen durch ihren bequemen Tragekomfort\u00ae. Im Vergleich zu einem klassischen Leisten bietet der Comfort Fit\u00ae Leisten eine gr\u00f6\u00dfere Aufstandsfl\u00e4che im Vorfu\u00dfbereich und mehr Platz im Fu\u00dfballen. Die Gro\u00dfzehe wird dann gestreckt und kann sich frei bewegen. Das Schnellschn\u00fcrsystem mit Stopper erleichtert das An- und Ausziehen. Die eigens entwickelte Meindl Comfort fit\u00ae Wellness Walking Soft-Step Sohle zeichnet sich durch ein starkes Abrollen und einen extrem weichen und sto\u00dfd\u00e4mpfenden EVA-Keil aus. Das Profil ist leicht profiliert und hat keinen ausgepr\u00e4gten Absatz, um eine hohe Stabilit\u00e4t beim Gehen zu gew\u00e4hrleisten. Dank GORE-TEX ist der Power Walker Lady 3.0 garantiert wasserdicht und atmungsaktiv.       <\/p>\n","protected":false},"excerpt":{"rendered":"<p>Mit dem Power Walker Lady 3.0 machen lange, ausgedehnte Spazierg\u00e4nge und Wanderungen in der Stadt oder auf dem Land gleich<\/p>\n","protected":false},"featured_media":101309,"template":"","meta":{"_seopress_robots_primary_cat":"","_seopress_titles_title":"","_seopress_titles_desc":"","_seopress_robots_index":""},"product_brand":[3655],"product_cat":[175,1419,1430],"product_tag":[],"class_list":{"0":"post-419031","1":"product","2":"type-product","3":"status-publish","4":"has-post-thumbnail","6":"product_brand-meindl-de","7":"product_cat-schuhe","8":"product_cat-freizeitschuhe","9":"product_cat-damen-schuhe","10":"sws-gruppo-no-gruppo-de","11":"sws-categoria-sito-de","12":"sws-gruppo-iva-iva81-de","14":"first","15":"instock","16":"shipping-taxable","17":"purchasable","18":"product-type-variable"},"_links":{"self":[{"href":"https:\/\/lucacastelli.com\/de\/wp-json\/wp\/v2\/product\/419031","targetHints":{"allow":["GET"]}}],"collection":[{"href":"https:\/\/lucacastelli.com\/de\/wp-json\/wp\/v2\/product"}],"about":[{"href":"https:\/\/lucacastelli.com\/de\/wp-json\/wp\/v2\/types\/product"}],"wp:featuredmedia":[{"embeddable":true,"href":"https:\/\/lucacastelli.com\/de\/wp-json\/wp\/v2\/media\/101309"}],"wp:attachment":[{"href":"https:\/\/lucacastelli.com\/de\/wp-json\/wp\/v2\/media?parent=419031"}],"wp:term":[{"taxonomy":"product_brand","embeddable":true,"href":"https:\/\/lucacastelli.com\/de\/wp-json\/wp\/v2\/product_brand?post=419031"},{"taxonomy":"product_cat","embeddable":true,"href":"https:\/\/lucacastelli.com\/de\/wp-json\/wp\/v2\/product_cat?post=419031"},{"taxonomy":"product_tag","embeddable":true,"href":"https:\/\/lucacastelli.com\/de\/wp-json\/wp\/v2\/product_tag?post=419031"}],"curies":[{"name":"wp","href":"https:\/\/api.w.org\/{rel}","templated":true}]}}