{"id":419027,"date":"2022-11-08T08:14:25","date_gmt":"2022-11-08T07:14:25","guid":{"rendered":"https:\/\/lucacastelli.com\/prodotto\/meindl-eule-lady-gtx\/"},"modified":"2026-03-02T22:29:21","modified_gmt":"2026-03-02T21:29:21","slug":"meindl-eule-lady-gtx","status":"publish","type":"product","link":"https:\/\/lucacastelli.com\/de\/produkt\/meindl-eule-lady-gtx\/","title":{"rendered":"MEINDL Civetta Lady GTX"},"content":{"rendered":"<p>Das elegante Modell Civetta Lady GTX ist perfekt f\u00fcr die kalte Jahreszeit. Die Kombination aus GORE-TEX und geflochtenem Fell h\u00e4lt die F\u00fc\u00dfe warm und trocken. Die Sohle mit Grip-Gummiprofil garantiert perfekten Halt auf verschiedenen Oberfl\u00e4chen und optimale D\u00e4mpfung dank der integrierten EVA-Zwischensohle.  <\/p>\n","protected":false},"excerpt":{"rendered":"<p>Das elegante Modell Civetta Lady GTX ist perfekt f\u00fcr die kalte Jahreszeit. Die Kombination aus GORE-TEX und geflochtenem Fell h\u00e4lt<\/p>\n","protected":false},"featured_media":83531,"template":"","meta":{"_seopress_robots_primary_cat":"none","_seopress_titles_title":"","_seopress_titles_desc":"","_seopress_robots_index":""},"product_brand":[3427],"product_cat":[28,568,575],"product_tag":[],"class_list":{"0":"post-419027","1":"product","2":"type-product","3":"status-publish","4":"has-post-thumbnail","6":"product_brand-meindl","7":"product_cat-calzature","8":"product_cat-calzature-per-il-tempo-libero","9":"product_cat-calzature-da-donna","11":"first","12":"instock","13":"shipping-taxable","14":"purchasable","15":"product-type-variable"},"_links":{"self":[{"href":"https:\/\/lucacastelli.com\/de\/wp-json\/wp\/v2\/product\/419027","targetHints":{"allow":["GET"]}}],"collection":[{"href":"https:\/\/lucacastelli.com\/de\/wp-json\/wp\/v2\/product"}],"about":[{"href":"https:\/\/lucacastelli.com\/de\/wp-json\/wp\/v2\/types\/product"}],"wp:featuredmedia":[{"embeddable":true,"href":"https:\/\/lucacastelli.com\/de\/wp-json\/wp\/v2\/media\/83531"}],"wp:attachment":[{"href":"https:\/\/lucacastelli.com\/de\/wp-json\/wp\/v2\/media?parent=419027"}],"wp:term":[{"taxonomy":"product_brand","embeddable":true,"href":"https:\/\/lucacastelli.com\/de\/wp-json\/wp\/v2\/product_brand?post=419027"},{"taxonomy":"product_cat","embeddable":true,"href":"https:\/\/lucacastelli.com\/de\/wp-json\/wp\/v2\/product_cat?post=419027"},{"taxonomy":"product_tag","embeddable":true,"href":"https:\/\/lucacastelli.com\/de\/wp-json\/wp\/v2\/product_tag?post=419027"}],"curies":[{"name":"wp","href":"https:\/\/api.w.org\/{rel}","templated":true}]}}