{"id":418964,"date":"2022-05-31T07:49:25","date_gmt":"2022-05-31T05:49:25","guid":{"rendered":"https:\/\/lucacastelli.com\/prodotto\/meindl-activo-sport-gtx\/"},"modified":"2026-03-02T22:30:43","modified_gmt":"2026-03-02T21:30:43","slug":"meindl-activo-sport-gtx","status":"publish","type":"product","link":"https:\/\/lucacastelli.com\/de\/produkt\/meindl-activo-sport-gtx\/","title":{"rendered":"MEINDL Activo Sport GTX"},"content":{"rendered":"<p>Der Activo Sport GTX ist ein Modell aus der Comfort fit\u00ae-Serie und \u00fcberzeugt durch sein geringes Gewicht, die hervorragende D\u00e4mpfung und die Stabilit\u00e4t. Im Vorfu\u00dfbereich gibt es keine N\u00e4hte, sodass Druckstellen ausgeschlossen sind! Dank des Duo-Lacing-Systems passt sich der Schuh durch die Schn\u00fcrung perfekt an den Fu\u00df an und sorgt f\u00fcr einen soliden Halt im Schuh. Dank GORE-TEX sind die Schuhe zudem garantiert wasserdicht und atmungsaktiv.   <\/p>\n","protected":false},"excerpt":{"rendered":"<p>Der Activo Sport GTX ist ein Modell aus der Comfort fit\u00ae-Serie und \u00fcberzeugt durch sein geringes Gewicht, die hervorragende D\u00e4mpfung<\/p>\n","protected":false},"featured_media":58602,"template":"","meta":{"_seopress_robots_primary_cat":"none","_seopress_titles_title":"","_seopress_titles_desc":"","_seopress_robots_index":""},"product_brand":[3655],"product_cat":[1419,1431,175],"product_tag":[],"class_list":{"0":"post-418964","1":"product","2":"type-product","3":"status-publish","4":"has-post-thumbnail","6":"product_brand-meindl-de","7":"product_cat-freizeitschuhe","8":"product_cat-herrenschuhe","9":"product_cat-schuhe","10":"sws-gruppo-abb-libero-de","11":"sws-conto-ricavi-merci-rivendita-abbigliamento-de","12":"sws-gruppo-iva-iva81-de","14":"first","15":"instock","16":"shipping-taxable","17":"purchasable","18":"product-type-variable"},"_links":{"self":[{"href":"https:\/\/lucacastelli.com\/de\/wp-json\/wp\/v2\/product\/418964","targetHints":{"allow":["GET"]}}],"collection":[{"href":"https:\/\/lucacastelli.com\/de\/wp-json\/wp\/v2\/product"}],"about":[{"href":"https:\/\/lucacastelli.com\/de\/wp-json\/wp\/v2\/types\/product"}],"wp:featuredmedia":[{"embeddable":true,"href":"https:\/\/lucacastelli.com\/de\/wp-json\/wp\/v2\/media\/58602"}],"wp:attachment":[{"href":"https:\/\/lucacastelli.com\/de\/wp-json\/wp\/v2\/media?parent=418964"}],"wp:term":[{"taxonomy":"product_brand","embeddable":true,"href":"https:\/\/lucacastelli.com\/de\/wp-json\/wp\/v2\/product_brand?post=418964"},{"taxonomy":"product_cat","embeddable":true,"href":"https:\/\/lucacastelli.com\/de\/wp-json\/wp\/v2\/product_cat?post=418964"},{"taxonomy":"product_tag","embeddable":true,"href":"https:\/\/lucacastelli.com\/de\/wp-json\/wp\/v2\/product_tag?post=418964"}],"curies":[{"name":"wp","href":"https:\/\/api.w.org\/{rel}","templated":true}]}}