{"id":418955,"date":"2025-02-24T14:37:25","date_gmt":"2025-02-24T13:37:25","guid":{"rendered":"https:\/\/lucacastelli.com\/prodotto\/eder-mechanischer-faellkeil-titan-80-proeder\/"},"modified":"2025-08-14T13:16:54","modified_gmt":"2025-08-14T11:16:54","slug":"eder-mechanischer-faellkeil-titan-80-proeder","status":"publish","type":"product","link":"https:\/\/lucacastelli.com\/de\/produkt\/eder-mechanischer-faellkeil-titan-80-proeder\/","title":{"rendered":"EDER Titan 80 Proeder Mechanischer F\u00e4llkeil"},"content":{"rendered":"<p>Der mechanische F\u00e4llkeil EDER Titan 80 Pro wird als Alternative zu schweren Keilen bei der schweren Holzernte eingesetzt.<\/p>\n<p>Produktbeschreibung<br \/>\nDer EDER Eder Titan 80 mechanischer F\u00e4llkeil wird als Alternative zur Arbeit mit Keilen bei der schweren Holzernte eingesetzt. Die Titan 80 Pro ist die Fortsetzung der bew\u00e4hrten EDER Titan 80. <\/p>\n<p>Die Vorteile der Verwendung des mechanischen F\u00e4llkeils Titan 80 Pro im Vergleich zu herk\u00f6mmlichen Keilen sind wie folgt<\/p>\n<p>Er kann mit einem Schlagschrauber bis 1300 Nm betrieben werden.<br \/>\nDer Keil kann wieder angeschraubt und neu positioniert werden, wenn die Hubh\u00f6he zu niedrig ist.<br \/>\nErgonomisches und erm\u00fcdungsfreies Arbeiten dank hoher Hubkr\u00e4fte und \u00dcbersetzungen.<br \/>\nMehr Sicherheit beim F\u00e4llen in Hanglagen.<br \/>\nDie Gefahr, dass Totholz herabfallt, wird durch den vibrationsfreien Keil reduziert.<br \/>\nTechnische<br \/>\nDaten Gewicht: 5,6 kg<br \/>\nLxBxH: 410 mm x 90 x 170 mm<br \/>\nKeilvorschub: 160 mm<br \/>\nHub\/U: 3 mm<br \/>\nMax. Hubkraft Hubkraft: 25 Tonnen<br \/>\nMaximale Hubh\u00f6he: 80 mm Hubh\u00f6he: 80 mm <\/p>\n","protected":false},"excerpt":{"rendered":"<p>Der mechanische F\u00e4llkeil EDER Titan 80 Pro wird als Alternative zu schweren Keilen bei der schweren Holzernte eingesetzt. Produktbeschreibung Der<\/p>\n","protected":false},"featured_media":102707,"template":"","meta":{"_seopress_robots_primary_cat":"","_seopress_titles_title":"","_seopress_titles_desc":"","_seopress_robots_index":""},"product_brand":[3628],"product_cat":[169,1612,1640],"product_tag":[],"class_list":{"0":"post-418955","1":"product","2":"type-product","3":"status-publish","4":"has-post-thumbnail","6":"product_brand-eder-de","7":"product_cat-maschinen","8":"product_cat-kettensagen","9":"product_cat-zubehor-und-verbrauchsmaterial-de-5","10":"sws-gruppo-attrezz-de","11":"sws-categoria-sito-de","12":"sws-conto-ricavi-merci-rivendita-macchinari-de","13":"sws-gruppo-iva-iva81-de","15":"first","16":"instock","17":"sale","18":"shipping-taxable","19":"purchasable","20":"product-type-variable"},"_links":{"self":[{"href":"https:\/\/lucacastelli.com\/de\/wp-json\/wp\/v2\/product\/418955","targetHints":{"allow":["GET"]}}],"collection":[{"href":"https:\/\/lucacastelli.com\/de\/wp-json\/wp\/v2\/product"}],"about":[{"href":"https:\/\/lucacastelli.com\/de\/wp-json\/wp\/v2\/types\/product"}],"wp:featuredmedia":[{"embeddable":true,"href":"https:\/\/lucacastelli.com\/de\/wp-json\/wp\/v2\/media\/102707"}],"wp:attachment":[{"href":"https:\/\/lucacastelli.com\/de\/wp-json\/wp\/v2\/media?parent=418955"}],"wp:term":[{"taxonomy":"product_brand","embeddable":true,"href":"https:\/\/lucacastelli.com\/de\/wp-json\/wp\/v2\/product_brand?post=418955"},{"taxonomy":"product_cat","embeddable":true,"href":"https:\/\/lucacastelli.com\/de\/wp-json\/wp\/v2\/product_cat?post=418955"},{"taxonomy":"product_tag","embeddable":true,"href":"https:\/\/lucacastelli.com\/de\/wp-json\/wp\/v2\/product_tag?post=418955"}],"curies":[{"name":"wp","href":"https:\/\/api.w.org\/{rel}","templated":true}]}}