{"id":418929,"date":"2025-02-24T14:29:57","date_gmt":"2025-02-24T13:29:57","guid":{"rendered":"https:\/\/lucacastelli.com\/prodotto\/eder-borkenkaeferfraese-kettenantriebeder\/"},"modified":"2025-06-28T22:33:58","modified_gmt":"2025-06-28T20:33:58","slug":"eder-borkenkaeferfraese-kettenantriebeder","status":"publish","type":"product","link":"https:\/\/lucacastelli.com\/de\/produkt\/eder-borkenkaeferfraese-kettenantriebeder\/","title":{"rendered":"Eder Borkenk\u00e4ferfr\u00e4se Kettenantriebeder"},"content":{"rendered":"<p>Der Holzschneider ist mit 4 Klingen ausgestattet, die im Abstand von 24 mm in den Stamm schneiden, so dass Sie schnell den gesamten Stamm schnitzen k\u00f6nnen. Der Holzschneider kann auf verschiedene Kettens\u00e4gen montiert werden. Dank des Kettenantriebs kann der Vorgang mit wenigen Handgriffen durchgef\u00fchrt werden.  <\/p>\n<p>Die Entrindung von Holz verhindert jedoch die Renaturierung des Waldes und geht mit einem massiven Verlust der Artenvielfalt einher.<br \/>\nAls Kompromiss zur vollst\u00e4ndigen Entrindung k\u00f6nnen St\u00e4mme markiert werden. Der Borkenk\u00e4fer ben\u00f6tigt eine Fl\u00e4che von ca. 5 cm\u00b2, um sich wohl zu f\u00fchlen. Durch die Entrindung des Stammes wird dem Borkenk\u00e4fer sein Lebensraum entzogen, ohne die Renaturierung des Waldes stark einzuschr\u00e4nken.  <\/p>\n<p>Gewicht ohne Motor 2,5 kg<br \/>\nMin. Antriebsleistung 1,2 kW<br \/>\nArbeitsbreite 120 mm<br \/>\nKlingenbreite 4,5 mm<br \/>\nAnzahl Messer 4<\/p>\n<p>Beschreibung der Klingen<br \/>\nKlingentypen:<\/p>\n<p>Klingenrille Breite 8mm<br \/>\nStihl 170\/180\/211\/231\/241\/251&#8243;<br \/>\nHusqvarna 340\/345\/346\/350\/353\/357\/362\/242\/254\/435\/440\/543\/545\/545II\/550\/550II\/560<br \/>\nDolmar PS-460\/PS-4600\/PS-500\/PS-5000\/PS-5105\/PS-6100<\/p>\n<p>Schlitzklinge 12mm<br \/>\nStihl 240\/260\/261\/362\/440\/441\/442\/462\/500\/660\/661<br \/>\nHusqvarna 365\/372\/385\/390\/395\/562\/570\/572\/575\/576<br \/>\nDolmar PS-6400\/PS-7300\/PS-7310\/PS-7900\/PS-7910<br \/>\nAdapter im Lieferumfang enthalten<\/p>\n","protected":false},"excerpt":{"rendered":"<p>Der Holzschneider ist mit 4 Klingen ausgestattet, die im Abstand von 24 mm in den Stamm schneiden, so dass Sie<\/p>\n","protected":false},"featured_media":102686,"template":"","meta":{"_seopress_robots_primary_cat":"","_seopress_titles_title":"","_seopress_titles_desc":"","_seopress_robots_index":""},"product_brand":[3628],"product_cat":[1612,169,1640],"product_tag":[],"class_list":{"0":"post-418929","1":"product","2":"type-product","3":"status-publish","4":"has-post-thumbnail","6":"product_brand-eder-de","7":"product_cat-kettensagen","8":"product_cat-maschinen","9":"product_cat-zubehor-und-verbrauchsmaterial-de-5","10":"sws-gruppo-macchinari","11":"sws-categoria-sito","12":"sws-conto-ricavi-merci-rivendita-macchinari","13":"sws-gruppo-iva-iva81","15":"first","16":"instock","17":"sale","18":"shipping-taxable","19":"purchasable","20":"product-type-variable"},"_links":{"self":[{"href":"https:\/\/lucacastelli.com\/de\/wp-json\/wp\/v2\/product\/418929","targetHints":{"allow":["GET"]}}],"collection":[{"href":"https:\/\/lucacastelli.com\/de\/wp-json\/wp\/v2\/product"}],"about":[{"href":"https:\/\/lucacastelli.com\/de\/wp-json\/wp\/v2\/types\/product"}],"wp:featuredmedia":[{"embeddable":true,"href":"https:\/\/lucacastelli.com\/de\/wp-json\/wp\/v2\/media\/102686"}],"wp:attachment":[{"href":"https:\/\/lucacastelli.com\/de\/wp-json\/wp\/v2\/media?parent=418929"}],"wp:term":[{"taxonomy":"product_brand","embeddable":true,"href":"https:\/\/lucacastelli.com\/de\/wp-json\/wp\/v2\/product_brand?post=418929"},{"taxonomy":"product_cat","embeddable":true,"href":"https:\/\/lucacastelli.com\/de\/wp-json\/wp\/v2\/product_cat?post=418929"},{"taxonomy":"product_tag","embeddable":true,"href":"https:\/\/lucacastelli.com\/de\/wp-json\/wp\/v2\/product_tag?post=418929"}],"curies":[{"name":"wp","href":"https:\/\/api.w.org\/{rel}","templated":true}]}}