{"id":418926,"date":"2025-02-24T14:21:35","date_gmt":"2025-02-24T13:21:35","guid":{"rendered":"https:\/\/lucacastelli.com\/prodotto\/eder-mechanischer-faellkeil-titan-50eder\/"},"modified":"2025-08-14T13:17:34","modified_gmt":"2025-08-14T11:17:34","slug":"eder-mechanischer-faellkeil-titan-50eder","status":"publish","type":"product","link":"https:\/\/lucacastelli.com\/de\/produkt\/eder-mechanischer-faellkeil-titan-50eder\/","title":{"rendered":"EDER Mechanisches F\u00e4llkeil Titan 50eder"},"content":{"rendered":"<p>Der EDER Titan 50 mechanischer Keil ist die kleinere Version des bew\u00e4hrten EDER Titan 80 Pro. Es wird bei der schweren Holzernte eingesetzt und ist eine Alternative zu schweren Arbeiten mit Keilen. <\/p>\n<p>Produktbeschreibung<br \/>\nDer EDER Titan 50 mechanischer Keil ist die kleinere Version des bew\u00e4hrten EDER Titan 80 Pro. Es wird bei der schweren Holzernte eingesetzt und ist eine Alternative zu schweren Arbeiten mit Keilen. Der EDER &#8211; Titan 50 hat folgende Vorteile gegen\u00fcber klassischen Keilvarianten:  <\/p>\n<p>Er kann mit einem Schlagschrauber bis 750 Nm betrieben werden.<br \/>\nDer Keil kann wieder angeschraubt und neu positioniert werden, wenn die Hubh\u00f6he zu niedrig ist.<br \/>\nErgonomische und m\u00fchelose Bedienung dank hoher Hubkr\u00e4fte und -verh\u00e4ltnisse.<br \/>\nMehr Sicherheit beim F\u00e4llen in Hanglagen.<br \/>\nDie Gefahr, dass Totholz herabfallt, wird durch den vibrationsfreien Keil reduziert.<br \/>\nDie gekapselte Gelenkwelle verhindert Verschmutzungen und Folgesch\u00e4den am Getriebe.<\/p>\n<p>&nbsp;<\/p>\n<p>&nbsp;<\/p>\n<p>Gewicht: 1,6 kg<br \/>\nLxBxH: 240 mm x 118 mm x 72 mm<br \/>\nKeilvorschub: 100 mm<br \/>\nHub\/U: 2 mm<br \/>\nMax. Hubkraft Hubkraft: 15 Tonnen<br \/>\nMaximale Hubh\u00f6he: 50 mm Hubh\u00f6he: 50 mm <\/p>\n","protected":false},"excerpt":{"rendered":"<p>Der EDER Titan 50 mechanischer Keil ist die kleinere Version des bew\u00e4hrten EDER Titan 80 Pro. Es wird bei der<\/p>\n","protected":false},"featured_media":102679,"template":"","meta":{"_seopress_robots_primary_cat":"","_seopress_titles_title":"","_seopress_titles_desc":"","_seopress_robots_index":""},"product_brand":[3628],"product_cat":[1612,169,1640],"product_tag":[],"class_list":{"0":"post-418926","1":"product","2":"type-product","3":"status-publish","4":"has-post-thumbnail","6":"product_brand-eder-de","7":"product_cat-kettensagen","8":"product_cat-maschinen","9":"product_cat-zubehor-und-verbrauchsmaterial-de-5","10":"sws-gruppo-attrezz","11":"sws-categoria-sito","12":"sws-conto-ricavi-merci-rivendita-macchinari","13":"sws-gruppo-iva-iva81","15":"first","16":"instock","17":"sale","18":"shipping-taxable","19":"purchasable","20":"product-type-variable"},"_links":{"self":[{"href":"https:\/\/lucacastelli.com\/de\/wp-json\/wp\/v2\/product\/418926","targetHints":{"allow":["GET"]}}],"collection":[{"href":"https:\/\/lucacastelli.com\/de\/wp-json\/wp\/v2\/product"}],"about":[{"href":"https:\/\/lucacastelli.com\/de\/wp-json\/wp\/v2\/types\/product"}],"wp:featuredmedia":[{"embeddable":true,"href":"https:\/\/lucacastelli.com\/de\/wp-json\/wp\/v2\/media\/102679"}],"wp:attachment":[{"href":"https:\/\/lucacastelli.com\/de\/wp-json\/wp\/v2\/media?parent=418926"}],"wp:term":[{"taxonomy":"product_brand","embeddable":true,"href":"https:\/\/lucacastelli.com\/de\/wp-json\/wp\/v2\/product_brand?post=418926"},{"taxonomy":"product_cat","embeddable":true,"href":"https:\/\/lucacastelli.com\/de\/wp-json\/wp\/v2\/product_cat?post=418926"},{"taxonomy":"product_tag","embeddable":true,"href":"https:\/\/lucacastelli.com\/de\/wp-json\/wp\/v2\/product_tag?post=418926"}],"curies":[{"name":"wp","href":"https:\/\/api.w.org\/{rel}","templated":true}]}}