{"id":418909,"date":"2025-02-23T16:38:10","date_gmt":"2025-02-23T15:38:10","guid":{"rendered":"https:\/\/lucacastelli.com\/prodotto\/eder-fraesaufsatz-scheibenfraeseeder\/"},"modified":"2025-06-28T22:33:40","modified_gmt":"2025-06-28T20:33:40","slug":"eder-fraesaufsatz-scheibenfraeseeder","status":"publish","type":"product","link":"https:\/\/lucacastelli.com\/de\/produkt\/eder-fraesaufsatz-scheibenfraeseeder\/","title":{"rendered":"EDER Fr\u00e4saufsatz Scheibenfr\u00e4seeder"},"content":{"rendered":"<p>Die EDER-Scheibenfr\u00e4smaschine kann daher f\u00fcr die Beh\u00e4lterfertigung, f\u00fcr bildhauerische Arbeiten oder auch f\u00fcr die Schachtchirurgie eingesetzt werden. Die Anordnung der Messer erm\u00f6glicht sowohl die L\u00e4ngs- als auch die Querbearbeitung des Fr\u00e4skopfes. F\u00fcr das Fr\u00e4sen von geraden Nuten in L\u00e4ngsrichtung steht eine F\u00fchrung zur Verf\u00fcgung. Am Fr\u00e4skopf befinden sich 2 Klingen, die eine glatte Oberfl\u00e4che ohne Vibrationen erzeugen.   <\/p>\n<p>Leistungsbeschreibung:<\/p>\n<ul>\n<li>Gewicht (ohne Motor) 2,0 kg<\/li>\n<li>Motorleistung min. 1,2 kW<\/li>\n<li>Durchmesser der Schneidscheibe 95 mm<\/li>\n<li>Breite der Schneidscheibe 30 mm<\/li>\n<li>L\u00e4nge der Stange 320 mm<\/li>\n<li>Anzahl der Klingen 2,<\/li>\n<li>Max. Drehzahl 13.000 1\/min<\/li>\n<li>\u00dcbersetzungsverh\u00e4ltnis 1:1<\/li>\n<\/ul>\n<p>Geben Sie den Typ der Kettens\u00e4ge an<\/p>\n<p>Preis ohne S\u00e4ge<\/p>\n","protected":false},"excerpt":{"rendered":"<p>Die EDER-Scheibenfr\u00e4smaschine kann daher f\u00fcr die Beh\u00e4lterfertigung, f\u00fcr bildhauerische Arbeiten oder auch f\u00fcr die Schachtchirurgie eingesetzt werden. Die Anordnung der<\/p>\n","protected":false},"featured_media":102639,"template":"","meta":{"_seopress_robots_primary_cat":"","_seopress_titles_title":"","_seopress_titles_desc":"","_seopress_robots_index":""},"product_brand":[3417],"product_cat":[29,268,297],"product_tag":[],"class_list":{"0":"post-418909","1":"product","2":"type-product","3":"status-publish","4":"has-post-thumbnail","6":"product_brand-eder","7":"product_cat-macchinari","8":"product_cat-motoseghe","9":"product_cat-accessori-e-materiale-di-consumo-sistemi-kombi-e-multi","10":"sws-gruppo-macchinari","11":"sws-categoria-sito","12":"sws-conto-ricavi-merci-rivendita-macchinari","13":"sws-gruppo-iva-iva81","15":"first","16":"instock","17":"sale","18":"shipping-taxable","19":"purchasable","20":"product-type-simple"},"_links":{"self":[{"href":"https:\/\/lucacastelli.com\/de\/wp-json\/wp\/v2\/product\/418909","targetHints":{"allow":["GET"]}}],"collection":[{"href":"https:\/\/lucacastelli.com\/de\/wp-json\/wp\/v2\/product"}],"about":[{"href":"https:\/\/lucacastelli.com\/de\/wp-json\/wp\/v2\/types\/product"}],"wp:featuredmedia":[{"embeddable":true,"href":"https:\/\/lucacastelli.com\/de\/wp-json\/wp\/v2\/media\/102639"}],"wp:attachment":[{"href":"https:\/\/lucacastelli.com\/de\/wp-json\/wp\/v2\/media?parent=418909"}],"wp:term":[{"taxonomy":"product_brand","embeddable":true,"href":"https:\/\/lucacastelli.com\/de\/wp-json\/wp\/v2\/product_brand?post=418909"},{"taxonomy":"product_cat","embeddable":true,"href":"https:\/\/lucacastelli.com\/de\/wp-json\/wp\/v2\/product_cat?post=418909"},{"taxonomy":"product_tag","embeddable":true,"href":"https:\/\/lucacastelli.com\/de\/wp-json\/wp\/v2\/product_tag?post=418909"}],"curies":[{"name":"wp","href":"https:\/\/api.w.org\/{rel}","templated":true}]}}