{"id":418901,"date":"2025-02-20T18:53:07","date_gmt":"2025-02-20T17:53:07","guid":{"rendered":"https:\/\/lucacastelli.com\/prodotto\/eder-planhobeleder\/"},"modified":"2025-06-28T22:30:30","modified_gmt":"2025-06-28T20:30:30","slug":"eder-planhobeleder","status":"publish","type":"product","link":"https:\/\/lucacastelli.com\/de\/produkt\/eder-planhobeleder\/","title":{"rendered":"Eder Planhobeleder"},"content":{"rendered":"<p>Mit dem EDER Abrichthobel k\u00f6nnen ebene Fl\u00e4chen aus jeder Holzart gehobelt werden. Die Konstruktion der Hobelwalze sorgt f\u00fcr eine hohe Zerspanungsleistung, die mit minimalem Aufwand einfach dosiert werden kann. Der Hobelkopf befindet sich auf der flachen F\u00fchrungsplatte, die oszillierend um die Walzendrehachse montiert ist.  <\/p>\n<p>Die an der Hobelwalze angebrachten Messer sind stufenlos verstellbar, wodurch eine Spanst\u00e4rke von bis zu 1 mm erreicht werden kann.<\/p>\n<h3>Beschreibung<\/h3>\n<p>Technische Daten<\/p>\n<ul>\n<li>Gewicht (ohne Motor) 2,5 kg,<\/li>\n<li>Motorleistung min. 1,2 kW<\/li>\n<li>Arbeitsbreite 120 mm<\/li>\n<li>Messerbreite 30 mm<\/li>\n<li>Anzahl der Messer 4<\/li>\n<li>Max. Geschwindigkeit 13.000 \/1 min<\/li>\n<li>\u00dcbersetzungsverh\u00e4ltnis 1:1<\/li>\n<\/ul>\n<p>Bitte geben Sie den Typ der Kettens\u00e4ge an<\/p>\n<p>Preis ohne S\u00e4ge<\/p>\n","protected":false},"excerpt":{"rendered":"<p>Mit dem EDER Abrichthobel k\u00f6nnen ebene Fl\u00e4chen aus jeder Holzart gehobelt werden. Die Konstruktion der Hobelwalze sorgt f\u00fcr eine hohe<\/p>\n","protected":false},"featured_media":93213,"template":"","meta":{"_seopress_robots_primary_cat":"","_seopress_titles_title":"","_seopress_titles_desc":"","_seopress_robots_index":""},"product_brand":[3417],"product_cat":[29,514,515,296,297],"product_tag":[],"class_list":{"0":"post-418901","1":"product","2":"type-product","3":"status-publish","4":"has-post-thumbnail","6":"product_brand-eder","7":"product_cat-macchinari","8":"product_cat-altri-dispositivi","9":"product_cat-accessori-e-materiale-di-consumo-altri-dispositivi","10":"product_cat-sistemi-kombi-e-multi","11":"product_cat-accessori-e-materiale-di-consumo-sistemi-kombi-e-multi","12":"sws-gruppo-no-gruppo-de","13":"sws-categoria-sito-de","14":"sws-conto-ricavi-merci-rivendita-abbigliamento-de","15":"sws-gruppo-iva-iva81-de","17":"first","18":"instock","19":"sale","20":"shipping-taxable","21":"purchasable","22":"product-type-simple"},"_links":{"self":[{"href":"https:\/\/lucacastelli.com\/de\/wp-json\/wp\/v2\/product\/418901","targetHints":{"allow":["GET"]}}],"collection":[{"href":"https:\/\/lucacastelli.com\/de\/wp-json\/wp\/v2\/product"}],"about":[{"href":"https:\/\/lucacastelli.com\/de\/wp-json\/wp\/v2\/types\/product"}],"wp:featuredmedia":[{"embeddable":true,"href":"https:\/\/lucacastelli.com\/de\/wp-json\/wp\/v2\/media\/93213"}],"wp:attachment":[{"href":"https:\/\/lucacastelli.com\/de\/wp-json\/wp\/v2\/media?parent=418901"}],"wp:term":[{"taxonomy":"product_brand","embeddable":true,"href":"https:\/\/lucacastelli.com\/de\/wp-json\/wp\/v2\/product_brand?post=418901"},{"taxonomy":"product_cat","embeddable":true,"href":"https:\/\/lucacastelli.com\/de\/wp-json\/wp\/v2\/product_cat?post=418901"},{"taxonomy":"product_tag","embeddable":true,"href":"https:\/\/lucacastelli.com\/de\/wp-json\/wp\/v2\/product_tag?post=418901"}],"curies":[{"name":"wp","href":"https:\/\/api.w.org\/{rel}","templated":true}]}}