{"id":418897,"date":"2022-07-27T15:33:22","date_gmt":"2022-07-27T13:33:22","guid":{"rendered":"https:\/\/lucacastelli.com\/prodotto\/kask-sc1-gehoerschutz\/"},"modified":"2025-07-29T18:06:53","modified_gmt":"2025-07-29T16:06:53","slug":"kask-sc1-gehoerschutz","status":"publish","type":"product","link":"https:\/\/lucacastelli.com\/de\/produkt\/kask-sc1-gehoerschutz\/","title":{"rendered":"KASK SC1 Geh\u00f6rschutz"},"content":{"rendered":"<p>Die gr\u00fcnen SC1 Geh\u00f6rsch\u00fctzer eignen sich f\u00fcr den Einsatz in allgemeinen Arbeitsbereichen. Geeignet f\u00fcr Situationen mit niedrigem bis mittlerem Ger\u00e4uschpegel (dB) und mittlerer bis hoher Frequenz. Befestigung am Helm \u00fcber einen universellen 30 mm Adapter. Farbdifferenzierte Leistung. Stufenlose Teleskopgr\u00f6\u00dfenverstellung. Nicht leitendes Material. Zertifiziert f\u00fcr die Verwendung mit KASK-Helmen.     <\/p>\n","protected":false},"excerpt":{"rendered":"<p>Die gr\u00fcnen SC1 Geh\u00f6rsch\u00fctzer eignen sich f\u00fcr den Einsatz in allgemeinen Arbeitsbereichen. Geeignet f\u00fcr Situationen mit niedrigem bis mittlerem Ger\u00e4uschpegel<\/p>\n","protected":false},"featured_media":76920,"template":"","meta":{"_seopress_robots_primary_cat":"","_seopress_titles_title":"","_seopress_titles_desc":"","_seopress_robots_index":""},"product_brand":[3426],"product_cat":[33,537,822],"product_tag":[],"class_list":{"0":"post-418897","1":"product","2":"type-product","3":"status-publish","4":"has-post-thumbnail","6":"product_brand-kask","7":"product_cat-attrezzature","8":"product_cat-attrezzatura-da-lavoro","9":"product_cat-altro-attrezzatura-da-lavoro","10":"sws-gruppo-abb-libero-de","11":"sws-conto-ricavi-merci-rivendita-abbigliamento-de","12":"sws-gruppo-iva-iva81-de","14":"first","15":"onbackorder","16":"shipping-taxable","17":"purchasable","18":"product-type-simple"},"_links":{"self":[{"href":"https:\/\/lucacastelli.com\/de\/wp-json\/wp\/v2\/product\/418897","targetHints":{"allow":["GET"]}}],"collection":[{"href":"https:\/\/lucacastelli.com\/de\/wp-json\/wp\/v2\/product"}],"about":[{"href":"https:\/\/lucacastelli.com\/de\/wp-json\/wp\/v2\/types\/product"}],"wp:featuredmedia":[{"embeddable":true,"href":"https:\/\/lucacastelli.com\/de\/wp-json\/wp\/v2\/media\/76920"}],"wp:attachment":[{"href":"https:\/\/lucacastelli.com\/de\/wp-json\/wp\/v2\/media?parent=418897"}],"wp:term":[{"taxonomy":"product_brand","embeddable":true,"href":"https:\/\/lucacastelli.com\/de\/wp-json\/wp\/v2\/product_brand?post=418897"},{"taxonomy":"product_cat","embeddable":true,"href":"https:\/\/lucacastelli.com\/de\/wp-json\/wp\/v2\/product_cat?post=418897"},{"taxonomy":"product_tag","embeddable":true,"href":"https:\/\/lucacastelli.com\/de\/wp-json\/wp\/v2\/product_tag?post=418897"}],"curies":[{"name":"wp","href":"https:\/\/api.w.org\/{rel}","templated":true}]}}