{"id":418893,"date":"2022-07-27T15:33:51","date_gmt":"2022-07-27T13:33:51","guid":{"rendered":"https:\/\/lucacastelli.com\/prodotto\/kask-sc2-gehoerschutz\/"},"modified":"2025-07-29T18:06:49","modified_gmt":"2025-07-29T16:06:49","slug":"kask-sc2-gehoerschutz","status":"publish","type":"product","link":"https:\/\/lucacastelli.com\/de\/produkt\/kask-sc2-gehoerschutz\/","title":{"rendered":"KASK SC2 Geh\u00f6rschutz"},"content":{"rendered":"<p>Die gelben Geh\u00f6rsch\u00fctzer SC2 eignen sich f\u00fcr Umgebungen mit einem mittleren bis hohen Ger\u00e4uschpegel (dB). Es ist die optimale Wahl in Situationen mit hochfrequenten Ger\u00e4uschen. Geeignet f\u00fcr eine Vielzahl von Anwendungen wie: Bauwesen, Forstwirtschaft, Industriegebiete, Produktionsbereiche, Landwirtschaft usw. Befestigung am Helm \u00fcber einen universellen 30-mm-Adapter Farbdifferenzierte Leistung Stufenlose Teleskop-Gr\u00f6\u00dfenverstellung Nicht leitendes Material Zertifiziert f\u00fcr die Verwendung mit KASK-Helmen  <\/p>\n","protected":false},"excerpt":{"rendered":"<p>Die gelben Geh\u00f6rsch\u00fctzer SC2 eignen sich f\u00fcr Umgebungen mit einem mittleren bis hohen Ger\u00e4uschpegel (dB). Es ist die optimale Wahl<\/p>\n","protected":false},"featured_media":76925,"template":"","meta":{"_seopress_robots_primary_cat":"","_seopress_titles_title":"","_seopress_titles_desc":"","_seopress_robots_index":""},"product_brand":[3643],"product_cat":[1396,150,1494],"product_tag":[],"class_list":{"0":"post-418893","1":"product","2":"type-product","3":"status-publish","4":"has-post-thumbnail","6":"product_brand-kask-de","7":"product_cat-arbeitsausrustung","8":"product_cat-ausrustung","9":"product_cat-sonstige-arbeitsausrustung","10":"sws-gruppo-abb-libero-de","11":"sws-conto-ricavi-merci-rivendita-abbigliamento-de","12":"sws-gruppo-iva-iva81-de","14":"first","15":"onbackorder","16":"shipping-taxable","17":"purchasable","18":"product-type-simple"},"_links":{"self":[{"href":"https:\/\/lucacastelli.com\/de\/wp-json\/wp\/v2\/product\/418893","targetHints":{"allow":["GET"]}}],"collection":[{"href":"https:\/\/lucacastelli.com\/de\/wp-json\/wp\/v2\/product"}],"about":[{"href":"https:\/\/lucacastelli.com\/de\/wp-json\/wp\/v2\/types\/product"}],"wp:featuredmedia":[{"embeddable":true,"href":"https:\/\/lucacastelli.com\/de\/wp-json\/wp\/v2\/media\/76925"}],"wp:attachment":[{"href":"https:\/\/lucacastelli.com\/de\/wp-json\/wp\/v2\/media?parent=418893"}],"wp:term":[{"taxonomy":"product_brand","embeddable":true,"href":"https:\/\/lucacastelli.com\/de\/wp-json\/wp\/v2\/product_brand?post=418893"},{"taxonomy":"product_cat","embeddable":true,"href":"https:\/\/lucacastelli.com\/de\/wp-json\/wp\/v2\/product_cat?post=418893"},{"taxonomy":"product_tag","embeddable":true,"href":"https:\/\/lucacastelli.com\/de\/wp-json\/wp\/v2\/product_tag?post=418893"}],"curies":[{"name":"wp","href":"https:\/\/api.w.org\/{rel}","templated":true}]}}