{"id":418889,"date":"2022-07-27T14:32:14","date_gmt":"2022-07-27T12:32:14","guid":{"rendered":"https:\/\/lucacastelli.com\/prodotto\/kask-gehoerschutz-adapter\/"},"modified":"2025-07-29T18:07:02","modified_gmt":"2025-07-29T16:07:02","slug":"kask-gehoerschutz-adapter","status":"publish","type":"product","link":"https:\/\/lucacastelli.com\/de\/produkt\/kask-gehoerschutz-adapter\/","title":{"rendered":"KASK Geh\u00f6rschutz-Adapter"},"content":{"rendered":"<p>Kompatibel mit PLASMA-Helmen<br \/>\nMaterial: Polycarbonat<br \/>\nFarbe: schwarz<br \/>\nGr\u00f6\u00dfe: universell <\/p>\n<p>EIGENSCHAFTEN<\/p>\n<p>Geh\u00f6rschutzadapter mit Bajonettverschluss.<br \/>\nLeicht und einfach anzuwenden.<br \/>\nKompatibel mit den wichtigsten Marken auf dem Markt (P3E-Verbindung)<\/p>\n","protected":false},"excerpt":{"rendered":"<p>Kompatibel mit PLASMA-Helmen Material: Polycarbonat Farbe: schwarz Gr\u00f6\u00dfe: universell EIGENSCHAFTEN Geh\u00f6rschutzadapter mit Bajonettverschluss. Leicht und einfach anzuwenden. Kompatibel mit den<\/p>\n","protected":false},"featured_media":76832,"template":"","meta":{"_seopress_robots_primary_cat":"","_seopress_titles_title":"","_seopress_titles_desc":"","_seopress_robots_index":""},"product_brand":[3643],"product_cat":[1396,150,1409,1404,1418,1411],"product_tag":[],"class_list":{"0":"post-418889","1":"product","2":"type-product","3":"status-publish","4":"has-post-thumbnail","6":"product_brand-kask-de","7":"product_cat-arbeitsausrustung","8":"product_cat-ausrustung","9":"product_cat-freizeitausrustung","10":"product_cat-helme","11":"product_cat-helme-de","12":"product_cat-visiere-und-schutzbrillen","13":"sws-gruppo-abb-libero-de","14":"sws-conto-ricavi-merci-rivendita-abbigliamento-de","15":"sws-gruppo-iva-iva81-de","17":"first","18":"instock","19":"shipping-taxable","20":"purchasable","21":"product-type-simple"},"_links":{"self":[{"href":"https:\/\/lucacastelli.com\/de\/wp-json\/wp\/v2\/product\/418889","targetHints":{"allow":["GET"]}}],"collection":[{"href":"https:\/\/lucacastelli.com\/de\/wp-json\/wp\/v2\/product"}],"about":[{"href":"https:\/\/lucacastelli.com\/de\/wp-json\/wp\/v2\/types\/product"}],"wp:featuredmedia":[{"embeddable":true,"href":"https:\/\/lucacastelli.com\/de\/wp-json\/wp\/v2\/media\/76832"}],"wp:attachment":[{"href":"https:\/\/lucacastelli.com\/de\/wp-json\/wp\/v2\/media?parent=418889"}],"wp:term":[{"taxonomy":"product_brand","embeddable":true,"href":"https:\/\/lucacastelli.com\/de\/wp-json\/wp\/v2\/product_brand?post=418889"},{"taxonomy":"product_cat","embeddable":true,"href":"https:\/\/lucacastelli.com\/de\/wp-json\/wp\/v2\/product_cat?post=418889"},{"taxonomy":"product_tag","embeddable":true,"href":"https:\/\/lucacastelli.com\/de\/wp-json\/wp\/v2\/product_tag?post=418889"}],"curies":[{"name":"wp","href":"https:\/\/api.w.org\/{rel}","templated":true}]}}