{"id":418871,"date":"2025-02-12T07:17:38","date_gmt":"2025-02-12T06:17:38","guid":{"rendered":"https:\/\/lucacastelli.com\/prodotto\/arbortec-schwarzgurt\/"},"modified":"2025-10-24T10:45:01","modified_gmt":"2025-10-24T08:45:01","slug":"arbortec-schwarzgurt","status":"publish","type":"product","link":"https:\/\/lucacastelli.com\/de\/produkt\/arbortec-schwarzgurt\/","title":{"rendered":"Arbortec Schwarzer G\u00fcrtel"},"content":{"rendered":"<p>PRODUKTBESCHREIBUNG<br \/>\nDieser 40 mm breite G\u00fcrtel besteht aus verst\u00e4rktem Polyester und Elastan f\u00fcr maximalen Komfort und verf\u00fcgt \u00fcber eine Schnalle mit rustikalem Effekt.<br \/>\nDer G\u00fcrtel hat au\u00dferdem einen Flaschen\u00f6ffner.<br \/>\nMERKMALE<br \/>\nBreite 4 cm x L\u00e4nge 125 cm<br \/>\nHergestellt aus verst\u00e4rktem Polyester und Elastan f\u00fcr maximalen Komfort<br \/>\nSchnalle mit rustikalem Effekt<\/p>\n","protected":false},"excerpt":{"rendered":"<p>PRODUKTBESCHREIBUNG Dieser 40 mm breite G\u00fcrtel besteht aus verst\u00e4rktem Polyester und Elastan f\u00fcr maximalen Komfort und verf\u00fcgt \u00fcber eine Schnalle<\/p>\n","protected":false},"featured_media":97229,"template":"","meta":{"_seopress_robots_primary_cat":"","_seopress_titles_title":"","_seopress_titles_desc":"","_seopress_robots_index":""},"product_brand":[3611],"product_cat":[1391,82],"product_tag":[5804],"class_list":{"0":"post-418871","1":"product","2":"type-product","3":"status-publish","4":"has-post-thumbnail","6":"product_brand-arbortec-de-2","7":"product_cat-bekleidungs-accessoires","8":"product_cat-kleidung","9":"product_tag-luzern2025","10":"sws-gruppo-abb-libero-de","11":"sws-categoria-sito-de","12":"sws-conto-ricavi-merci-rivendita-abbigliamento-de","13":"sws-gruppo-iva-iva81-de","15":"first","16":"instock","17":"sale","18":"shipping-taxable","19":"purchasable","20":"product-type-simple"},"_links":{"self":[{"href":"https:\/\/lucacastelli.com\/de\/wp-json\/wp\/v2\/product\/418871","targetHints":{"allow":["GET"]}}],"collection":[{"href":"https:\/\/lucacastelli.com\/de\/wp-json\/wp\/v2\/product"}],"about":[{"href":"https:\/\/lucacastelli.com\/de\/wp-json\/wp\/v2\/types\/product"}],"wp:featuredmedia":[{"embeddable":true,"href":"https:\/\/lucacastelli.com\/de\/wp-json\/wp\/v2\/media\/97229"}],"wp:attachment":[{"href":"https:\/\/lucacastelli.com\/de\/wp-json\/wp\/v2\/media?parent=418871"}],"wp:term":[{"taxonomy":"product_brand","embeddable":true,"href":"https:\/\/lucacastelli.com\/de\/wp-json\/wp\/v2\/product_brand?post=418871"},{"taxonomy":"product_cat","embeddable":true,"href":"https:\/\/lucacastelli.com\/de\/wp-json\/wp\/v2\/product_cat?post=418871"},{"taxonomy":"product_tag","embeddable":true,"href":"https:\/\/lucacastelli.com\/de\/wp-json\/wp\/v2\/product_tag?post=418871"}],"curies":[{"name":"wp","href":"https:\/\/api.w.org\/{rel}","templated":true}]}}