{"id":418749,"date":"2025-02-11T10:23:26","date_gmt":"2025-02-11T09:23:26","guid":{"rendered":"https:\/\/lucacastelli.com\/prodotto\/arbortec-freestyle-kettensaege\/"},"modified":"2025-09-30T11:59:15","modified_gmt":"2025-09-30T09:59:15","slug":"arbortec-freestyle-kettensaege","status":"publish","type":"product","link":"https:\/\/lucacastelli.com\/de\/produkt\/arbortec-freestyle-kettensaege\/","title":{"rendered":"ARBORTEC Freestyle Kettens\u00e4ge"},"content":{"rendered":"<p>Wir stellen die Freestyle-Kollektion vor.<br \/>\nDie Freestyle-Kollektion wurde entwickelt, um den Arbeitstag zu erleichtern. Sie ist strapazierf\u00e4hig, atmungsaktiv und voller neuer Funktionen.<br \/>\nDie Freestyle-Kollektion besteht aus neuen Au\u00dfenmaterialien und einem neuen strapazierf\u00e4higen Material am Unterschenkel. Neben der Robustheit sorgt die Flexibilit\u00e4t daf\u00fcr, dass du dich auf der Baustelle und in den Baumkronen leicht bewegen kannst.<br \/>\nDie Kollektion verf\u00fcgt au\u00dferdem \u00fcber einen elastischen Bund, versetzte N\u00e4hte und vorgeformte Knie f\u00fcr mehr Flexibilit\u00e4t und Komfort. Der Schritt besteht aus Kevlar und einem unglaublich elastischen Gewebe, das maximale Bewegungsfreiheit und Flexibilit\u00e4t auf dem Baum erm\u00f6glicht.<br \/>\nDieses Modell wurde mit Blick auf F\u00f6rster entwickelt. Es hat einen hohen R\u00fccken mit Befestigungspunkten f\u00fcr Hosentr\u00e4ger und eine Metertasche. Alle Au\u00dfentaschen sind mit Rei\u00dfverschl\u00fcssen versehen, um Schmutz fernzuhalten, und haben Bel\u00fcftungs\u00f6ffnungen f\u00fcr mehr Atmungsaktivit\u00e4t (nur Modell A).<br \/>\nJedes Paar wird in unserer portugiesischen Fabrik handgefertigt. So k\u00f6nnen wir schnell \u00c4nderungen an den Produkten vornehmen und sicherstellen, dass der fertige Artikel nach den h\u00f6chsten Standards hergestellt wird.<br \/>\nMERKMALE UND VORTEILE:<br \/>\nStrapazierf\u00e4hige und flexible Au\u00dfenmaterialien.<br \/>\nNeuer ma\u00dfgeschneiderter Schnitt.<br \/>\nYKK-Rei\u00dfverschlusstaschen, gurtkompatibel.<br \/>\nG\u00fcrtelschlaufen und Befestigungspunkte f\u00fcr Hosentr\u00e4ger.<br \/>\nHoher R\u00fccken.<br \/>\nMa\u00dfbandtasche.<br \/>\nVerstellbare Taille.<br \/>\nElastische Haken an der Unterseite der Hose zur Befestigung an den Schn\u00fcrsenkeln.<br \/>\nBel\u00fcftungs\u00f6ffnungen auf der R\u00fcckseite der Hose (nur Modell A).<br \/>\nHose Design A (Schnittschutz nur an der Vorderseite der Beine) Schutzklasse 1 (20 m\/s).  EN381-5 Klasse 1 (20 m\/s) Ausf\u00fchrung A.<br \/>\nErh\u00e4ltlich mit normalen und hohen Beinen.<\/p>\n<p>NORMEN F\u00dcR KETTSCHENS\u00c4GEN:<br \/>\nDie AT4061 ist eine Hose vom Typ A (S\u00e4geschutz auf der Vorderseite des Beins) und der Schutz ist wie folgt klassifiziert:<br \/>\nAT4061 &#8211; Klasse 1 (20 m\/s) EN 381-5 Typ A.<\/p>\n","protected":false},"excerpt":{"rendered":"<p>Wir stellen die Freestyle-Kollektion vor. Die Freestyle-Kollektion wurde entwickelt, um den Arbeitstag zu erleichtern. Sie ist strapazierf\u00e4hig, atmungsaktiv und voller<\/p>\n","protected":false},"featured_media":96603,"template":"","meta":{"_seopress_robots_primary_cat":"none","_seopress_titles_title":"","_seopress_titles_desc":"","_seopress_robots_index":""},"product_brand":[3412],"product_cat":[21,284],"product_tag":[5803],"class_list":{"0":"post-418749","1":"product","2":"type-product","3":"status-publish","4":"has-post-thumbnail","6":"product_brand-arbortec","7":"product_cat-abbigliamento","8":"product_cat-abbigliamento-da-lavoro","9":"product_tag-lucerna2025","10":"sws-gruppo-abb-libero-de","11":"sws-categoria-sito-de","12":"sws-conto-ricavi-merci-rivendita-abbigliamento-de","13":"sws-gruppo-iva-iva81-de","15":"first","16":"instock","17":"shipping-taxable","18":"purchasable","19":"product-type-variable"},"_links":{"self":[{"href":"https:\/\/lucacastelli.com\/de\/wp-json\/wp\/v2\/product\/418749","targetHints":{"allow":["GET"]}}],"collection":[{"href":"https:\/\/lucacastelli.com\/de\/wp-json\/wp\/v2\/product"}],"about":[{"href":"https:\/\/lucacastelli.com\/de\/wp-json\/wp\/v2\/types\/product"}],"wp:featuredmedia":[{"embeddable":true,"href":"https:\/\/lucacastelli.com\/de\/wp-json\/wp\/v2\/media\/96603"}],"wp:attachment":[{"href":"https:\/\/lucacastelli.com\/de\/wp-json\/wp\/v2\/media?parent=418749"}],"wp:term":[{"taxonomy":"product_brand","embeddable":true,"href":"https:\/\/lucacastelli.com\/de\/wp-json\/wp\/v2\/product_brand?post=418749"},{"taxonomy":"product_cat","embeddable":true,"href":"https:\/\/lucacastelli.com\/de\/wp-json\/wp\/v2\/product_cat?post=418749"},{"taxonomy":"product_tag","embeddable":true,"href":"https:\/\/lucacastelli.com\/de\/wp-json\/wp\/v2\/product_tag?post=418749"}],"curies":[{"name":"wp","href":"https:\/\/api.w.org\/{rel}","templated":true}]}}