{"id":418747,"date":"2025-02-11T10:39:36","date_gmt":"2025-02-11T09:39:36","guid":{"rendered":"https:\/\/lucacastelli.com\/prodotto\/arbortec-breatheflex-pro-hose-ohne-schutz-blau\/"},"modified":"2025-09-30T11:59:14","modified_gmt":"2025-09-30T09:59:14","slug":"arbortec-breatheflex-pro-hose-ohne-schutz-blau","status":"publish","type":"product","link":"https:\/\/lucacastelli.com\/de\/produkt\/arbortec-breatheflex-pro-hose-ohne-schutz-blau\/","title":{"rendered":"ARBORTEC Breatheflex Pro Hose Nicht sch\u00fctzend &#8211; Blau"},"content":{"rendered":"<p>Die Hose ist ideal f\u00fcr Baumpfleger, aber auch f\u00fcr Kletterer geeignet.<br \/>\nAtmungsaktive Climasphere-Stoffe f\u00fcr maximalen Komfort.<br \/>\nZus\u00e4tzliche Abriebfestigkeit an Knien und Waden.<br \/>\nCargo-Taschen mit faltbaren Doppelklappen.<br \/>\nHandytasche mit Rei\u00dfverschluss.<br \/>\nDas Rei\u00dfverschlusssystem ist f\u00fcr intensiven Gebrauch ausgelegt.<\/p>\n","protected":false},"excerpt":{"rendered":"<p>Die Hose ist ideal f\u00fcr Baumpfleger, aber auch f\u00fcr Kletterer geeignet. Atmungsaktive Climasphere-Stoffe f\u00fcr maximalen Komfort. Zus\u00e4tzliche Abriebfestigkeit an Knien<\/p>\n","protected":false},"featured_media":96612,"template":"","meta":{"_seopress_robots_primary_cat":"","_seopress_titles_title":"","_seopress_titles_desc":"","_seopress_robots_index":""},"product_brand":[3611],"product_cat":[82,1382],"product_tag":[5804],"class_list":{"0":"post-418747","1":"product","2":"type-product","3":"status-publish","4":"has-post-thumbnail","6":"product_brand-arbortec-de-2","7":"product_cat-kleidung","8":"product_cat-arbeitskleidung","9":"product_tag-luzern2025","10":"sws-gruppo-abb-libero-de","11":"sws-categoria-sito-de","12":"sws-conto-ricavi-merci-rivendita-abbigliamento-de","13":"sws-gruppo-iva-iva81-de","15":"first","16":"instock","17":"shipping-taxable","18":"purchasable","19":"product-type-variable"},"_links":{"self":[{"href":"https:\/\/lucacastelli.com\/de\/wp-json\/wp\/v2\/product\/418747","targetHints":{"allow":["GET"]}}],"collection":[{"href":"https:\/\/lucacastelli.com\/de\/wp-json\/wp\/v2\/product"}],"about":[{"href":"https:\/\/lucacastelli.com\/de\/wp-json\/wp\/v2\/types\/product"}],"wp:featuredmedia":[{"embeddable":true,"href":"https:\/\/lucacastelli.com\/de\/wp-json\/wp\/v2\/media\/96612"}],"wp:attachment":[{"href":"https:\/\/lucacastelli.com\/de\/wp-json\/wp\/v2\/media?parent=418747"}],"wp:term":[{"taxonomy":"product_brand","embeddable":true,"href":"https:\/\/lucacastelli.com\/de\/wp-json\/wp\/v2\/product_brand?post=418747"},{"taxonomy":"product_cat","embeddable":true,"href":"https:\/\/lucacastelli.com\/de\/wp-json\/wp\/v2\/product_cat?post=418747"},{"taxonomy":"product_tag","embeddable":true,"href":"https:\/\/lucacastelli.com\/de\/wp-json\/wp\/v2\/product_tag?post=418747"}],"curies":[{"name":"wp","href":"https:\/\/api.w.org\/{rel}","templated":true}]}}