{"id":418723,"date":"2025-02-10T19:43:31","date_gmt":"2025-02-10T18:43:31","guid":{"rendered":"https:\/\/lucacastelli.com\/prodotto\/arbortec-breatheflex-pro-pastell-multi\/"},"modified":"2025-10-18T09:36:04","modified_gmt":"2025-10-18T07:36:04","slug":"arbortec-breatheflex-pro-pastell-multi","status":"publish","type":"product","link":"https:\/\/lucacastelli.com\/de\/produkt\/arbortec-breatheflex-pro-pastell-multi\/","title":{"rendered":"ARBORTEC Breatheflex Pro Pastell Multi"},"content":{"rendered":"<p>Wir stellen die mehrfarbigen Arbortec Breatheflex Pro Pastel Kettens\u00e4gen-Hosen vor! Die erste Charge der mehrfarbigen Hosen wird aus recycelten Materialien hergestellt. Aufbauend auf dem Erfolg unserer urspr\u00fcnglichen Breatheflex Pro Multi-Colour-Linie sind wir stolz, eine neue Kollektion mit eleganten Pastellt\u00f6nen in Lila, Oliv, Beige und Blau zu pr\u00e4sentieren. Diese Hosen verf\u00fcgen \u00fcber die gleichen fortschrittlichen Eigenschaften wie die Breatheflex Pro Serie und bieten optimalen Komfort und Schutz.<br \/>\nBitte beachte: Die Farbkombination dieses Produkts kann variieren.<br \/>\nEigenschaften von Breatheflex Pro<br \/>\nHochfeste Polymer- und Kevlar\u00ae-Konstruktion: Diese Kombination sorgt f\u00fcr leichte Haltbarkeit und sch\u00fctzt dich, ohne dich zu beschweren.<br \/>\nKevlar\u00ae Hohlraum: verhindert Risse und bietet unglaubliche Elastizit\u00e4t f\u00fcr unbegrenzte Bewegung und Flexibilit\u00e4t beim Klettern.<br \/>\nAtmungsaktives Design: Bel\u00fcftungs\u00f6ffnungen mit Rei\u00dfverschluss und eine bequeme Passform erm\u00f6glichen eine optimale Luftzirkulation und halten dich den ganzen Tag \u00fcber k\u00fchl und trocken.<br \/>\nNach unten gerichtete Taschenrei\u00dfverschl\u00fcsse: Kompatibel beim Tragen eines Klettergurtes.<br \/>\nVerst\u00e4rktes Futter um den Kn\u00f6chel: reduziert den Verschlei\u00df durch Dornen und S\u00e4gen.<br \/>\nVerstellbare Passform: Seitliche Klettverschl\u00fcsse sorgen f\u00fcr einen sicheren und bequemen Sitz f\u00fcr alle K\u00f6rpertypen.<br \/>\nFunktionelle Taschen: Cargo- und Handytaschen mit Rei\u00dfverschluss f\u00fcr die sichere Aufbewahrung wichtiger Ausr\u00fcstung.<br \/>\nElastische Schn\u00fcrsenkel: Verhindert, dass S\u00e4gesp\u00e4ne aus den Stiefeln austreten.<\/p>\n<p>Die AT4060 ist eine Hose der Ausf\u00fchrung A (S\u00e4geschutz nur an der Vorderseite der Beine) und der Schutz ist als Klasse 1 (20 m\/s) eingestuft. EN381-5 Klasse 1 (20 m\/s) Design A. <\/p>\n","protected":false},"excerpt":{"rendered":"<p>Wir stellen die mehrfarbigen Arbortec Breatheflex Pro Pastel Kettens\u00e4gen-Hosen vor! Die erste Charge der mehrfarbigen Hosen wird aus recycelten Materialien<\/p>\n","protected":false},"featured_media":96596,"template":"","meta":{"_seopress_robots_primary_cat":"","_seopress_titles_title":"","_seopress_titles_desc":"","_seopress_robots_index":""},"product_brand":[3412],"product_cat":[21,284],"product_tag":[5803],"class_list":{"0":"post-418723","1":"product","2":"type-product","3":"status-publish","4":"has-post-thumbnail","6":"product_brand-arbortec","7":"product_cat-abbigliamento","8":"product_cat-abbigliamento-da-lavoro","9":"product_tag-lucerna2025","10":"sws-gruppo-abb-libero-de","11":"sws-categoria-sito-de","12":"sws-conto-ricavi-merci-rivendita-abbigliamento-de","13":"sws-gruppo-iva-iva81-de","15":"first","16":"instock","17":"shipping-taxable","18":"purchasable","19":"product-type-variable"},"_links":{"self":[{"href":"https:\/\/lucacastelli.com\/de\/wp-json\/wp\/v2\/product\/418723","targetHints":{"allow":["GET"]}}],"collection":[{"href":"https:\/\/lucacastelli.com\/de\/wp-json\/wp\/v2\/product"}],"about":[{"href":"https:\/\/lucacastelli.com\/de\/wp-json\/wp\/v2\/types\/product"}],"wp:featuredmedia":[{"embeddable":true,"href":"https:\/\/lucacastelli.com\/de\/wp-json\/wp\/v2\/media\/96596"}],"wp:attachment":[{"href":"https:\/\/lucacastelli.com\/de\/wp-json\/wp\/v2\/media?parent=418723"}],"wp:term":[{"taxonomy":"product_brand","embeddable":true,"href":"https:\/\/lucacastelli.com\/de\/wp-json\/wp\/v2\/product_brand?post=418723"},{"taxonomy":"product_cat","embeddable":true,"href":"https:\/\/lucacastelli.com\/de\/wp-json\/wp\/v2\/product_cat?post=418723"},{"taxonomy":"product_tag","embeddable":true,"href":"https:\/\/lucacastelli.com\/de\/wp-json\/wp\/v2\/product_tag?post=418723"}],"curies":[{"name":"wp","href":"https:\/\/api.w.org\/{rel}","templated":true}]}}