{"id":418699,"date":"2025-02-10T18:38:29","date_gmt":"2025-02-10T17:38:29","guid":{"rendered":"https:\/\/lucacastelli.com\/prodotto\/arbortec-breatheflex-pro-mehrfarbig\/"},"modified":"2025-12-04T11:42:53","modified_gmt":"2025-12-04T10:42:53","slug":"arbortec-breatheflex-pro-mehrfarbig","status":"publish","type":"product","link":"https:\/\/lucacastelli.com\/de\/produkt\/arbortec-breatheflex-pro-mehrfarbig\/","title":{"rendered":"ARBORTEC Breatheflex Pro Mehrfarbig"},"content":{"rendered":"<p>PRODUKTBESCHREIBUNG:<br \/>\nBitte beachte: Die Farbkombination dieses Produkts kann variieren.  <\/p>\n<p>Die Breatheflex Pro Kettens\u00e4gen Hosen wurden speziell f\u00fcr Baumpfleger entwickelt. Es kommt auf das Gewicht und die Leistung der Hose mit hochfesten Polymeren und Kevlar\u00ae an. <\/p>\n<p>Um den Komfort der Hose zu erh\u00f6hen, haben wir Bel\u00fcftungs\u00f6ffnungen mit Rei\u00dfverschluss und vorgeformte Knie eingebaut. All das macht die Pro Design A Kettens\u00e4genhose leicht, bequem und atmungsaktiv, perfekt f\u00fcr die Arbeit im Feld oder beim Klettern. <\/p>\n<p>Diese technische Hose hat eine engere Passform, aber die Gr\u00f6\u00dfe kann dank der seitlichen Klettverschl\u00fcsse angepasst werden.  <\/p>\n<p>Die AT4060 ist eine Hose der Ausf\u00fchrung A (S\u00e4geschutz nur an der Vorderseite der Beine) und der Schutz ist als Klasse 1 (20 m\/s) eingestuft. EN381-5 Klasse 1 (20 m\/s) Design A. <\/p>\n<p>EIGENSCHAFTEN UND VORTEILE:<br \/>\nVerst\u00e4rkte N\u00e4hte in hochbeanspruchten Bereichen: St\u00e4rkere Konstruktion f\u00fcr haltbarere Hosen.<br \/>\nKevlar-Verst\u00e4rkung im Unterschenkel: Abriebfestigkeit.<br \/>\nNach unten gerichtete Taschenrei\u00dfverschl\u00fcsse: Kompatibel beim Tragen eines Klettergurtes.<br \/>\nVerst\u00e4rktes Futter um den Kn\u00f6chel: reduziert den Verschlei\u00df von Nadeln und S\u00e4gen.<br \/>\nCargo- und Handytaschen mit Rei\u00dfverschluss: halten Sp\u00e4ne und Staub fern.<br \/>\nSeitliche Klettverschl\u00fcsse: Passe die Taillenweite nach Bedarf an.<br \/>\nElastische Schn\u00fcrsenkel: Verringert das Eindringen von S\u00e4gemehl in die Stiefel.<br \/>\nBel\u00fcftungs\u00f6ffnungen: Die Bel\u00fcftungs\u00f6ffnungen mit Rei\u00dfverschluss befinden sich auf der R\u00fcckseite des Beins, um die Temperatur der Hose w\u00e4hrend der Arbeit zu reduzieren.<\/p>\n<p>Zus\u00e4tzliche Beingr\u00f6\u00dfe: Die Breatheflex Pro Lime Kettens\u00e4gen Hose ist mit 31&#8243; normalem Bein und 33&#8243; hohem Bein erh\u00e4ltlich.<\/p>\n<p>Gr\u00f6\u00dfen: Die Taillengr\u00f6\u00dfen reichen von XS bis 3XL. Die Ma\u00dfe in Zoll\/cm findest du in der Gr\u00f6\u00dfentabelle oben. <\/p>\n","protected":false},"excerpt":{"rendered":"<p>PRODUKTBESCHREIBUNG: Bitte beachte: Die Farbkombination dieses Produkts kann variieren. Die Breatheflex Pro Kettens\u00e4gen Hosen wurden speziell f\u00fcr Baumpfleger entwickelt. Es<\/p>\n","protected":false},"featured_media":96588,"template":"","meta":{"_seopress_robots_primary_cat":"","_seopress_titles_title":"","_seopress_titles_desc":"","_seopress_robots_index":""},"product_brand":[3611],"product_cat":[1382,82],"product_tag":[5804],"class_list":{"0":"post-418699","1":"product","2":"type-product","3":"status-publish","4":"has-post-thumbnail","6":"product_brand-arbortec-de-2","7":"product_cat-arbeitskleidung","8":"product_cat-kleidung","9":"product_tag-luzern2025","10":"sws-gruppo-abb-libero-de","11":"sws-categoria-sito-de","12":"sws-conto-ricavi-merci-rivendita-abbigliamento-de","13":"sws-gruppo-iva-iva81-de","15":"first","16":"instock","17":"shipping-taxable","18":"purchasable","19":"product-type-variable"},"_links":{"self":[{"href":"https:\/\/lucacastelli.com\/de\/wp-json\/wp\/v2\/product\/418699","targetHints":{"allow":["GET"]}}],"collection":[{"href":"https:\/\/lucacastelli.com\/de\/wp-json\/wp\/v2\/product"}],"about":[{"href":"https:\/\/lucacastelli.com\/de\/wp-json\/wp\/v2\/types\/product"}],"wp:featuredmedia":[{"embeddable":true,"href":"https:\/\/lucacastelli.com\/de\/wp-json\/wp\/v2\/media\/96588"}],"wp:attachment":[{"href":"https:\/\/lucacastelli.com\/de\/wp-json\/wp\/v2\/media?parent=418699"}],"wp:term":[{"taxonomy":"product_brand","embeddable":true,"href":"https:\/\/lucacastelli.com\/de\/wp-json\/wp\/v2\/product_brand?post=418699"},{"taxonomy":"product_cat","embeddable":true,"href":"https:\/\/lucacastelli.com\/de\/wp-json\/wp\/v2\/product_cat?post=418699"},{"taxonomy":"product_tag","embeddable":true,"href":"https:\/\/lucacastelli.com\/de\/wp-json\/wp\/v2\/product_tag?post=418699"}],"curies":[{"name":"wp","href":"https:\/\/api.w.org\/{rel}","templated":true}]}}