{"id":418643,"date":"2025-02-10T17:44:30","date_gmt":"2025-02-10T16:44:30","guid":{"rendered":"https:\/\/lucacastelli.com\/prodotto\/arbortec-breathflex-pro-orange\/"},"modified":"2026-02-19T12:47:29","modified_gmt":"2026-02-19T11:47:29","slug":"arbortec-breathflex-pro-orange","status":"publish","type":"product","link":"https:\/\/lucacastelli.com\/de\/produkt\/arbortec-breathflex-pro-orange\/","title":{"rendered":"ARBORTEC BREATHFLEX PRO ORANGE"},"content":{"rendered":"<p>PRODUKTBESCHREIBUNG:<br \/>\nBei der Breatheflex Pro kommt es vor allem auf das Gewicht und die Leistung der Hose an. Dank des hochfesten Polymers k\u00f6nnen wir garantieren, dass diese Hose dich gut sch\u00fctzt und dir trotzdem die n\u00f6tige Flexibilit\u00e4t bietet, um dich auf der Baustelle und in den Baumkronen m\u00fchelos zu bewegen. <\/p>\n<p>Die Hose ist mit einem unglaublich widerstandsf\u00e4higen, abriebfesten und reflektierenden Panel an den Knien und Kn\u00f6cheln ausgestattet.  <\/p>\n<p>Der Schritt ist aus Kevlar, um Risse zu vermeiden, und der Stoff ist unglaublich elastisch, um maximale Bewegungsfreiheit und Flexibilit\u00e4t in den B\u00e4umen zu erm\u00f6glichen.<\/p>\n<p>Aufgrund von Kundenr\u00fcckmeldungen wurde die Hose mit einem brandneuen Futter ausgestattet, das unvergleichlichen Komfort bietet und keine S\u00e4gesp\u00e4ne oder Beinhaare mehr im Material der Hosenbeine einschlie\u00dft.<\/p>\n<p>Breatheflex Pro Hi-Vis erf\u00fcllt die Anforderungen der EN ISO 20471 RIS &#8211; 3279 -TOM.<\/p>\n<p>EIGENSCHAFTEN UND VORTEILE:<br \/>\nVerstellbarer Bund.<br \/>\nNierenpolster auf der R\u00fcckseite der Hose f\u00fcr Hosentr\u00e4ger.<br \/>\nElastische Haken unten an der Hose zur Befestigung an den Schn\u00fcrsenkeln.<br \/>\nYKK-Rei\u00dfverschl\u00fcsse an allen Taschen mit abgeklebten N\u00e4hten.<br \/>\nSchlitze auf der R\u00fcckseite der Hose (nur beim A-Modell).<br \/>\nHosenschutz Design A (Schutz mit S\u00e4gen nur auf der Vorderseite der Beine) ist als Klasse 1 (20 m\/s) eingestuft. EN381-5 Klasse 1 (20 m\/s) Design A.<br \/>\nEntspricht der EN ISO 20471 RIS &#8211; 3279 -TOM.<br \/>\nErh\u00e4ltlich mit normalem und hohem Bein.   <\/p>\n<p>STANDARDS F\u00dcR KETTS\u00c4GEN:<br \/>\nDie AT4060 ist eine Hose der Ausf\u00fchrung A (Kettens\u00e4genschutz auf der Vorderseite des Beins) und der Schutz ist als zweitklassig eingestuft:<\/p>\n<p>ATHV4060 &#8211; Klasse 1 (20 m\/s) EN 381-5 Design A.<br \/>\nErf\u00fcllt EN ISO 20471 RIS &#8211; 3279 -TOM.<br \/>\nWie die Breatheflex Pro-Reihe elektrischen und benzinbetriebenen Kettens\u00e4gen standh\u00e4lt, erf\u00e4hrst du unter den folgenden Links.<\/p>\n","protected":false},"excerpt":{"rendered":"<p>PRODUKTBESCHREIBUNG: Bei der Breatheflex Pro kommt es vor allem auf das Gewicht und die Leistung der Hose an. Dank des<\/p>\n","protected":false},"featured_media":96570,"template":"","meta":{"_seopress_robots_primary_cat":"","_seopress_titles_title":"","_seopress_titles_desc":"","_seopress_robots_index":""},"product_brand":[3611],"product_cat":[82,1382],"product_tag":[5804],"class_list":{"0":"post-418643","1":"product","2":"type-product","3":"status-publish","4":"has-post-thumbnail","6":"product_brand-arbortec-de-2","7":"product_cat-kleidung","8":"product_cat-arbeitskleidung","9":"product_tag-luzern2025","10":"sws-gruppo-abb-libero-de","11":"sws-categoria-sito-de","12":"sws-conto-ricavi-merci-rivendita-abbigliamento-de","13":"sws-gruppo-iva-iva81-de","15":"first","16":"instock","17":"shipping-taxable","18":"purchasable","19":"product-type-variable"},"_links":{"self":[{"href":"https:\/\/lucacastelli.com\/de\/wp-json\/wp\/v2\/product\/418643","targetHints":{"allow":["GET"]}}],"collection":[{"href":"https:\/\/lucacastelli.com\/de\/wp-json\/wp\/v2\/product"}],"about":[{"href":"https:\/\/lucacastelli.com\/de\/wp-json\/wp\/v2\/types\/product"}],"wp:featuredmedia":[{"embeddable":true,"href":"https:\/\/lucacastelli.com\/de\/wp-json\/wp\/v2\/media\/96570"}],"wp:attachment":[{"href":"https:\/\/lucacastelli.com\/de\/wp-json\/wp\/v2\/media?parent=418643"}],"wp:term":[{"taxonomy":"product_brand","embeddable":true,"href":"https:\/\/lucacastelli.com\/de\/wp-json\/wp\/v2\/product_brand?post=418643"},{"taxonomy":"product_cat","embeddable":true,"href":"https:\/\/lucacastelli.com\/de\/wp-json\/wp\/v2\/product_cat?post=418643"},{"taxonomy":"product_tag","embeddable":true,"href":"https:\/\/lucacastelli.com\/de\/wp-json\/wp\/v2\/product_tag?post=418643"}],"curies":[{"name":"wp","href":"https:\/\/api.w.org\/{rel}","templated":true}]}}