{"id":418615,"date":"2025-11-19T13:35:50","date_gmt":"2025-11-19T12:35:50","guid":{"rendered":"https:\/\/lucacastelli.com\/prodotto\/arbortec-kudu-plus-gelb\/"},"modified":"2025-12-22T15:03:01","modified_gmt":"2025-12-22T14:03:01","slug":"arbortec-kudu-plus-gelb","status":"publish","type":"product","link":"https:\/\/lucacastelli.com\/de\/produkt\/arbortec-kudu-plus-gelb\/","title":{"rendered":"ARBORTEC KUDU PLUS GELB"},"content":{"rendered":"<p>PRODUKTBESCHREIBUNG<br \/>\nKudu Plus ist eine l\u00e4ssige und stylische Jacke mit einem Frontrei\u00dfverschluss. Eine ideale zus\u00e4tzliche Schicht, die du bei der Arbeit oder im Freien tragen kannst.<br \/>\nDie Jacke verf\u00fcgt \u00fcber eine gro\u00dfz\u00fcgige R\u00fccken- und Arml\u00e4nge f\u00fcr mehr Bewegungsfreiheit und \u00c4rmelb\u00fcndchen mit integrierten Daumenschlaufen.<br \/>\nEine gro\u00dfe Brusttasche bietet Platz f\u00fcr ein Smartphone und hat einen internen Zugang f\u00fcr Kopfh\u00f6rer.<br \/>\nEIGENSCHAFTEN<br \/>\nTelefontasche mit Medienanschluss<br \/>\nGro\u00dfe Innentaschen mit integriertem Schl\u00fcsselanh\u00e4nger<br \/>\nM\u00e9lange-Strickdesign <\/p>\n","protected":false},"excerpt":{"rendered":"<p>PRODUKTBESCHREIBUNG Kudu Plus ist eine l\u00e4ssige und stylische Jacke mit einem Frontrei\u00dfverschluss. Eine ideale zus\u00e4tzliche Schicht, die du bei der<\/p>\n","protected":false},"featured_media":49262,"template":"","meta":{"_seopress_robots_primary_cat":"","_seopress_titles_title":"","_seopress_titles_desc":"","_seopress_robots_index":""},"product_brand":[3611],"product_cat":[1382,974,975,82],"product_tag":[5804],"class_list":{"0":"post-418615","1":"product","2":"type-product","3":"status-publish","4":"has-post-thumbnail","6":"product_brand-arbortec-de-2","7":"product_cat-arbeitskleidung","8":"product_cat-freizeitkleidung","9":"product_cat-herrenbekleidung","10":"product_cat-kleidung","11":"product_tag-luzern2025","12":"sws-gruppo-abb-libero-de","13":"sws-categoria-sito-de","14":"sws-conto-ricavi-merci-rivendita-abbigliamento-de","15":"sws-gruppo-iva-iva81-de","17":"first","18":"instock","19":"shipping-taxable","20":"purchasable","21":"product-type-variable"},"_links":{"self":[{"href":"https:\/\/lucacastelli.com\/de\/wp-json\/wp\/v2\/product\/418615","targetHints":{"allow":["GET"]}}],"collection":[{"href":"https:\/\/lucacastelli.com\/de\/wp-json\/wp\/v2\/product"}],"about":[{"href":"https:\/\/lucacastelli.com\/de\/wp-json\/wp\/v2\/types\/product"}],"wp:featuredmedia":[{"embeddable":true,"href":"https:\/\/lucacastelli.com\/de\/wp-json\/wp\/v2\/media\/49262"}],"wp:attachment":[{"href":"https:\/\/lucacastelli.com\/de\/wp-json\/wp\/v2\/media?parent=418615"}],"wp:term":[{"taxonomy":"product_brand","embeddable":true,"href":"https:\/\/lucacastelli.com\/de\/wp-json\/wp\/v2\/product_brand?post=418615"},{"taxonomy":"product_cat","embeddable":true,"href":"https:\/\/lucacastelli.com\/de\/wp-json\/wp\/v2\/product_cat?post=418615"},{"taxonomy":"product_tag","embeddable":true,"href":"https:\/\/lucacastelli.com\/de\/wp-json\/wp\/v2\/product_tag?post=418615"}],"curies":[{"name":"wp","href":"https:\/\/api.w.org\/{rel}","templated":true}]}}