{"id":418578,"date":"2025-02-11T20:00:46","date_gmt":"2025-02-11T19:00:46","guid":{"rendered":"https:\/\/lucacastelli.com\/prodotto\/arbortec-heavy-duty-breathedry-jacke-mit-durchgehendem-reissverschluss\/"},"modified":"2025-09-30T11:59:13","modified_gmt":"2025-09-30T09:59:13","slug":"arbortec-heavy-duty-breathedry-jacke-mit-durchgehendem-reissverschluss","status":"publish","type":"product","link":"https:\/\/lucacastelli.com\/de\/produkt\/arbortec-heavy-duty-breathedry-jacke-mit-durchgehendem-reissverschluss\/","title":{"rendered":"Arbortec Heavy Duty Full Zip Breathedry\u00ae Jacket"},"content":{"rendered":"<p>Die Arbortec HD Jacke ist ein technisches Kleidungsst\u00fcck aus 3-lagigem, laminiertem, wasserdichtem Gewebe aus 100% Polyester. Arbortec hat mit Porelle Membrane zusammengearbeitet, um das perfekte wasserdichte und atmungsaktive Kleidungsst\u00fcck (Wasserdichtigkeit 17.000 mm2) zu entwickeln. Die Jacke entspricht der EN 343:2019, Klasse 4.3 (Wasserdichtigkeit und Atmungsaktivit\u00e4t).<br \/>\nWir haben die am st\u00e4rksten beanspruchten Bereiche mit abriebfestem Material verst\u00e4rkt, um die Haltbarkeit unter schwierigen Bedingungen zu erh\u00f6hen. Das verst\u00e4rkte Material ist mit einer gegliederten sechseckigen Struktur versehen, die f\u00fcr eine bequeme Passform und mehr Beweglichkeit sorgt.<br \/>\nDer lange R\u00fccken der Jacken l\u00e4sst das Wasser nach oben ablaufen. Der lange R\u00fccken kann auch hinter dem Gurtzeug verstaut werden, um zu verhindern, dass die Jacken am R\u00fccken hochrutschen.<br \/>\nDie gro\u00dfe Kapuze ist helmtauglich und hat ein formbares Visier. Die Kapuze kann abgenommen oder auf der R\u00fcckseite der Jacke verstaut werden.<br \/>\nGro\u00dfe Rei\u00dfverschlusstasche auf der Vorderseite der Jacke mit wasserdichten Rei\u00dfverschl\u00fcssen und winddichter Klappe. Eine verdeckte Brusttasche ist ebenfalls enthalten, die durch die gro\u00dfe winddichte Klappe, die den Hauptrei\u00dfverschluss auf der Brust abdeckt, gesch\u00fctzt ist.<br \/>\nStil: Jacke mit durchgehendem Rei\u00dfverschluss<br \/>\nFarben: rot<br \/>\nDurchschnittsgewicht: 1,1 kg<br \/>\nNorm: EN 343:2019, Klasse 4.3 (wasserdicht und atmungsaktiv)<br \/>\nGr\u00f6\u00dfen: XS &#8211; 5XL<br \/>\nEigenschaften:<br \/>\nPorell Membranen 3-Lagen-Gewebe laminiert wasserdicht und atmungsaktiv 100% Polyester. (&gt;17.000 mm2 wasserdicht)<br \/>\nVerst\u00e4rkte Patches an Schultern, Ellbogen und Unterarmen aus sechseckigem Gewebe [mit geometrischen Mustern<br \/>\nGro\u00dfe, verstellbare Kapuze mit anpassbarem Visier. Die Kapuze kann abgenommen oder auf der R\u00fcckseite der Jacke verstaut werden.<br \/>\nSchutzklappen an Rei\u00dfverschl\u00fcssen und wasserdichte Rei\u00dfverschl\u00fcsse. Und robuste Druckkn\u00f6pfe.<br \/>\nLanger R\u00fccken, damit das Wasser von oben ablaufen kann. F\u00fcr Kletterer kann die Jacke hinter dem Klettergurt verstaut werden<br \/>\nInnenkordeln f\u00fcr einen besseren Sitz der Jacke<br \/>\nRei\u00dfverschl\u00fcsse unter den Armen zur Bel\u00fcftung<br \/>\nKlettverschlussb\u00fcndchen<br \/>\nHigh-Visibility-Paspeln<br \/>\nHigh-Visibility-Jacken sind mit hochsichtbaren sechseckigen reflektierenden Aufklebern ausgestattet      <\/p>\n","protected":false},"excerpt":{"rendered":"<p>Die Arbortec HD Jacke ist ein technisches Kleidungsst\u00fcck aus 3-lagigem, laminiertem, wasserdichtem Gewebe aus 100% Polyester. Arbortec hat mit Porelle<\/p>\n","protected":false},"featured_media":96697,"template":"","meta":{"_seopress_robots_primary_cat":"","_seopress_titles_title":"","_seopress_titles_desc":"","_seopress_robots_index":""},"product_brand":[3611],"product_cat":[82,1382],"product_tag":[5804],"class_list":{"0":"post-418578","1":"product","2":"type-product","3":"status-publish","4":"has-post-thumbnail","6":"product_brand-arbortec-de-2","7":"product_cat-kleidung","8":"product_cat-arbeitskleidung","9":"product_tag-luzern2025","10":"sws-gruppo-abb-libero-de","11":"sws-categoria-sito-de","12":"sws-conto-ricavi-merci-rivendita-abbigliamento-de","13":"sws-gruppo-iva-iva81-de","15":"first","16":"instock","17":"shipping-taxable","18":"purchasable","19":"product-type-variable"},"_links":{"self":[{"href":"https:\/\/lucacastelli.com\/de\/wp-json\/wp\/v2\/product\/418578","targetHints":{"allow":["GET"]}}],"collection":[{"href":"https:\/\/lucacastelli.com\/de\/wp-json\/wp\/v2\/product"}],"about":[{"href":"https:\/\/lucacastelli.com\/de\/wp-json\/wp\/v2\/types\/product"}],"wp:featuredmedia":[{"embeddable":true,"href":"https:\/\/lucacastelli.com\/de\/wp-json\/wp\/v2\/media\/96697"}],"wp:attachment":[{"href":"https:\/\/lucacastelli.com\/de\/wp-json\/wp\/v2\/media?parent=418578"}],"wp:term":[{"taxonomy":"product_brand","embeddable":true,"href":"https:\/\/lucacastelli.com\/de\/wp-json\/wp\/v2\/product_brand?post=418578"},{"taxonomy":"product_cat","embeddable":true,"href":"https:\/\/lucacastelli.com\/de\/wp-json\/wp\/v2\/product_cat?post=418578"},{"taxonomy":"product_tag","embeddable":true,"href":"https:\/\/lucacastelli.com\/de\/wp-json\/wp\/v2\/product_tag?post=418578"}],"curies":[{"name":"wp","href":"https:\/\/api.w.org\/{rel}","templated":true}]}}