{"id":418569,"date":"2025-02-12T07:15:44","date_gmt":"2025-02-12T06:15:44","guid":{"rendered":"https:\/\/lucacastelli.com\/prodotto\/arbortec-heavy-duty-hosentraeger-fuer-kettensaegenhosen\/"},"modified":"2025-12-25T13:14:02","modified_gmt":"2025-12-25T12:14:02","slug":"arbortec-heavy-duty-hosentraeger-fuer-kettensaegenhosen","status":"publish","type":"product","link":"https:\/\/lucacastelli.com\/de\/produkt\/arbortec-heavy-duty-hosentraeger-fuer-kettensaegenhosen\/","title":{"rendered":"Arbortec Heavy Duty Hosentr\u00e4ger f\u00fcr Kettens\u00e4genhosen"},"content":{"rendered":"<p>Erg\u00e4nze deine Forstbekleidung mit den Arbortec Hosentr\u00e4gern f\u00fcr Holzf\u00e4llerhosen, die f\u00fcr un\u00fcbertroffenen Komfort und Haltbarkeit in anspruchsvollen Arbeitsumgebungen entwickelt wurden. Die Hosentr\u00e4ger aus strapazierf\u00e4higem 5-cm-Stretch-Gewebe bieten starken Halt, indem sie das Gewicht der Hose effektiv verteilen und die Belastung bei l\u00e4ngerem Gebrauch minimieren.<br \/>\nDie weiche, komfortable Oberfl\u00e4che verbessert den Tragekomfort den ganzen Tag \u00fcber. Die Stahlversteller erm\u00f6glichen eine m\u00fchelose Anpassung und sorgen f\u00fcr einen sicheren, auf deine Vorlieben zugeschnittenen Sitz.<x id=\"gid_1\"><\/x>27 cm lang, bietet das R\u00fcckenteil dieser Hosentr\u00e4ger reichlich Abdeckung und Halt. Dar\u00fcber hinaus bieten die verstellbaren Schultergurte mit einer L\u00e4nge von 45 cm bis 85 cm Vielseitigkeit, um sich an verschiedene K\u00f6rpertypen und Vorlieben anzupassen.<br \/>\nEntdecke die Arbortec-Gurte f\u00fcr Holzf\u00e4llerhosen, um die perfekte Kombination aus Komfort, Haltbarkeit und Funktionalit\u00e4t zu erleben, mit der du die Forstarbeit mit Selbstvertrauen und Leichtigkeit angehen kannst.<br \/>\nMERKMALE:<br \/>\nStrapazierf\u00e4higes, 5 cm langes Stretchgewebe.<br \/>\nWeiche und komfortable Verarbeitung.<br \/>\nStahlversteller.<br \/>\nR\u00fcckenl\u00e4nge: 27 cm.<br \/>\nSchultergurtl\u00e4nge: verstellbar von 45 bis 85 cm.   <\/p>\n","protected":false},"excerpt":{"rendered":"<p>Erg\u00e4nze deine Forstbekleidung mit den Arbortec Hosentr\u00e4gern f\u00fcr Holzf\u00e4llerhosen, die f\u00fcr un\u00fcbertroffenen Komfort und Haltbarkeit in anspruchsvollen Arbeitsumgebungen entwickelt wurden.<\/p>\n","protected":false},"featured_media":96716,"template":"","meta":{"_seopress_robots_primary_cat":"","_seopress_titles_title":"","_seopress_titles_desc":"","_seopress_robots_index":""},"product_brand":[3611],"product_cat":[82,1382],"product_tag":[5804],"class_list":{"0":"post-418569","1":"product","2":"type-product","3":"status-publish","4":"has-post-thumbnail","6":"product_brand-arbortec-de-2","7":"product_cat-kleidung","8":"product_cat-arbeitskleidung","9":"product_tag-luzern2025","10":"sws-gruppo-abb-libero-de","11":"sws-categoria-sito-de","12":"sws-conto-ricavi-merci-rivendita-abbigliamento-de","13":"sws-gruppo-iva-iva81-de","15":"first","16":"instock","17":"sale","18":"shipping-taxable","19":"purchasable","20":"product-type-simple"},"_links":{"self":[{"href":"https:\/\/lucacastelli.com\/de\/wp-json\/wp\/v2\/product\/418569","targetHints":{"allow":["GET"]}}],"collection":[{"href":"https:\/\/lucacastelli.com\/de\/wp-json\/wp\/v2\/product"}],"about":[{"href":"https:\/\/lucacastelli.com\/de\/wp-json\/wp\/v2\/types\/product"}],"wp:featuredmedia":[{"embeddable":true,"href":"https:\/\/lucacastelli.com\/de\/wp-json\/wp\/v2\/media\/96716"}],"wp:attachment":[{"href":"https:\/\/lucacastelli.com\/de\/wp-json\/wp\/v2\/media?parent=418569"}],"wp:term":[{"taxonomy":"product_brand","embeddable":true,"href":"https:\/\/lucacastelli.com\/de\/wp-json\/wp\/v2\/product_brand?post=418569"},{"taxonomy":"product_cat","embeddable":true,"href":"https:\/\/lucacastelli.com\/de\/wp-json\/wp\/v2\/product_cat?post=418569"},{"taxonomy":"product_tag","embeddable":true,"href":"https:\/\/lucacastelli.com\/de\/wp-json\/wp\/v2\/product_tag?post=418569"}],"curies":[{"name":"wp","href":"https:\/\/api.w.org\/{rel}","templated":true}]}}