{"id":418564,"date":"2025-02-11T19:44:25","date_gmt":"2025-02-11T18:44:25","guid":{"rendered":"https:\/\/lucacastelli.com\/prodotto\/arbortec-breatheflex-performance-arbeitsjacke\/"},"modified":"2025-09-30T11:59:14","modified_gmt":"2025-09-30T09:59:14","slug":"arbortec-breatheflex-performance-arbeitsjacke","status":"publish","type":"product","link":"https:\/\/lucacastelli.com\/de\/produkt\/arbortec-breatheflex-performance-arbeitsjacke\/","title":{"rendered":"Arbortec Breatheflex Performance Arbeitsjacke"},"content":{"rendered":"<p>PRODUKTBESCHREIBUNG:<br \/>\nEine stilvolle, bequeme und strapazierf\u00e4hige Jacke in den unverwechselbaren und eleganten Farben der Breatheflex-Reihe. Sie verf\u00fcgt \u00fcber das charakteristische 6-Wege-Stretch NB-Gewebe der Reihe. Dieses Kleidungsst\u00fcck ist nicht mit einem Kettens\u00e4genschutz ausgestattet.<br \/>\nAT4000  <\/p>\n","protected":false},"excerpt":{"rendered":"<p>PRODUKTBESCHREIBUNG: Eine stilvolle, bequeme und strapazierf\u00e4hige Jacke in den unverwechselbaren und eleganten Farben der Breatheflex-Reihe. Sie verf\u00fcgt \u00fcber das charakteristische<\/p>\n","protected":false},"featured_media":96685,"template":"","meta":{"_seopress_robots_primary_cat":"","_seopress_titles_title":"","_seopress_titles_desc":"","_seopress_robots_index":""},"product_brand":[3611],"product_cat":[82,1382],"product_tag":[5804],"class_list":{"0":"post-418564","1":"product","2":"type-product","3":"status-publish","4":"has-post-thumbnail","6":"product_brand-arbortec-de-2","7":"product_cat-kleidung","8":"product_cat-arbeitskleidung","9":"product_tag-luzern2025","10":"sws-gruppo-abb-libero-de","11":"sws-categoria-sito-de","12":"sws-conto-ricavi-merci-rivendita-abbigliamento-de","13":"sws-gruppo-iva-iva81-de","15":"first","16":"instock","17":"shipping-taxable","18":"purchasable","19":"product-type-variable"},"_links":{"self":[{"href":"https:\/\/lucacastelli.com\/de\/wp-json\/wp\/v2\/product\/418564","targetHints":{"allow":["GET"]}}],"collection":[{"href":"https:\/\/lucacastelli.com\/de\/wp-json\/wp\/v2\/product"}],"about":[{"href":"https:\/\/lucacastelli.com\/de\/wp-json\/wp\/v2\/types\/product"}],"wp:featuredmedia":[{"embeddable":true,"href":"https:\/\/lucacastelli.com\/de\/wp-json\/wp\/v2\/media\/96685"}],"wp:attachment":[{"href":"https:\/\/lucacastelli.com\/de\/wp-json\/wp\/v2\/media?parent=418564"}],"wp:term":[{"taxonomy":"product_brand","embeddable":true,"href":"https:\/\/lucacastelli.com\/de\/wp-json\/wp\/v2\/product_brand?post=418564"},{"taxonomy":"product_cat","embeddable":true,"href":"https:\/\/lucacastelli.com\/de\/wp-json\/wp\/v2\/product_cat?post=418564"},{"taxonomy":"product_tag","embeddable":true,"href":"https:\/\/lucacastelli.com\/de\/wp-json\/wp\/v2\/product_tag?post=418564"}],"curies":[{"name":"wp","href":"https:\/\/api.w.org\/{rel}","templated":true}]}}