{"id":418537,"date":"2022-06-15T00:39:47","date_gmt":"2022-06-14T22:39:47","guid":{"rendered":"https:\/\/lucacastelli.com\/prodotto\/fiskars-pro-spalthammer\/"},"modified":"2025-09-03T08:17:04","modified_gmt":"2025-09-03T06:17:04","slug":"fiskars-pro-spalthammer","status":"publish","type":"product","link":"https:\/\/lucacastelli.com\/de\/produkt\/fiskars-pro-spalthammer\/","title":{"rendered":"FISKARS Pro Spalthammer"},"content":{"rendered":"<p>Keilf\u00f6rmige Klinge mit scharfer Schneide und gro\u00dfer Schlagplatte. Kopfgewicht 3600 g. IsoCore. Einzigartiges Anti-Vibrations-System f\u00fcr 50% weniger Vibrationen und ergonomischer Griff. Gesamtl\u00e4nge 91,4 cm. Gewicht 4720 g.     <\/p>\n","protected":false},"excerpt":{"rendered":"<p>Keilf\u00f6rmige Klinge mit scharfer Schneide und gro\u00dfer Schlagplatte. Kopfgewicht 3600 g. IsoCore. Einzigartiges Anti-Vibrations-System f\u00fcr 50% weniger Vibrationen und ergonomischer<\/p>\n","protected":false},"featured_media":69216,"template":"","meta":{"_seopress_robots_primary_cat":"","_seopress_titles_title":"","_seopress_titles_desc":"","_seopress_robots_index":""},"product_brand":[3630],"product_cat":[1396,150,1494],"product_tag":[],"class_list":{"0":"post-418537","1":"product","2":"type-product","3":"status-publish","4":"has-post-thumbnail","6":"product_brand-fiskars-de","7":"product_cat-arbeitsausrustung","8":"product_cat-ausrustung","9":"product_cat-sonstige-arbeitsausrustung","10":"sws-gruppo-attrezz-en","11":"sws-conto-ricavi-merci-rivendita-macchinari","12":"sws-gruppo-iva-iva81","14":"first","15":"instock","16":"shipping-taxable","17":"purchasable","18":"product-type-simple"},"_links":{"self":[{"href":"https:\/\/lucacastelli.com\/de\/wp-json\/wp\/v2\/product\/418537","targetHints":{"allow":["GET"]}}],"collection":[{"href":"https:\/\/lucacastelli.com\/de\/wp-json\/wp\/v2\/product"}],"about":[{"href":"https:\/\/lucacastelli.com\/de\/wp-json\/wp\/v2\/types\/product"}],"wp:featuredmedia":[{"embeddable":true,"href":"https:\/\/lucacastelli.com\/de\/wp-json\/wp\/v2\/media\/69216"}],"wp:attachment":[{"href":"https:\/\/lucacastelli.com\/de\/wp-json\/wp\/v2\/media?parent=418537"}],"wp:term":[{"taxonomy":"product_brand","embeddable":true,"href":"https:\/\/lucacastelli.com\/de\/wp-json\/wp\/v2\/product_brand?post=418537"},{"taxonomy":"product_cat","embeddable":true,"href":"https:\/\/lucacastelli.com\/de\/wp-json\/wp\/v2\/product_cat?post=418537"},{"taxonomy":"product_tag","embeddable":true,"href":"https:\/\/lucacastelli.com\/de\/wp-json\/wp\/v2\/product_tag?post=418537"}],"curies":[{"name":"wp","href":"https:\/\/api.w.org\/{rel}","templated":true}]}}