{"id":418461,"date":"2023-11-08T14:20:13","date_gmt":"2023-11-08T13:20:13","guid":{"rendered":"https:\/\/lucacastelli.com\/prodotto\/pfanner-gladiator-keprotec-schnittschutzschlauch-light-untervariante\/"},"modified":"2026-04-17T23:43:26","modified_gmt":"2026-04-17T21:43:26","slug":"pfanner-gladiator-keprotec-schnittschutzschlauch-light-untervariante","status":"publish","type":"product","link":"https:\/\/lucacastelli.com\/de\/produkt\/pfanner-gladiator-keprotec-schnittschutzschlauch-light-untervariante\/","title":{"rendered":"PFANNER Gladiator Keprotec Light Schnittschutzhose"},"content":{"rendered":"<p>Die Schnittschutzhose Gladiator\u00ae Keprotec Light ist durch das atmungsaktive Gewebe im Schritt- und Ges\u00e4\u00dfbereich noch leichter und angenehmer zu tragen. Ziel der Entwicklung war es, eine praktische Schnittschutzhose f\u00fcr hei\u00dfe Tage in gewohnter Pfanner-Qualit\u00e4t zu einem attraktiven Preis zu realisieren. Diese Schnittschutzhose richtet sich an alle, die auch im Sommer nicht auf Schnittschutz verzichten k\u00f6nnen. Sie ist ausgestattet mit Gladiator\u00ae-Verst\u00e4rkungen an den Knien, einer Ges\u00e4\u00dftasche, Seitentaschen und Zollstocktasche sowie zwei Fronttaschen. Das atmungsaktive Gewebe garantiert optimalen Komfort auch an hei\u00dfesten Tagen.<br \/>\n-Schnittschutz Klasse 1<br \/>\n-Keprotec-Gewebe an Oberschenkel- und Wadenvorderseite sowie im Fersenbereich<br \/>\n-Gladiator\u00ae-Verst\u00e4rkungen an den Knien<br \/>\n-Rei\u00dffestes 4Way-Stretch-Gewebe<br \/>\n-Ges\u00e4\u00df-, Seiten- und Zollstocktaschen<br \/>\n-Bel\u00fcftungsschlitze auf beiden Seiten<br \/>\n-Erh\u00f6hter R\u00fcckenteil (Nierenschutz)<br \/>\n-Reflektierendes Icon an linker Wade<br \/>\n-Sommerversion mit atmungsaktivem Gewebe im Schritt- und Ges\u00e4\u00dfbereich    <\/p>\n<p>Material:<br \/>\nStretch-Gewebe: 92% Polyamid, 8% Elastan<br \/>\nKnieverst\u00e4rkung: 100% Polyamid<br \/>\nFutter: 100% Polyester Cocona<br \/>\nSchnittschutz: Avertic Engtex Pro (Klasse 1, 20 m\/s)<br \/>\nNormen<br \/>\nEN 381-5 Klasse 1 \/ Typ A<\/p>\n","protected":false},"excerpt":{"rendered":"<p>Die Schnittschutzhose Gladiator\u00ae Keprotec Light ist durch das atmungsaktive Gewebe im Schritt- und Ges\u00e4\u00dfbereich noch leichter und angenehmer zu tragen.<\/p>\n","protected":false},"featured_media":45985,"template":"","meta":{"_seopress_robots_primary_cat":"none","_seopress_titles_title":"","_seopress_titles_desc":"","_seopress_robots_index":""},"product_brand":[3670],"product_cat":[1382,82],"product_tag":[],"class_list":{"0":"post-418461","1":"product","2":"type-product","3":"status-publish","4":"has-post-thumbnail","6":"product_brand-pfanner-de","7":"product_cat-arbeitskleidung","8":"product_cat-kleidung","9":"sws-gruppo-no-gruppo-de","10":"sws-categoria-sito-de","11":"sws-sottocategoria-altro-de","12":"sws-conto-ricavi-merci-rivendita-abbigliamento-de","13":"sws-gruppo-iva-iva81-de","15":"first","16":"instock","17":"shipping-taxable","18":"purchasable","19":"product-type-variable"},"_links":{"self":[{"href":"https:\/\/lucacastelli.com\/de\/wp-json\/wp\/v2\/product\/418461","targetHints":{"allow":["GET"]}}],"collection":[{"href":"https:\/\/lucacastelli.com\/de\/wp-json\/wp\/v2\/product"}],"about":[{"href":"https:\/\/lucacastelli.com\/de\/wp-json\/wp\/v2\/types\/product"}],"wp:featuredmedia":[{"embeddable":true,"href":"https:\/\/lucacastelli.com\/de\/wp-json\/wp\/v2\/media\/45985"}],"wp:attachment":[{"href":"https:\/\/lucacastelli.com\/de\/wp-json\/wp\/v2\/media?parent=418461"}],"wp:term":[{"taxonomy":"product_brand","embeddable":true,"href":"https:\/\/lucacastelli.com\/de\/wp-json\/wp\/v2\/product_brand?post=418461"},{"taxonomy":"product_cat","embeddable":true,"href":"https:\/\/lucacastelli.com\/de\/wp-json\/wp\/v2\/product_cat?post=418461"},{"taxonomy":"product_tag","embeddable":true,"href":"https:\/\/lucacastelli.com\/de\/wp-json\/wp\/v2\/product_tag?post=418461"}],"curies":[{"name":"wp","href":"https:\/\/api.w.org\/{rel}","templated":true}]}}