{"id":418437,"date":"2023-11-08T13:09:07","date_gmt":"2023-11-08T12:09:07","guid":{"rendered":"https:\/\/lucacastelli.com\/prodotto\/pfanner-merino-tencel-kurzarm-shirt\/"},"modified":"2026-04-17T23:43:47","modified_gmt":"2026-04-17T21:43:47","slug":"pfanner-merino-tencel-kurzarm-shirt","status":"publish","type":"product","link":"https:\/\/lucacastelli.com\/de\/produkt\/pfanner-merino-tencel-kurzarm-shirt\/","title":{"rendered":"PFANNER Merino-Tencel Shirt kurzarm"},"content":{"rendered":"<p>Tencel\u2122 in Kombination mit Merinowolle zeichnet sich durch ein hervorragendes Feuchtigkeitsmanagement aus. Diese Faserkombination absorbiert mehr Wasser, ohne dass sich der Stoff nass anf\u00fchlt, leitet Feuchtigkeit effektiv vom K\u00f6rper weg und ist geruchshemmend. Der Anteil von 3 % Elasthan garantiert eine dauerhafte Formbest\u00e4ndigkeit. Dank des sportlichen, k\u00f6rpernahen Schnitts bietet das Merino-Tencel\u2122 Shirt uneingeschr\u00e4nkte Bewegungsfreiheit.   <\/p>\n","protected":false},"excerpt":{"rendered":"<p>Tencel\u2122 in Kombination mit Merinowolle zeichnet sich durch ein hervorragendes Feuchtigkeitsmanagement aus. Diese Faserkombination absorbiert mehr Wasser, ohne dass sich<\/p>\n","protected":false},"featured_media":45921,"template":"","meta":{"_seopress_robots_primary_cat":"","_seopress_titles_title":"","_seopress_titles_desc":"","_seopress_robots_index":""},"product_brand":[3670],"product_cat":[1382,82],"product_tag":[],"class_list":{"0":"post-418437","1":"product","2":"type-product","3":"status-publish","4":"has-post-thumbnail","6":"product_brand-pfanner-de","7":"product_cat-arbeitskleidung","8":"product_cat-kleidung","9":"sws-gruppo-no-gruppo-de","10":"sws-categoria-sito-de","11":"sws-sottocategoria-altro-de","12":"sws-conto-ricavi-merci-rivendita-abbigliamento-de","13":"sws-gruppo-iva-iva81-de","15":"first","16":"instock","17":"shipping-taxable","18":"purchasable","19":"product-type-variable"},"_links":{"self":[{"href":"https:\/\/lucacastelli.com\/de\/wp-json\/wp\/v2\/product\/418437","targetHints":{"allow":["GET"]}}],"collection":[{"href":"https:\/\/lucacastelli.com\/de\/wp-json\/wp\/v2\/product"}],"about":[{"href":"https:\/\/lucacastelli.com\/de\/wp-json\/wp\/v2\/types\/product"}],"wp:featuredmedia":[{"embeddable":true,"href":"https:\/\/lucacastelli.com\/de\/wp-json\/wp\/v2\/media\/45921"}],"wp:attachment":[{"href":"https:\/\/lucacastelli.com\/de\/wp-json\/wp\/v2\/media?parent=418437"}],"wp:term":[{"taxonomy":"product_brand","embeddable":true,"href":"https:\/\/lucacastelli.com\/de\/wp-json\/wp\/v2\/product_brand?post=418437"},{"taxonomy":"product_cat","embeddable":true,"href":"https:\/\/lucacastelli.com\/de\/wp-json\/wp\/v2\/product_cat?post=418437"},{"taxonomy":"product_tag","embeddable":true,"href":"https:\/\/lucacastelli.com\/de\/wp-json\/wp\/v2\/product_tag?post=418437"}],"curies":[{"name":"wp","href":"https:\/\/api.w.org\/{rel}","templated":true}]}}