{"id":418319,"date":"2022-12-12T10:30:37","date_gmt":"2022-12-12T09:30:37","guid":{"rendered":"https:\/\/lucacastelli.com\/prodotto\/pfanner-stretchflex-ice-grip\/"},"modified":"2026-04-18T00:00:57","modified_gmt":"2026-04-17T22:00:57","slug":"pfanner-stretchflex-ice-grip","status":"publish","type":"product","link":"https:\/\/lucacastelli.com\/de\/produkt\/pfanner-stretchflex-ice-grip\/","title":{"rendered":"PFANNER StretchFlex Ice Grip"},"content":{"rendered":"<p>Der StretchFlex\u00ae Ice Grip ist ein thermischer Strickhandschuh mit gutem Griff. Die Fingerkuppen und Handfl\u00e4chen sind mit einer Acrylbeschichtung versehen. Diese Beschichtung ist \u00e4usserst wasserabweisend und die raue Oberfl\u00e4che macht ihn besonders geeignet f\u00fcr feuchte und eisige Tage. Das elastische B\u00fcndchen mit Klettverschluss verhindert das Eindringen von Fremdk\u00f6rpern in den Handschuh.   <\/p>\n<p>&#8211; StretchFlex-Technologie<br \/>\n&#8211; Hohe Atmungsaktivit\u00e4t<br \/>\n&#8211; Waschbar<br \/>\n&#8211; Elastisches B\u00fcndchen mit Klettverschluss<\/p>\n<p>Polyamid, Acryl<\/p>\n","protected":false},"excerpt":{"rendered":"<p>Der StretchFlex\u00ae Ice Grip ist ein thermischer Strickhandschuh mit gutem Griff. Die Fingerkuppen und Handfl\u00e4chen sind mit einer Acrylbeschichtung versehen.<\/p>\n","protected":false},"featured_media":43952,"template":"","meta":{"_seopress_robots_primary_cat":"","_seopress_titles_title":"","_seopress_titles_desc":"","_seopress_robots_index":""},"product_brand":[3670],"product_cat":[1382,82],"product_tag":[],"class_list":{"0":"post-418319","1":"product","2":"type-product","3":"status-publish","4":"has-post-thumbnail","6":"product_brand-pfanner-de","7":"product_cat-arbeitskleidung","8":"product_cat-kleidung","9":"sws-gruppo-no-gruppo-de","10":"sws-categoria-sito-de","11":"sws-sottocategoria-altro-de","12":"sws-conto-ricavi-merci-rivendita-abbigliamento-de","13":"sws-gruppo-iva-iva81-de","15":"first","16":"instock","17":"shipping-taxable","18":"purchasable","19":"product-type-variable"},"_links":{"self":[{"href":"https:\/\/lucacastelli.com\/de\/wp-json\/wp\/v2\/product\/418319","targetHints":{"allow":["GET"]}}],"collection":[{"href":"https:\/\/lucacastelli.com\/de\/wp-json\/wp\/v2\/product"}],"about":[{"href":"https:\/\/lucacastelli.com\/de\/wp-json\/wp\/v2\/types\/product"}],"wp:featuredmedia":[{"embeddable":true,"href":"https:\/\/lucacastelli.com\/de\/wp-json\/wp\/v2\/media\/43952"}],"wp:attachment":[{"href":"https:\/\/lucacastelli.com\/de\/wp-json\/wp\/v2\/media?parent=418319"}],"wp:term":[{"taxonomy":"product_brand","embeddable":true,"href":"https:\/\/lucacastelli.com\/de\/wp-json\/wp\/v2\/product_brand?post=418319"},{"taxonomy":"product_cat","embeddable":true,"href":"https:\/\/lucacastelli.com\/de\/wp-json\/wp\/v2\/product_cat?post=418319"},{"taxonomy":"product_tag","embeddable":true,"href":"https:\/\/lucacastelli.com\/de\/wp-json\/wp\/v2\/product_tag?post=418319"}],"curies":[{"name":"wp","href":"https:\/\/api.w.org\/{rel}","templated":true}]}}