{"id":418266,"date":"2022-12-01T09:45:29","date_gmt":"2022-12-01T08:45:29","guid":{"rendered":"https:\/\/lucacastelli.com\/prodotto\/pfanner-stretchflex-thermo\/"},"modified":"2025-12-14T15:18:30","modified_gmt":"2025-12-14T14:18:30","slug":"pfanner-stretchflex-thermo","status":"publish","type":"product","link":"https:\/\/lucacastelli.com\/de\/produkt\/pfanner-stretchflex-thermo\/","title":{"rendered":"PFANNER StretchFlex\u00ae Thermo"},"content":{"rendered":"<p>&#8211; StretchFlex-Technologie<br \/>\n&#8211; Nahtlose<br \/>\n Innenfl\u00e4che- Ideal f\u00fcr die Metallbearbeitung<br \/>\n&#8211; Bleibt elastisch<br \/>\n&#8211; Elastisches B\u00fcndchen mit Klettverschluss<\/p>\n<p>Der StretchFlex\u00ae Thermo ist ein Winterhandschuh. Er passt sich dank der bew\u00e4hrten StrechFlex-Technologie\u00ae perfekt an die Form der Hand an. Dank der nahtlosen Innenhand hat der Thermohandschuh einen sehr guten Grip. Der StretchFlex\u00ae Thermo ist ideal f\u00fcr kalte und trockene Arbeiten.   <\/p>\n","protected":false},"excerpt":{"rendered":"<p>&#8211; StretchFlex-Technologie &#8211; Nahtlose Innenfl\u00e4che- Ideal f\u00fcr die Metallbearbeitung &#8211; Bleibt elastisch &#8211; Elastisches B\u00fcndchen mit Klettverschluss Der StretchFlex\u00ae Thermo<\/p>\n","protected":false},"featured_media":43921,"template":"","meta":{"_seopress_robots_primary_cat":"","_seopress_titles_title":"","_seopress_titles_desc":"","_seopress_robots_index":""},"product_brand":[3458],"product_cat":[21,284],"product_tag":[],"class_list":{"0":"post-418266","1":"product","2":"type-product","3":"status-publish","4":"has-post-thumbnail","6":"product_brand-pfanner","7":"product_cat-abbigliamento","8":"product_cat-abbigliamento-da-lavoro","9":"sws-gruppo-no-gruppo","10":"sws-categoria-sito","11":"sws-sottocategoria-altro","12":"sws-conto-ricavi-merci-rivendita-abbigliamento","13":"sws-gruppo-iva-iva81","15":"first","16":"instock","17":"shipping-taxable","18":"purchasable","19":"product-type-variable"},"_links":{"self":[{"href":"https:\/\/lucacastelli.com\/de\/wp-json\/wp\/v2\/product\/418266","targetHints":{"allow":["GET"]}}],"collection":[{"href":"https:\/\/lucacastelli.com\/de\/wp-json\/wp\/v2\/product"}],"about":[{"href":"https:\/\/lucacastelli.com\/de\/wp-json\/wp\/v2\/types\/product"}],"wp:featuredmedia":[{"embeddable":true,"href":"https:\/\/lucacastelli.com\/de\/wp-json\/wp\/v2\/media\/43921"}],"wp:attachment":[{"href":"https:\/\/lucacastelli.com\/de\/wp-json\/wp\/v2\/media?parent=418266"}],"wp:term":[{"taxonomy":"product_brand","embeddable":true,"href":"https:\/\/lucacastelli.com\/de\/wp-json\/wp\/v2\/product_brand?post=418266"},{"taxonomy":"product_cat","embeddable":true,"href":"https:\/\/lucacastelli.com\/de\/wp-json\/wp\/v2\/product_cat?post=418266"},{"taxonomy":"product_tag","embeddable":true,"href":"https:\/\/lucacastelli.com\/de\/wp-json\/wp\/v2\/product_tag?post=418266"}],"curies":[{"name":"wp","href":"https:\/\/api.w.org\/{rel}","templated":true}]}}