{"id":418258,"date":"2022-07-14T08:48:52","date_gmt":"2022-07-14T06:48:52","guid":{"rendered":"https:\/\/lucacastelli.com\/prodotto\/pfanner-protos-gehoerschutz-auflagepolster\/"},"modified":"2026-03-17T12:44:56","modified_gmt":"2026-03-17T11:44:56","slug":"pfanner-protos-gehoerschutz-auflagepolster","status":"publish","type":"product","link":"https:\/\/lucacastelli.com\/de\/produkt\/pfanner-protos-gehoerschutz-auflagepolster\/","title":{"rendered":"PFANNER Protos Geh\u00f6rschutz Auflagepolster"},"content":{"rendered":"<p>Ersatz-Protos-Geh\u00f6rschutzpolster, die durch einfaches Aufstecken ausgetauscht werden k\u00f6nnen (z.B. bei starken Verschmutzungen)<\/p>\n","protected":false},"excerpt":{"rendered":"<p>Ersatz-Protos-Geh\u00f6rschutzpolster, die durch einfaches Aufstecken ausgetauscht werden k\u00f6nnen (z.B. bei starken Verschmutzungen)<\/p>\n","protected":false},"featured_media":76271,"template":"","meta":{"_seopress_robots_primary_cat":"none","_seopress_titles_title":"","_seopress_titles_desc":"","_seopress_robots_index":""},"product_brand":[3670,4720],"product_cat":[1396,150,1404,1411],"product_tag":[],"class_list":{"0":"post-418258","1":"product","2":"type-product","3":"status-publish","4":"has-post-thumbnail","6":"product_brand-pfanner-de","7":"product_brand-protos-de","8":"product_cat-arbeitsausrustung","9":"product_cat-ausrustung","10":"product_cat-helme","11":"product_cat-visiere-und-schutzbrillen","12":"sws-gruppo-no-gruppo-de","13":"sws-categoria-sito-de","14":"sws-sottocategoria-altro-de","15":"sws-conto-ricavi-merci-rivendita-abbigliamento-de","16":"sws-gruppo-iva-iva81-de","18":"first","19":"instock","20":"shipping-taxable","21":"purchasable","22":"product-type-simple"},"_links":{"self":[{"href":"https:\/\/lucacastelli.com\/de\/wp-json\/wp\/v2\/product\/418258","targetHints":{"allow":["GET"]}}],"collection":[{"href":"https:\/\/lucacastelli.com\/de\/wp-json\/wp\/v2\/product"}],"about":[{"href":"https:\/\/lucacastelli.com\/de\/wp-json\/wp\/v2\/types\/product"}],"wp:featuredmedia":[{"embeddable":true,"href":"https:\/\/lucacastelli.com\/de\/wp-json\/wp\/v2\/media\/76271"}],"wp:attachment":[{"href":"https:\/\/lucacastelli.com\/de\/wp-json\/wp\/v2\/media?parent=418258"}],"wp:term":[{"taxonomy":"product_brand","embeddable":true,"href":"https:\/\/lucacastelli.com\/de\/wp-json\/wp\/v2\/product_brand?post=418258"},{"taxonomy":"product_cat","embeddable":true,"href":"https:\/\/lucacastelli.com\/de\/wp-json\/wp\/v2\/product_cat?post=418258"},{"taxonomy":"product_tag","embeddable":true,"href":"https:\/\/lucacastelli.com\/de\/wp-json\/wp\/v2\/product_tag?post=418258"}],"curies":[{"name":"wp","href":"https:\/\/api.w.org\/{rel}","templated":true}]}}