{"id":418257,"date":"2022-11-09T14:09:14","date_gmt":"2022-11-09T13:09:14","guid":{"rendered":"https:\/\/lucacastelli.com\/prodotto\/pfanner-gladiator-gamaschen\/"},"modified":"2026-02-18T15:53:28","modified_gmt":"2026-02-18T14:53:28","slug":"pfanner-gladiator-gamaschen","status":"publish","type":"product","link":"https:\/\/lucacastelli.com\/de\/produkt\/pfanner-gladiator-gamaschen\/","title":{"rendered":"PFANNER Gladiator Gamaschen"},"content":{"rendered":"<p>Die robusten Pfanner mit hoher \u00d6ffnung sind die perfekte L\u00f6sung f\u00fcr verschneite Wintertage oder Eins\u00e4tze im Regen. Die lange Schnalle erstreckt sich \u00fcber die gesamte L\u00e4nge des Stiefels und kann mit einem Haken sicher an der Schn\u00fcrung befestigt werden. Dank des praktischen Velcro- und Rei\u00dfverschlusses lassen sich die Gamaschen leicht an- und ausziehen und sitzen perfekt. Die robusten Verst\u00e4rkungen machen die Gamaschen auch bei schwersten Beanspruchungen zu einem hervorragenden Begleiter.   <\/p>\n<p>Material<br \/>\n: 100 % Polyamid<\/p>\n<p>Abmessungen<br \/>\nEinheitsgr\u00f6\u00dfe<\/p>\n","protected":false},"excerpt":{"rendered":"<p>Die robusten Pfanner mit hoher \u00d6ffnung sind die perfekte L\u00f6sung f\u00fcr verschneite Wintertage oder Eins\u00e4tze im Regen. Die lange Schnalle<\/p>\n","protected":false},"featured_media":43607,"template":"","meta":{"_seopress_robots_primary_cat":"","_seopress_titles_title":"","_seopress_titles_desc":"","_seopress_robots_index":""},"product_brand":[3670],"product_cat":[82,1382],"product_tag":[],"class_list":{"0":"post-418257","1":"product","2":"type-product","3":"status-publish","4":"has-post-thumbnail","6":"product_brand-pfanner-de","7":"product_cat-kleidung","8":"product_cat-arbeitskleidung","9":"sws-gruppo-no-gruppo-de","10":"sws-categoria-sito-de","11":"sws-sottocategoria-altro-de","12":"sws-conto-ricavi-merci-rivendita-abbigliamento-de","13":"sws-gruppo-iva-iva81-de","15":"first","16":"instock","17":"shipping-taxable","18":"purchasable","19":"product-type-variable"},"_links":{"self":[{"href":"https:\/\/lucacastelli.com\/de\/wp-json\/wp\/v2\/product\/418257","targetHints":{"allow":["GET"]}}],"collection":[{"href":"https:\/\/lucacastelli.com\/de\/wp-json\/wp\/v2\/product"}],"about":[{"href":"https:\/\/lucacastelli.com\/de\/wp-json\/wp\/v2\/types\/product"}],"wp:featuredmedia":[{"embeddable":true,"href":"https:\/\/lucacastelli.com\/de\/wp-json\/wp\/v2\/media\/43607"}],"wp:attachment":[{"href":"https:\/\/lucacastelli.com\/de\/wp-json\/wp\/v2\/media?parent=418257"}],"wp:term":[{"taxonomy":"product_brand","embeddable":true,"href":"https:\/\/lucacastelli.com\/de\/wp-json\/wp\/v2\/product_brand?post=418257"},{"taxonomy":"product_cat","embeddable":true,"href":"https:\/\/lucacastelli.com\/de\/wp-json\/wp\/v2\/product_cat?post=418257"},{"taxonomy":"product_tag","embeddable":true,"href":"https:\/\/lucacastelli.com\/de\/wp-json\/wp\/v2\/product_tag?post=418257"}],"curies":[{"name":"wp","href":"https:\/\/api.w.org\/{rel}","templated":true}]}}