{"id":417977,"date":"2023-06-01T07:37:23","date_gmt":"2023-06-01T05:37:23","guid":{"rendered":"https:\/\/lucacastelli.com\/prodotto\/pfanner-holzer-hemd\/"},"modified":"2025-11-23T07:45:46","modified_gmt":"2025-11-23T06:45:46","slug":"pfanner-holzer-hemd","status":"publish","type":"product","link":"https:\/\/lucacastelli.com\/de\/produkt\/pfanner-holzer-hemd\/","title":{"rendered":"PFANNER Holzer Hemd"},"content":{"rendered":"<p>Die bew\u00e4hrten T-Shirts werden nun in einem dreifarbigen Set und mit dem Holzer-Logo auf der linken Brust \u00fcberarbeitet.<\/p>\n<p>&#8211; Erh\u00f6hte Formbest\u00e4ndigkeit dank des Schulter-zu-Schulter-Kragens.<br \/>\n&#8211; Keine Seitenn\u00e4hte<br \/>\n &#8211; Holzer-Logo auf der linken Brust<\/p>\n<p>Rauchgr\u00fcn\/Wald: 100 % Baumwolle; hellschwarz:<br \/>\n 80 % Baumwolle, 20 % Polyester<\/p>\n","protected":false},"excerpt":{"rendered":"<p>Die bew\u00e4hrten T-Shirts werden nun in einem dreifarbigen Set und mit dem Holzer-Logo auf der linken Brust \u00fcberarbeitet. &#8211; Erh\u00f6hte<\/p>\n","protected":false},"featured_media":44645,"template":"","meta":{"_seopress_robots_primary_cat":"","_seopress_titles_title":"","_seopress_titles_desc":"","_seopress_robots_index":""},"product_brand":[3670],"product_cat":[1382,82],"product_tag":[],"class_list":{"0":"post-417977","1":"product","2":"type-product","3":"status-publish","4":"has-post-thumbnail","6":"product_brand-pfanner-de","7":"product_cat-arbeitskleidung","8":"product_cat-kleidung","9":"sws-gruppo-no-gruppo-de","10":"sws-categoria-sito-de","11":"sws-sottocategoria-altro-de","12":"sws-conto-ricavi-merci-rivendita-abbigliamento-de","13":"sws-gruppo-iva-iva81-de","15":"first","16":"instock","17":"shipping-taxable","18":"purchasable","19":"product-type-variable"},"_links":{"self":[{"href":"https:\/\/lucacastelli.com\/de\/wp-json\/wp\/v2\/product\/417977","targetHints":{"allow":["GET"]}}],"collection":[{"href":"https:\/\/lucacastelli.com\/de\/wp-json\/wp\/v2\/product"}],"about":[{"href":"https:\/\/lucacastelli.com\/de\/wp-json\/wp\/v2\/types\/product"}],"wp:featuredmedia":[{"embeddable":true,"href":"https:\/\/lucacastelli.com\/de\/wp-json\/wp\/v2\/media\/44645"}],"wp:attachment":[{"href":"https:\/\/lucacastelli.com\/de\/wp-json\/wp\/v2\/media?parent=417977"}],"wp:term":[{"taxonomy":"product_brand","embeddable":true,"href":"https:\/\/lucacastelli.com\/de\/wp-json\/wp\/v2\/product_brand?post=417977"},{"taxonomy":"product_cat","embeddable":true,"href":"https:\/\/lucacastelli.com\/de\/wp-json\/wp\/v2\/product_cat?post=417977"},{"taxonomy":"product_tag","embeddable":true,"href":"https:\/\/lucacastelli.com\/de\/wp-json\/wp\/v2\/product_tag?post=417977"}],"curies":[{"name":"wp","href":"https:\/\/api.w.org\/{rel}","templated":true}]}}