{"id":417948,"date":"2023-06-05T13:14:36","date_gmt":"2023-06-05T11:14:36","guid":{"rendered":"https:\/\/lucacastelli.com\/prodotto\/pfanner-stretchflex-canfull-shorts-zipp2zipp\/"},"modified":"2026-04-17T23:57:58","modified_gmt":"2026-04-17T21:57:58","slug":"pfanner-stretchflex-canfull-shorts-zipp2zipp","status":"publish","type":"product","link":"https:\/\/lucacastelli.com\/de\/produkt\/pfanner-stretchflex-canfull-shorts-zipp2zipp\/","title":{"rendered":"PFANNER StretchFlex Canfull Shorts Zipp2Zipp"},"content":{"rendered":"<p>Hei\u00dfe Tage erfordern kurze Hosen. Hier kommen die StretchFlex\u00ae Canfull Shorts von Pfanner ins Spiel. Die Pfanner Shorts sind selbstverst\u00e4ndlich \u00e4u\u00dferst abrieb- und scheuerfest. Mit diesen Shorts m\u00fcssen Sie nicht auf den vielseitigen Stauraum der zahlreichen Seitentaschen verzichten. F\u00fcr jedes Werkzeug gibt es einen Platz. Dank der pflegeleichten Materialien lassen sich die Pfanner Stretch Flex Canfull Shorts einfach und m\u00fchelos reinigen.     <\/p>\n<p>Fakten:<br \/>\nStretchFlex-Technologie<br \/>\nDoppelter Bund-Verschluss<br \/>\nFunktionstasche (rechts)<br \/>\nInnenliegende Seitentasche (links)<br \/>\nRei\u00dfverschluss mit Schieber-Garage<br \/>\nReflektierende Paspelstreifen<br \/>\nVerst\u00e4rkte Innentaschen<\/p>\n<p>Material:<br \/>\nObermaterial: 63 % Polyester, 34 % Baumwolle, 3 % Elasthan<\/p>\n","protected":false},"excerpt":{"rendered":"<p>Hei\u00dfe Tage erfordern kurze Hosen. Hier kommen die StretchFlex\u00ae Canfull Shorts von Pfanner ins Spiel. Die Pfanner Shorts sind selbstverst\u00e4ndlich<\/p>\n","protected":false},"featured_media":44659,"template":"","meta":{"_seopress_robots_primary_cat":"","_seopress_titles_title":"","_seopress_titles_desc":"","_seopress_robots_index":""},"product_brand":[3670],"product_cat":[1382,82],"product_tag":[],"class_list":{"0":"post-417948","1":"product","2":"type-product","3":"status-publish","4":"has-post-thumbnail","6":"product_brand-pfanner-de","7":"product_cat-arbeitskleidung","8":"product_cat-kleidung","9":"sws-gruppo-no-gruppo-de","10":"sws-categoria-sito-de","11":"sws-sottocategoria-altro-de","12":"sws-conto-ricavi-merci-rivendita-abbigliamento-de","13":"sws-gruppo-iva-iva81-de","15":"first","16":"instock","17":"shipping-taxable","18":"purchasable","19":"product-type-variable"},"_links":{"self":[{"href":"https:\/\/lucacastelli.com\/de\/wp-json\/wp\/v2\/product\/417948","targetHints":{"allow":["GET"]}}],"collection":[{"href":"https:\/\/lucacastelli.com\/de\/wp-json\/wp\/v2\/product"}],"about":[{"href":"https:\/\/lucacastelli.com\/de\/wp-json\/wp\/v2\/types\/product"}],"wp:featuredmedia":[{"embeddable":true,"href":"https:\/\/lucacastelli.com\/de\/wp-json\/wp\/v2\/media\/44659"}],"wp:attachment":[{"href":"https:\/\/lucacastelli.com\/de\/wp-json\/wp\/v2\/media?parent=417948"}],"wp:term":[{"taxonomy":"product_brand","embeddable":true,"href":"https:\/\/lucacastelli.com\/de\/wp-json\/wp\/v2\/product_brand?post=417948"},{"taxonomy":"product_cat","embeddable":true,"href":"https:\/\/lucacastelli.com\/de\/wp-json\/wp\/v2\/product_cat?post=417948"},{"taxonomy":"product_tag","embeddable":true,"href":"https:\/\/lucacastelli.com\/de\/wp-json\/wp\/v2\/product_tag?post=417948"}],"curies":[{"name":"wp","href":"https:\/\/api.w.org\/{rel}","templated":true}]}}