{"id":417917,"date":"2023-04-20T13:33:37","date_gmt":"2023-04-20T11:33:37","guid":{"rendered":"https:\/\/lucacastelli.com\/prodotto\/pfanner-knieprotektor-vario\/"},"modified":"2026-04-17T23:59:32","modified_gmt":"2026-04-17T21:59:32","slug":"pfanner-knieprotektor-vario","status":"publish","type":"product","link":"https:\/\/lucacastelli.com\/de\/produkt\/pfanner-knieprotektor-vario\/","title":{"rendered":"PFANNER Knieprotektor Vario"},"content":{"rendered":"<p>Kniesch\u00fctzer mit hohen D\u00e4mpfungseigenschaften und Bel\u00fcftungsl\u00f6chern, die maximale Luftzirkulation gew\u00e4hrleisten. Optimaler Schutz vor St\u00f6ssen im Kniebereich oder bei Arbeiten am Boden. Der Schutz kann beim Waschen in der Hose verbleiben, was den Komfort zus\u00e4tzlich erh\u00f6ht.  <\/p>\n<p>Material: Zellkautschuk, Polyurethan<br \/>\nAbmessungen: 220x160x6 mm<\/p>\n","protected":false},"excerpt":{"rendered":"<p>Kniesch\u00fctzer mit hohen D\u00e4mpfungseigenschaften und Bel\u00fcftungsl\u00f6chern, die maximale Luftzirkulation gew\u00e4hrleisten. Optimaler Schutz vor St\u00f6ssen im Kniebereich oder bei Arbeiten am<\/p>\n","protected":false},"featured_media":513061,"template":"","meta":{"_seopress_robots_primary_cat":"none","_seopress_titles_title":"","_seopress_titles_desc":"","_seopress_robots_index":""},"product_brand":[3670],"product_cat":[1391,82],"product_tag":[],"class_list":{"0":"post-417917","1":"product","2":"type-product","3":"status-publish","4":"has-post-thumbnail","6":"product_brand-pfanner-de","7":"product_cat-bekleidungs-accessoires","8":"product_cat-kleidung","9":"sws-gruppo-no-gruppo-de","10":"sws-categoria-sito-de","11":"sws-sottocategoria-altro-de","12":"sws-conto-ricavi-merci-rivendita-abbigliamento-de","13":"sws-gruppo-iva-iva81-de","15":"first","16":"onbackorder","17":"shipping-taxable","18":"purchasable","19":"product-type-simple"},"_links":{"self":[{"href":"https:\/\/lucacastelli.com\/de\/wp-json\/wp\/v2\/product\/417917","targetHints":{"allow":["GET"]}}],"collection":[{"href":"https:\/\/lucacastelli.com\/de\/wp-json\/wp\/v2\/product"}],"about":[{"href":"https:\/\/lucacastelli.com\/de\/wp-json\/wp\/v2\/types\/product"}],"wp:featuredmedia":[{"embeddable":true,"href":"https:\/\/lucacastelli.com\/de\/wp-json\/wp\/v2\/media\/513061"}],"wp:attachment":[{"href":"https:\/\/lucacastelli.com\/de\/wp-json\/wp\/v2\/media?parent=417917"}],"wp:term":[{"taxonomy":"product_brand","embeddable":true,"href":"https:\/\/lucacastelli.com\/de\/wp-json\/wp\/v2\/product_brand?post=417917"},{"taxonomy":"product_cat","embeddable":true,"href":"https:\/\/lucacastelli.com\/de\/wp-json\/wp\/v2\/product_cat?post=417917"},{"taxonomy":"product_tag","embeddable":true,"href":"https:\/\/lucacastelli.com\/de\/wp-json\/wp\/v2\/product_tag?post=417917"}],"curies":[{"name":"wp","href":"https:\/\/api.w.org\/{rel}","templated":true}]}}