{"id":417837,"date":"2023-02-04T14:47:24","date_gmt":"2023-02-04T13:47:24","guid":{"rendered":"https:\/\/lucacastelli.com\/prodotto\/pfanner-t-shirt-mit-kapuze\/"},"modified":"2026-04-18T00:00:59","modified_gmt":"2026-04-17T22:00:59","slug":"pfanner-t-shirt-mit-kapuze","status":"publish","type":"product","link":"https:\/\/lucacastelli.com\/de\/produkt\/pfanner-t-shirt-mit-kapuze\/","title":{"rendered":"PFANNER Hooded T-Shirt"},"content":{"rendered":"<p>Das Pfanner\u00ae Hooded T-Shirt mit sehr hohem Baumwollanteil ist die perfekte Erg\u00e4nzung f\u00fcr k\u00fchle Tage. Es l\u00e4sst sich ideal unter jeder Pfanner\u00ae Bekleidung tragen. Die Kapuze kann auch unter dem Protos\u00ae Integral genutzt werden. Die Formstabilit\u00e4t wird durch das durchgehende Nackenband erh\u00f6ht.<\/p>\n<p>Material:<br \/>\nObermaterial: 80 % Baumwolle, 20 % Polyester   <\/p>\n","protected":false},"excerpt":{"rendered":"<p>Das Pfanner\u00ae Hooded T-Shirt mit sehr hohem Baumwollanteil ist die perfekte Erg\u00e4nzung f\u00fcr k\u00fchle Tage. Es l\u00e4sst sich ideal unter<\/p>\n","protected":false},"featured_media":85746,"template":"","meta":{"_seopress_robots_primary_cat":"","_seopress_titles_title":"","_seopress_titles_desc":"","_seopress_robots_index":""},"product_brand":[3670],"product_cat":[82,974,975],"product_tag":[],"class_list":{"0":"post-417837","1":"product","2":"type-product","3":"status-publish","4":"has-post-thumbnail","6":"product_brand-pfanner-de","7":"product_cat-kleidung","8":"product_cat-freizeitkleidung","9":"product_cat-herrenbekleidung","10":"sws-gruppo-no-gruppo-de","11":"sws-categoria-sito-de","12":"sws-sottocategoria-altro-de","13":"sws-conto-ricavi-merci-rivendita-abbigliamento-de","14":"sws-gruppo-iva-iva81-de","16":"first","17":"onbackorder","18":"shipping-taxable","19":"purchasable","20":"product-type-variable"},"_links":{"self":[{"href":"https:\/\/lucacastelli.com\/de\/wp-json\/wp\/v2\/product\/417837","targetHints":{"allow":["GET"]}}],"collection":[{"href":"https:\/\/lucacastelli.com\/de\/wp-json\/wp\/v2\/product"}],"about":[{"href":"https:\/\/lucacastelli.com\/de\/wp-json\/wp\/v2\/types\/product"}],"wp:featuredmedia":[{"embeddable":true,"href":"https:\/\/lucacastelli.com\/de\/wp-json\/wp\/v2\/media\/85746"}],"wp:attachment":[{"href":"https:\/\/lucacastelli.com\/de\/wp-json\/wp\/v2\/media?parent=417837"}],"wp:term":[{"taxonomy":"product_brand","embeddable":true,"href":"https:\/\/lucacastelli.com\/de\/wp-json\/wp\/v2\/product_brand?post=417837"},{"taxonomy":"product_cat","embeddable":true,"href":"https:\/\/lucacastelli.com\/de\/wp-json\/wp\/v2\/product_cat?post=417837"},{"taxonomy":"product_tag","embeddable":true,"href":"https:\/\/lucacastelli.com\/de\/wp-json\/wp\/v2\/product_tag?post=417837"}],"curies":[{"name":"wp","href":"https:\/\/api.w.org\/{rel}","templated":true}]}}