{"id":417819,"date":"2023-02-04T15:08:43","date_gmt":"2023-02-04T14:08:43","guid":{"rendered":"https:\/\/lucacastelli.com\/prodotto\/pfanner-kapuzen-body-mit-reissverschluss\/"},"modified":"2026-04-17T23:59:13","modified_gmt":"2026-04-17T21:59:13","slug":"pfanner-kapuzen-body-mit-reissverschluss","status":"publish","type":"product","link":"https:\/\/lucacastelli.com\/de\/produkt\/pfanner-kapuzen-body-mit-reissverschluss\/","title":{"rendered":"PFANNER Hooded Zip Body"},"content":{"rendered":"<p>Produktinformationen Pfanner Hooded Zip Body Weste<br \/>\n&#8211; Dauerhafte Formbest\u00e4ndigkeit durch Elastananteil<br \/>\n&#8211; Zwei Seitentaschen mit Rei\u00dfverschluss<br \/>\n&#8211; \u00c4rmelloser Body mit Rei\u00dfverschluss<br \/>\n&#8211; Kapuze mit Kordelzug<br \/>\n&#8211; 2 \u00d7 2 Rippenstrick an Taille und Achselh\u00f6hle<br \/>\n&#8211; Innenseite angeraut<\/p>\n<p>Sportliche \u00e4rmellose Weste f\u00fcr die \u00dcbergangszeit. 8 % Elastan sorgen f\u00fcr dauerhafte Formbest\u00e4ndigkeit. Der 2\u00d72 Rippenstrick unter den Achseln und am Bund garantiert perfekten Tragekomfort. Die Seitentaschen mit Rei\u00dfverschluss sind \u00e4u\u00dferst praktisch und erm\u00f6glichen ein schnelles und einfaches Verstauen.   <\/p>\n<p>Material<\/p>\n<p>72 % Baumwolle, 20 % Polyester, 8 % Elastan<\/p>\n<p>320 g\/m\u00b2<\/p>\n<p>Farben<br \/>\nGlanzschwarz 99, Waldgr\u00fcn 38<\/p>\n","protected":false},"excerpt":{"rendered":"<p>Produktinformationen Pfanner Hooded Zip Body Weste &#8211; Dauerhafte Formbest\u00e4ndigkeit durch Elastananteil &#8211; Zwei Seitentaschen mit Rei\u00dfverschluss &#8211; \u00c4rmelloser Body mit<\/p>\n","protected":false},"featured_media":85781,"template":"","meta":{"_seopress_robots_primary_cat":"","_seopress_titles_title":"","_seopress_titles_desc":"","_seopress_robots_index":""},"product_brand":[3670],"product_cat":[974,975,82],"product_tag":[],"class_list":{"0":"post-417819","1":"product","2":"type-product","3":"status-publish","4":"has-post-thumbnail","6":"product_brand-pfanner-de","7":"product_cat-freizeitkleidung","8":"product_cat-herrenbekleidung","9":"product_cat-kleidung","10":"sws-gruppo-no-gruppo-de","11":"sws-categoria-sito-de","12":"sws-sottocategoria-altro-de","13":"sws-conto-ricavi-merci-rivendita-abbigliamento-de","14":"sws-gruppo-iva-iva81-de","16":"first","17":"instock","18":"shipping-taxable","19":"purchasable","20":"product-type-variable"},"_links":{"self":[{"href":"https:\/\/lucacastelli.com\/de\/wp-json\/wp\/v2\/product\/417819","targetHints":{"allow":["GET"]}}],"collection":[{"href":"https:\/\/lucacastelli.com\/de\/wp-json\/wp\/v2\/product"}],"about":[{"href":"https:\/\/lucacastelli.com\/de\/wp-json\/wp\/v2\/types\/product"}],"wp:featuredmedia":[{"embeddable":true,"href":"https:\/\/lucacastelli.com\/de\/wp-json\/wp\/v2\/media\/85781"}],"wp:attachment":[{"href":"https:\/\/lucacastelli.com\/de\/wp-json\/wp\/v2\/media?parent=417819"}],"wp:term":[{"taxonomy":"product_brand","embeddable":true,"href":"https:\/\/lucacastelli.com\/de\/wp-json\/wp\/v2\/product_brand?post=417819"},{"taxonomy":"product_cat","embeddable":true,"href":"https:\/\/lucacastelli.com\/de\/wp-json\/wp\/v2\/product_cat?post=417819"},{"taxonomy":"product_tag","embeddable":true,"href":"https:\/\/lucacastelli.com\/de\/wp-json\/wp\/v2\/product_tag?post=417819"}],"curies":[{"name":"wp","href":"https:\/\/api.w.org\/{rel}","templated":true}]}}