{"id":417814,"date":"2023-01-15T17:12:01","date_gmt":"2023-01-15T16:12:01","guid":{"rendered":"https:\/\/lucacastelli.com\/prodotto\/pfanner-chainsenpro-schuhschneeketten\/"},"modified":"2026-04-14T03:29:07","modified_gmt":"2026-04-14T01:29:07","slug":"pfanner-chainsenpro-schuhschneeketten","status":"publish","type":"product","link":"https:\/\/lucacastelli.com\/de\/produkt\/pfanner-chainsenpro-schuhschneeketten\/","title":{"rendered":"PFANNER ChainsenPro Schuhschneeketten"},"content":{"rendered":"<p>Die ChainsenPro Schuhschneeketten bieten perfekten Halt auf Eis, Schnee, rutschigem oder steilem Gel\u00e4nde. Damit sind sie der ideale Begleiter f\u00fcr Berg- und Fu\u00dfwanderungen, <\/p>\n<p>sowie f\u00fcr Arbeits- und Rettungseins\u00e4tze. Die Schuhschneeketten eignen sich f\u00fcr eine Vielzahl von Schuhen, von leichten Trekkingstiefeln bis hin zu isolierten Gummistiefeln. <\/p>\n<p>Die POM-\u00d6sen verhindern ein Ausrei\u00dfen der Kette. Das bis -20 \u00b0C flexible Elastomergummi gew\u00e4hrleistet, dass die Kette in Sekundenschnelle an- und ausgezogen werden kann. <\/p>\n<p>Das Gesamtgewicht betr\u00e4gt nur 320 g und l\u00e4sst sich dank der praktischen Tasche in jedem Rucksack verstauen.<\/p>\n<p>11 Edelstahlkrallen<\/p>\n<p>Zinkenl\u00e4nge bis zu 14 mm<\/p>\n<p>Robuste Fersenplatte<\/p>\n<p>Alle \u00d6sen sind verst\u00e4rkt, um Ausrei\u00dfen zu verhindern<\/p>\n<p>Besonders robust f\u00fcr intensive Nutzung<\/p>\n<p>Flexibles Elastomergummi<\/p>\n<p>An- und Ausziehen in Sekundenschnelle<\/p>\n<p>Keine zus\u00e4tzlichen Riemen oder Schnallen<\/p>\n<p>Leicht und kompakt &#8211; 320 g (M)<\/p>\n","protected":false},"excerpt":{"rendered":"<p>Die ChainsenPro Schuhschneeketten bieten perfekten Halt auf Eis, Schnee, rutschigem oder steilem Gel\u00e4nde. Damit sind sie der ideale Begleiter f\u00fcr<\/p>\n","protected":false},"featured_media":85376,"template":"","meta":{"_seopress_robots_primary_cat":"","_seopress_titles_title":"","_seopress_titles_desc":"","_seopress_robots_index":""},"product_brand":[3670],"product_cat":[175,1400],"product_tag":[],"class_list":{"0":"post-417814","1":"product","2":"type-product","3":"status-publish","4":"has-post-thumbnail","6":"product_brand-pfanner-de","7":"product_cat-schuhe","8":"product_cat-zubehor-fur-schuhe","9":"sws-gruppo-no-gruppo-de","10":"sws-categoria-sito-de","11":"sws-sottocategoria-altro-de","12":"sws-conto-ricavi-merci-rivendita-abbigliamento-de","13":"sws-gruppo-iva-iva81-de","15":"first","16":"instock","17":"shipping-taxable","18":"purchasable","19":"product-type-variable"},"_links":{"self":[{"href":"https:\/\/lucacastelli.com\/de\/wp-json\/wp\/v2\/product\/417814","targetHints":{"allow":["GET"]}}],"collection":[{"href":"https:\/\/lucacastelli.com\/de\/wp-json\/wp\/v2\/product"}],"about":[{"href":"https:\/\/lucacastelli.com\/de\/wp-json\/wp\/v2\/types\/product"}],"wp:featuredmedia":[{"embeddable":true,"href":"https:\/\/lucacastelli.com\/de\/wp-json\/wp\/v2\/media\/85376"}],"wp:attachment":[{"href":"https:\/\/lucacastelli.com\/de\/wp-json\/wp\/v2\/media?parent=417814"}],"wp:term":[{"taxonomy":"product_brand","embeddable":true,"href":"https:\/\/lucacastelli.com\/de\/wp-json\/wp\/v2\/product_brand?post=417814"},{"taxonomy":"product_cat","embeddable":true,"href":"https:\/\/lucacastelli.com\/de\/wp-json\/wp\/v2\/product_cat?post=417814"},{"taxonomy":"product_tag","embeddable":true,"href":"https:\/\/lucacastelli.com\/de\/wp-json\/wp\/v2\/product_tag?post=417814"}],"curies":[{"name":"wp","href":"https:\/\/api.w.org\/{rel}","templated":true}]}}