{"id":417805,"date":"2023-01-13T08:51:28","date_gmt":"2023-01-13T07:51:28","guid":{"rendered":"https:\/\/lucacastelli.com\/prodotto\/pfanner-gladiator-hosentraeger-kids\/"},"modified":"2026-04-18T00:01:04","modified_gmt":"2026-04-17T22:01:04","slug":"pfanner-gladiator-hosentraeger-kids","status":"publish","type":"product","link":"https:\/\/lucacastelli.com\/de\/produkt\/pfanner-gladiator-hosentraeger-kids\/","title":{"rendered":"PFANNER Gladiator Hosentr\u00e4ger Kids"},"content":{"rendered":"<p>Elastische Hosentr\u00e4ger, l\u00e4ngenverstellbar mit Klettverschluss.<br \/>\nJetzt auch in Kindergr\u00f6ssen erh\u00e4ltlich.<\/p>\n<p>Material: 53 % Polyester, 36 % Polyamid, 11 % Elastan.<\/p>\n<p>Gr\u00f6ssen:<br \/>\nGr\u00f6sse 1: bis 128<br \/>\nGr\u00f6sse 2: ab 128<\/p>\n","protected":false},"excerpt":{"rendered":"<p>Elastische Hosentr\u00e4ger, l\u00e4ngenverstellbar mit Klettverschluss. Jetzt auch in Kindergr\u00f6ssen erh\u00e4ltlich. Material: 53 % Polyester, 36 % Polyamid, 11 % Elastan.<\/p>\n","protected":false},"featured_media":85353,"template":"","meta":{"_seopress_robots_primary_cat":"","_seopress_titles_title":"","_seopress_titles_desc":"","_seopress_robots_index":""},"product_brand":[3670],"product_cat":[974,1385,82],"product_tag":[],"class_list":{"0":"post-417805","1":"product","2":"type-product","3":"status-publish","4":"has-post-thumbnail","6":"product_brand-pfanner-de","7":"product_cat-freizeitkleidung","8":"product_cat-kinderbekleidung","9":"product_cat-kleidung","10":"sws-gruppo-no-gruppo-de","11":"sws-categoria-sito-de","12":"sws-sottocategoria-altro-de","13":"sws-conto-ricavi-merci-rivendita-abbigliamento-de","14":"sws-gruppo-iva-iva81-de","16":"first","17":"instock","18":"shipping-taxable","19":"purchasable","20":"product-type-variable"},"_links":{"self":[{"href":"https:\/\/lucacastelli.com\/de\/wp-json\/wp\/v2\/product\/417805","targetHints":{"allow":["GET"]}}],"collection":[{"href":"https:\/\/lucacastelli.com\/de\/wp-json\/wp\/v2\/product"}],"about":[{"href":"https:\/\/lucacastelli.com\/de\/wp-json\/wp\/v2\/types\/product"}],"wp:featuredmedia":[{"embeddable":true,"href":"https:\/\/lucacastelli.com\/de\/wp-json\/wp\/v2\/media\/85353"}],"wp:attachment":[{"href":"https:\/\/lucacastelli.com\/de\/wp-json\/wp\/v2\/media?parent=417805"}],"wp:term":[{"taxonomy":"product_brand","embeddable":true,"href":"https:\/\/lucacastelli.com\/de\/wp-json\/wp\/v2\/product_brand?post=417805"},{"taxonomy":"product_cat","embeddable":true,"href":"https:\/\/lucacastelli.com\/de\/wp-json\/wp\/v2\/product_cat?post=417805"},{"taxonomy":"product_tag","embeddable":true,"href":"https:\/\/lucacastelli.com\/de\/wp-json\/wp\/v2\/product_tag?post=417805"}],"curies":[{"name":"wp","href":"https:\/\/api.w.org\/{rel}","templated":true}]}}