{"id":417759,"date":"2022-11-22T13:01:45","date_gmt":"2022-11-22T12:01:45","guid":{"rendered":"https:\/\/lucacastelli.com\/prodotto\/pfanner-zipp-latz\/"},"modified":"2026-04-17T23:59:16","modified_gmt":"2026-04-17T21:59:16","slug":"pfanner-zipp-latz","status":"publish","type":"product","link":"https:\/\/lucacastelli.com\/de\/produkt\/pfanner-zipp-latz\/","title":{"rendered":"PFANNER Zipp-Latz"},"content":{"rendered":"<p>Fixierbarer R\u00fcckenschutz mit Hosentr\u00e4gern, l\u00e4ngenverstellbar mit Klettverschluss.<\/p>\n<p>Obermaterial: 90 % Polyamid, 10 % Elasthan.<br \/>\nFutter: 53 % Polyester, 36 % Polyamid, 11 % Elasthan<\/p>\n","protected":false},"excerpt":{"rendered":"<p>Fixierbarer R\u00fcckenschutz mit Hosentr\u00e4gern, l\u00e4ngenverstellbar mit Klettverschluss. Obermaterial: 90 % Polyamid, 10 % Elasthan. Futter: 53 % Polyester, 36 %<\/p>\n","protected":false},"featured_media":84439,"template":"","meta":{"_seopress_robots_primary_cat":"","_seopress_titles_title":"","_seopress_titles_desc":"","_seopress_robots_index":""},"product_brand":[3670],"product_cat":[1391,82],"product_tag":[],"class_list":{"0":"post-417759","1":"product","2":"type-product","3":"status-publish","4":"has-post-thumbnail","6":"product_brand-pfanner-de","7":"product_cat-bekleidungs-accessoires","8":"product_cat-kleidung","9":"sws-gruppo-no-gruppo-de","10":"sws-categoria-sito-de","11":"sws-sottocategoria-altro-de","12":"sws-conto-ricavi-merci-rivendita-abbigliamento-de","13":"sws-gruppo-iva-iva81-de","15":"first","16":"onbackorder","17":"shipping-taxable","18":"purchasable","19":"product-type-variable"},"_links":{"self":[{"href":"https:\/\/lucacastelli.com\/de\/wp-json\/wp\/v2\/product\/417759","targetHints":{"allow":["GET"]}}],"collection":[{"href":"https:\/\/lucacastelli.com\/de\/wp-json\/wp\/v2\/product"}],"about":[{"href":"https:\/\/lucacastelli.com\/de\/wp-json\/wp\/v2\/types\/product"}],"wp:featuredmedia":[{"embeddable":true,"href":"https:\/\/lucacastelli.com\/de\/wp-json\/wp\/v2\/media\/84439"}],"wp:attachment":[{"href":"https:\/\/lucacastelli.com\/de\/wp-json\/wp\/v2\/media?parent=417759"}],"wp:term":[{"taxonomy":"product_brand","embeddable":true,"href":"https:\/\/lucacastelli.com\/de\/wp-json\/wp\/v2\/product_brand?post=417759"},{"taxonomy":"product_cat","embeddable":true,"href":"https:\/\/lucacastelli.com\/de\/wp-json\/wp\/v2\/product_cat?post=417759"},{"taxonomy":"product_tag","embeddable":true,"href":"https:\/\/lucacastelli.com\/de\/wp-json\/wp\/v2\/product_tag?post=417759"}],"curies":[{"name":"wp","href":"https:\/\/api.w.org\/{rel}","templated":true}]}}