{"id":417754,"date":"2022-11-23T09:00:19","date_gmt":"2022-11-23T08:00:19","guid":{"rendered":"https:\/\/lucacastelli.com\/prodotto\/pfanner-schluessanhaenger\/"},"modified":"2026-04-14T03:33:49","modified_gmt":"2026-04-14T01:33:49","slug":"pfanner-schluessanhaenger","status":"publish","type":"product","link":"https:\/\/lucacastelli.com\/de\/produkt\/pfanner-schluessanhaenger\/","title":{"rendered":"PFANNER Schl\u00fcsselanh\u00e4nger"},"content":{"rendered":"<p>\u00c4u\u00dferst praktisch dank abnehmbarer Ringe.<\/p>\n<p>So l\u00e4sst sich auch eine gro\u00dfe Schl\u00fcsselsammlung \u00fcbersichtlich organisieren.<\/p>\n","protected":false},"excerpt":{"rendered":"<p>\u00c4u\u00dferst praktisch dank abnehmbarer Ringe. So l\u00e4sst sich auch eine gro\u00dfe Schl\u00fcsselsammlung \u00fcbersichtlich organisieren.<\/p>\n","protected":false},"featured_media":84463,"template":"","meta":{"_seopress_robots_primary_cat":"","_seopress_titles_title":"","_seopress_titles_desc":"","_seopress_robots_index":""},"product_brand":[3670],"product_cat":[1478],"product_tag":[],"class_list":{"0":"post-417754","1":"product","2":"type-product","3":"status-publish","4":"has-post-thumbnail","6":"product_brand-pfanner-de","7":"product_cat-shop-de","8":"sws-gruppo-no-gruppo-de","9":"sws-categoria-sito-de","10":"sws-sottocategoria-altro-de","11":"sws-conto-ricavi-merci-rivendita-abbigliamento-de","12":"sws-gruppo-iva-iva81-de","14":"first","15":"onbackorder","16":"shipping-taxable","17":"purchasable","18":"product-type-variable"},"_links":{"self":[{"href":"https:\/\/lucacastelli.com\/de\/wp-json\/wp\/v2\/product\/417754","targetHints":{"allow":["GET"]}}],"collection":[{"href":"https:\/\/lucacastelli.com\/de\/wp-json\/wp\/v2\/product"}],"about":[{"href":"https:\/\/lucacastelli.com\/de\/wp-json\/wp\/v2\/types\/product"}],"wp:featuredmedia":[{"embeddable":true,"href":"https:\/\/lucacastelli.com\/de\/wp-json\/wp\/v2\/media\/84463"}],"wp:attachment":[{"href":"https:\/\/lucacastelli.com\/de\/wp-json\/wp\/v2\/media?parent=417754"}],"wp:term":[{"taxonomy":"product_brand","embeddable":true,"href":"https:\/\/lucacastelli.com\/de\/wp-json\/wp\/v2\/product_brand?post=417754"},{"taxonomy":"product_cat","embeddable":true,"href":"https:\/\/lucacastelli.com\/de\/wp-json\/wp\/v2\/product_cat?post=417754"},{"taxonomy":"product_tag","embeddable":true,"href":"https:\/\/lucacastelli.com\/de\/wp-json\/wp\/v2\/product_tag?post=417754"}],"curies":[{"name":"wp","href":"https:\/\/api.w.org\/{rel}","templated":true}]}}