{"id":417747,"date":"2022-11-22T14:13:13","date_gmt":"2022-11-22T13:13:13","guid":{"rendered":"https:\/\/lucacastelli.com\/prodotto\/pfanner-zeckenkarte\/"},"modified":"2026-04-14T03:34:19","modified_gmt":"2026-04-14T01:34:19","slug":"pfanner-zeckenkarte","status":"publish","type":"product","link":"https:\/\/lucacastelli.com\/de\/produkt\/pfanner-zeckenkarte\/","title":{"rendered":"PFANNER Zeckenkarte"},"content":{"rendered":"<p>Zecken ohne Kraftaufwand und vor allem sicher entfernen? Mit der Zeckenkarte von Pfanner ist das ganz einfach. Die Zecke wird mit dem speziellen Kartenausschnitt herausgeschoben. So l\u00e4sst sich die \u00dcbertragung gef\u00e4hrlicher Bakterien verhindern.   <\/p>\n","protected":false},"excerpt":{"rendered":"<p>Zecken ohne Kraftaufwand und vor allem sicher entfernen? Mit der Zeckenkarte von Pfanner ist das ganz einfach. Die Zecke wird<\/p>\n","protected":false},"featured_media":84454,"template":"","meta":{"_seopress_robots_primary_cat":"","_seopress_titles_title":"","_seopress_titles_desc":"","_seopress_robots_index":""},"product_brand":[3458],"product_cat":[1103],"product_tag":[],"class_list":{"0":"post-417747","1":"product","2":"type-product","3":"status-publish","4":"has-post-thumbnail","6":"product_brand-pfanner","7":"product_cat-shops","8":"sws-gruppo-no-gruppo-de","9":"sws-categoria-sito-de","10":"sws-sottocategoria-altro-de","11":"sws-conto-ricavi-merci-rivendita-abbigliamento-de","12":"sws-gruppo-iva-iva81-de","14":"first","15":"instock","16":"shipping-taxable","17":"purchasable","18":"product-type-simple"},"_links":{"self":[{"href":"https:\/\/lucacastelli.com\/de\/wp-json\/wp\/v2\/product\/417747","targetHints":{"allow":["GET"]}}],"collection":[{"href":"https:\/\/lucacastelli.com\/de\/wp-json\/wp\/v2\/product"}],"about":[{"href":"https:\/\/lucacastelli.com\/de\/wp-json\/wp\/v2\/types\/product"}],"wp:featuredmedia":[{"embeddable":true,"href":"https:\/\/lucacastelli.com\/de\/wp-json\/wp\/v2\/media\/84454"}],"wp:attachment":[{"href":"https:\/\/lucacastelli.com\/de\/wp-json\/wp\/v2\/media?parent=417747"}],"wp:term":[{"taxonomy":"product_brand","embeddable":true,"href":"https:\/\/lucacastelli.com\/de\/wp-json\/wp\/v2\/product_brand?post=417747"},{"taxonomy":"product_cat","embeddable":true,"href":"https:\/\/lucacastelli.com\/de\/wp-json\/wp\/v2\/product_cat?post=417747"},{"taxonomy":"product_tag","embeddable":true,"href":"https:\/\/lucacastelli.com\/de\/wp-json\/wp\/v2\/product_tag?post=417747"}],"curies":[{"name":"wp","href":"https:\/\/api.w.org\/{rel}","templated":true}]}}