{"id":417724,"date":"2022-09-30T14:27:27","date_gmt":"2022-09-30T12:27:27","guid":{"rendered":"https:\/\/lucacastelli.com\/prodotto\/pfanner-olbia-lichtschlauch\/"},"modified":"2025-07-27T08:18:33","modified_gmt":"2025-07-27T06:18:33","slug":"pfanner-olbia-lichtschlauch","status":"publish","type":"product","link":"https:\/\/lucacastelli.com\/de\/produkt\/pfanner-olbia-lichtschlauch\/","title":{"rendered":"PFANNER Olbia Lichtschlauch"},"content":{"rendered":"<p>Outdoorhose Pfanner Olbia light 107260 Sehr leichte und elastische Hose mit hoher Rei\u00dffestigkeit dank des Gewebes Nylon\/Spandex4. Die klimaregulierende und schnell trocknende Faser sorgt f\u00fcr einen guten Tragekomfort auch bei hohen Temperaturen. Der elastische Stoff verleiht dem Kleidungsst\u00fcck eine hohe Bewegungsfreiheit. Auf beiden Seiten der Oberschenkel befindet sich eine leicht zug\u00e4ngliche Zipp2Zipp-Seitentasche\u00ae.   <\/p>\n<p>Material: 88% Nylon und 12% Elasthan 198gr\/m2<\/p>\n","protected":false},"excerpt":{"rendered":"<p>Outdoorhose Pfanner Olbia light 107260 Sehr leichte und elastische Hose mit hoher Rei\u00dffestigkeit dank des Gewebes Nylon\/Spandex4. Die klimaregulierende und<\/p>\n","protected":false},"featured_media":43467,"template":"","meta":{"_seopress_robots_primary_cat":"","_seopress_titles_title":"","_seopress_titles_desc":"","_seopress_robots_index":""},"product_brand":[3670],"product_cat":[1382,82],"product_tag":[],"class_list":{"0":"post-417724","1":"product","2":"type-product","3":"status-publish","4":"has-post-thumbnail","6":"product_brand-pfanner-de","7":"product_cat-arbeitskleidung","8":"product_cat-kleidung","9":"sws-gruppo-no-gruppo-de","10":"sws-categoria-sito-de","11":"sws-sottocategoria-altro-de","12":"sws-conto-ricavi-merci-rivendita-abbigliamento-de","13":"sws-gruppo-iva-iva81-de","15":"first","16":"instock","17":"shipping-taxable","18":"purchasable","19":"product-type-variable"},"_links":{"self":[{"href":"https:\/\/lucacastelli.com\/de\/wp-json\/wp\/v2\/product\/417724","targetHints":{"allow":["GET"]}}],"collection":[{"href":"https:\/\/lucacastelli.com\/de\/wp-json\/wp\/v2\/product"}],"about":[{"href":"https:\/\/lucacastelli.com\/de\/wp-json\/wp\/v2\/types\/product"}],"wp:featuredmedia":[{"embeddable":true,"href":"https:\/\/lucacastelli.com\/de\/wp-json\/wp\/v2\/media\/43467"}],"wp:attachment":[{"href":"https:\/\/lucacastelli.com\/de\/wp-json\/wp\/v2\/media?parent=417724"}],"wp:term":[{"taxonomy":"product_brand","embeddable":true,"href":"https:\/\/lucacastelli.com\/de\/wp-json\/wp\/v2\/product_brand?post=417724"},{"taxonomy":"product_cat","embeddable":true,"href":"https:\/\/lucacastelli.com\/de\/wp-json\/wp\/v2\/product_cat?post=417724"},{"taxonomy":"product_tag","embeddable":true,"href":"https:\/\/lucacastelli.com\/de\/wp-json\/wp\/v2\/product_tag?post=417724"}],"curies":[{"name":"wp","href":"https:\/\/api.w.org\/{rel}","templated":true}]}}