{"id":417716,"date":"2022-09-23T09:46:13","date_gmt":"2022-09-23T07:46:13","guid":{"rendered":"https:\/\/lucacastelli.com\/prodotto\/pfanner-lodenhose\/"},"modified":"2026-04-18T01:36:27","modified_gmt":"2026-04-17T23:36:27","slug":"pfanner-lodenhose","status":"publish","type":"product","link":"https:\/\/lucacastelli.com\/de\/produkt\/pfanner-lodenhose\/","title":{"rendered":"PFANNER Lodenhose"},"content":{"rendered":"<p>Traditionelles sp\u00fcrbar verbessert. Wie gewohnt ist die Lodenhose absolut ger\u00e4uschlos. Das Cocona-Funktionsfutter ist entscheidend f\u00fcr den Tragekomfort. Es reguliert das Klima, wirkt geruchshemmend und leitet Feuchtigkeit vom K\u00f6rper weg. Die integrierte Gamasche sch\u00fctzt vor Zecken und Schmutz.    <\/p>\n<p>&#8211; Wasserabweisender und ger\u00e4uschloser Lodenstoff<br \/>\n&#8211; Hochwertiges Cocona-Funktionsfutter<br \/>\n&#8211; Integrierte Gamasche gegen Schmutz und Schnee<br \/>\n&#8211; Funktioneller Schnitt<br \/>\n&#8211; Nierenschutz<\/p>\n<p>Obermaterial: 67 % Merinowolle; 25 % Polyamid; 5 % Alpaka; 3 % Elasthan<br \/>\nFutter: 100 % Cocona-Polyester<\/p>\n","protected":false},"excerpt":{"rendered":"<p>Traditionelles sp\u00fcrbar verbessert. Wie gewohnt ist die Lodenhose absolut ger\u00e4uschlos. Das Cocona-Funktionsfutter ist entscheidend f\u00fcr den Tragekomfort. Es reguliert das<\/p>\n","protected":false},"featured_media":82189,"template":"","meta":{"_seopress_robots_primary_cat":"","_seopress_titles_title":"","_seopress_titles_desc":"","_seopress_robots_index":""},"product_brand":[3670],"product_cat":[974,82,1394],"product_tag":[],"class_list":{"0":"post-417716","1":"product","2":"type-product","3":"status-publish","4":"has-post-thumbnail","6":"product_brand-pfanner-de","7":"product_cat-freizeitkleidung","8":"product_cat-kleidung","9":"product_cat-sonstige-freizeitbekleidung","10":"sws-gruppo-no-gruppo-de","11":"sws-categoria-sito-de","12":"sws-sottocategoria-altro-de","13":"sws-conto-ricavi-merci-rivendita-abbigliamento-de","14":"sws-gruppo-iva-iva81-de","16":"first","17":"instock","18":"shipping-taxable","19":"purchasable","20":"product-type-variable"},"_links":{"self":[{"href":"https:\/\/lucacastelli.com\/de\/wp-json\/wp\/v2\/product\/417716","targetHints":{"allow":["GET"]}}],"collection":[{"href":"https:\/\/lucacastelli.com\/de\/wp-json\/wp\/v2\/product"}],"about":[{"href":"https:\/\/lucacastelli.com\/de\/wp-json\/wp\/v2\/types\/product"}],"wp:featuredmedia":[{"embeddable":true,"href":"https:\/\/lucacastelli.com\/de\/wp-json\/wp\/v2\/media\/82189"}],"wp:attachment":[{"href":"https:\/\/lucacastelli.com\/de\/wp-json\/wp\/v2\/media?parent=417716"}],"wp:term":[{"taxonomy":"product_brand","embeddable":true,"href":"https:\/\/lucacastelli.com\/de\/wp-json\/wp\/v2\/product_brand?post=417716"},{"taxonomy":"product_cat","embeddable":true,"href":"https:\/\/lucacastelli.com\/de\/wp-json\/wp\/v2\/product_cat?post=417716"},{"taxonomy":"product_tag","embeddable":true,"href":"https:\/\/lucacastelli.com\/de\/wp-json\/wp\/v2\/product_tag?post=417716"}],"curies":[{"name":"wp","href":"https:\/\/api.w.org\/{rel}","templated":true}]}}