{"id":417640,"date":"2022-09-23T07:55:12","date_gmt":"2022-09-23T05:55:12","guid":{"rendered":"https:\/\/lucacastelli.com\/prodotto\/pfanner-holzer-set-ganzjahresset\/"},"modified":"2026-04-18T01:37:29","modified_gmt":"2026-04-17T23:37:29","slug":"pfanner-holzer-set-ganzjahresset","status":"publish","type":"product","link":"https:\/\/lucacastelli.com\/de\/produkt\/pfanner-holzer-set-ganzjahresset\/","title":{"rendered":"PFANNER Holzer Set All Season"},"content":{"rendered":"<p>&#8211; Bestehend aus Pullover, T-Shirt und Unterhemd<br \/>\nin einem PFANNER Baumwollbeutel<br \/>\n&#8211; Holzer-Logo in Silber, Bronze und Gold gedruckt<br \/>\n&#8211; Formbest\u00e4ndigkeit durch Schulter-zu-Schulter<br \/>\nNackenband<br \/>\n&#8211; T-Shirt und Unterhemden ohne Seitenn\u00e4hte<br \/>\n&#8211; Unisex<br \/>\n&#8211; Auch in Kindergr\u00f6\u00dfen erh\u00e4ltlich<br \/>\n&#8211; Ideal als Geschenk<\/p>\n<p>Gr\u00f6\u00dfen: S &#8211; 3XL \/ S &#8211; L (Kinder)<\/p>\n","protected":false},"excerpt":{"rendered":"<p>&#8211; Bestehend aus Pullover, T-Shirt und Unterhemd in einem PFANNER Baumwollbeutel &#8211; Holzer-Logo in Silber, Bronze und Gold gedruckt &#8211;<\/p>\n","protected":false},"featured_media":82104,"template":"","meta":{"_seopress_robots_primary_cat":"","_seopress_titles_title":"","_seopress_titles_desc":"","_seopress_robots_index":""},"product_brand":[3670],"product_cat":[974,975,82],"product_tag":[],"class_list":{"0":"post-417640","1":"product","2":"type-product","3":"status-publish","4":"has-post-thumbnail","6":"product_brand-pfanner-de","7":"product_cat-freizeitkleidung","8":"product_cat-herrenbekleidung","9":"product_cat-kleidung","10":"sws-gruppo-no-gruppo-de","11":"sws-categoria-sito-de","12":"sws-sottocategoria-altro-de","13":"sws-conto-ricavi-merci-rivendita-abbigliamento-de","14":"sws-gruppo-iva-iva81-de","16":"first","17":"instock","18":"shipping-taxable","19":"purchasable","20":"product-type-variable"},"_links":{"self":[{"href":"https:\/\/lucacastelli.com\/de\/wp-json\/wp\/v2\/product\/417640","targetHints":{"allow":["GET"]}}],"collection":[{"href":"https:\/\/lucacastelli.com\/de\/wp-json\/wp\/v2\/product"}],"about":[{"href":"https:\/\/lucacastelli.com\/de\/wp-json\/wp\/v2\/types\/product"}],"wp:featuredmedia":[{"embeddable":true,"href":"https:\/\/lucacastelli.com\/de\/wp-json\/wp\/v2\/media\/82104"}],"wp:attachment":[{"href":"https:\/\/lucacastelli.com\/de\/wp-json\/wp\/v2\/media?parent=417640"}],"wp:term":[{"taxonomy":"product_brand","embeddable":true,"href":"https:\/\/lucacastelli.com\/de\/wp-json\/wp\/v2\/product_brand?post=417640"},{"taxonomy":"product_cat","embeddable":true,"href":"https:\/\/lucacastelli.com\/de\/wp-json\/wp\/v2\/product_cat?post=417640"},{"taxonomy":"product_tag","embeddable":true,"href":"https:\/\/lucacastelli.com\/de\/wp-json\/wp\/v2\/product_tag?post=417640"}],"curies":[{"name":"wp","href":"https:\/\/api.w.org\/{rel}","templated":true}]}}