{"id":417587,"date":"2022-09-23T07:21:42","date_gmt":"2022-09-23T05:21:42","guid":{"rendered":"https:\/\/lucacastelli.com\/prodotto\/pfanner-stretchflex-griff-hpt-cut-d\/"},"modified":"2025-07-27T08:18:58","modified_gmt":"2025-07-27T06:18:58","slug":"pfanner-stretchflex-griff-hpt-cut-d","status":"publish","type":"product","link":"https:\/\/lucacastelli.com\/de\/produkt\/pfanner-stretchflex-griff-hpt-cut-d\/","title":{"rendered":"PFANNER StretchFlex Griff HPT Cut D"},"content":{"rendered":"<p>Der Handschuh besteht aus Polyester-Stahl-Polyamid und ist auf der Innenhand HPT-beschichtet. Wie der Name und die Zusammensetzung vermuten lassen, ist der Handschuh mit einem Schnittschutz ausgestattet (nicht f\u00fcr S\u00e4geketten). Diese Art von Handschuhen wird unter anderem in der Metall- und Glasindustrie eingesetzt. Aufgrund seiner soliden Struktur und der Festigkeit des Materials ist es aber auch f\u00fcr den forstwirtschaftlichen Einsatz geeignet. Trotz der Dicke des Materials sp\u00fcrt man immer noch die Finger, um die Werkzeuge zu bedienen und die Kn\u00f6pfe zu dr\u00fccken.      <\/p>\n<p>Material:  <\/p>\n<p>Gestrick: Polyester-Stahl-Polyamid<br \/>\nFutter: HPT rutschfest<\/p>\n","protected":false},"excerpt":{"rendered":"<p>Der Handschuh besteht aus Polyester-Stahl-Polyamid und ist auf der Innenhand HPT-beschichtet. Wie der Name und die Zusammensetzung vermuten lassen, ist<\/p>\n","protected":false},"featured_media":43447,"template":"","meta":{"_seopress_robots_primary_cat":"","_seopress_titles_title":"","_seopress_titles_desc":"","_seopress_robots_index":""},"product_brand":[3458],"product_cat":[21,284],"product_tag":[],"class_list":{"0":"post-417587","1":"product","2":"type-product","3":"status-publish","4":"has-post-thumbnail","6":"product_brand-pfanner","7":"product_cat-abbigliamento","8":"product_cat-abbigliamento-da-lavoro","9":"sws-gruppo-no-gruppo","10":"sws-categoria-sito","11":"sws-sottocategoria-altro","12":"sws-conto-ricavi-merci-rivendita-abbigliamento","13":"sws-gruppo-iva-iva81","15":"first","16":"instock","17":"shipping-taxable","18":"purchasable","19":"product-type-variable"},"_links":{"self":[{"href":"https:\/\/lucacastelli.com\/de\/wp-json\/wp\/v2\/product\/417587","targetHints":{"allow":["GET"]}}],"collection":[{"href":"https:\/\/lucacastelli.com\/de\/wp-json\/wp\/v2\/product"}],"about":[{"href":"https:\/\/lucacastelli.com\/de\/wp-json\/wp\/v2\/types\/product"}],"wp:featuredmedia":[{"embeddable":true,"href":"https:\/\/lucacastelli.com\/de\/wp-json\/wp\/v2\/media\/43447"}],"wp:attachment":[{"href":"https:\/\/lucacastelli.com\/de\/wp-json\/wp\/v2\/media?parent=417587"}],"wp:term":[{"taxonomy":"product_brand","embeddable":true,"href":"https:\/\/lucacastelli.com\/de\/wp-json\/wp\/v2\/product_brand?post=417587"},{"taxonomy":"product_cat","embeddable":true,"href":"https:\/\/lucacastelli.com\/de\/wp-json\/wp\/v2\/product_cat?post=417587"},{"taxonomy":"product_tag","embeddable":true,"href":"https:\/\/lucacastelli.com\/de\/wp-json\/wp\/v2\/product_tag?post=417587"}],"curies":[{"name":"wp","href":"https:\/\/api.w.org\/{rel}","templated":true}]}}