{"id":417514,"date":"2022-07-14T09:51:14","date_gmt":"2022-07-14T07:51:14","guid":{"rendered":"https:\/\/lucacastelli.com\/prodotto\/pfanner-boa-schnittschutzschuh\/"},"modified":"2026-04-14T03:32:59","modified_gmt":"2026-04-14T01:32:59","slug":"pfanner-boa-schnittschutzschuh","status":"publish","type":"product","link":"https:\/\/lucacastelli.com\/de\/produkt\/pfanner-boa-schnittschutzschuh\/","title":{"rendered":"PFANNER BOA Schnittschutzschuh"},"content":{"rendered":"<p>Der neue BOA\u00ae Schnittschutzstiefel ist der leichteste Forststiefel im PFANNER-Sortiment. Der BOA\u00ae Forststiefel mit extrem hohem Schaft erf\u00fcllt sowohl die Schnittschutzklasse 2 als auch die Sicherheitsklasse S3, wiegt aber in Gr\u00f6\u00dfe 41 dennoch weniger als 1 kg. <\/p>\n<p>Schnittschutz, Obermaterial und Ger\u00f6llschutz sind durch patentierte Nieten stabil miteinander verbunden.<\/p>\n<p>Der Schnittschutzstiefel ist mit einem dualen BOA\u00ae Fit System ausgestattet, das ein schnelles An- und Ausziehen erm\u00f6glicht. Die Schn\u00fcrung l\u00e4sst sich durch Drehen der Kn\u00f6pfe am Rist und am Schienbein nach Bedarf festziehen. Durch Ziehen am Knopf wird die Fixierung gel\u00f6st und der Schuh l\u00e4sst sich beliebig weit \u00f6ffnen. Das Seil selbst besteht aus 49 feinen, nylonummantelten Edelstahlf\u00e4den (7 B\u00fcndel mit je 7 F\u00e4den).   <\/p>\n<p>Dank SympaTex\u00ae-Membran, Cordura\u00ae-Futter und Ger\u00f6llschutzrand ist der BOA\u00ae Schnittschutzstiefel wasserdicht und robust. Die VIBRAM\u00ae-Sohle mit Gebirgsprofil ist mit einer durchstichfesten Kevlar-Verst\u00e4rkung ausgestattet. <\/p>\n","protected":false},"excerpt":{"rendered":"<p>Der neue BOA\u00ae Schnittschutzstiefel ist der leichteste Forststiefel im PFANNER-Sortiment. Der BOA\u00ae Forststiefel mit extrem hohem Schaft erf\u00fcllt sowohl die<\/p>\n","protected":false},"featured_media":76292,"template":"","meta":{"_seopress_robots_primary_cat":"","_seopress_titles_title":"","_seopress_titles_desc":"","_seopress_robots_index":""},"product_brand":[3670],"product_cat":[175,1424],"product_tag":[],"class_list":{"0":"post-417514","1":"product","2":"type-product","3":"status-publish","4":"has-post-thumbnail","6":"product_brand-pfanner-de","7":"product_cat-schuhe","8":"product_cat-arbeitsschuhe","9":"sws-gruppo-no-gruppo-de","10":"sws-categoria-sito-de","11":"sws-sottocategoria-altro-de","12":"sws-conto-ricavi-merci-rivendita-abbigliamento-de","13":"sws-gruppo-iva-iva81-de","15":"first","16":"instock","17":"shipping-taxable","18":"purchasable","19":"product-type-variable"},"_links":{"self":[{"href":"https:\/\/lucacastelli.com\/de\/wp-json\/wp\/v2\/product\/417514","targetHints":{"allow":["GET"]}}],"collection":[{"href":"https:\/\/lucacastelli.com\/de\/wp-json\/wp\/v2\/product"}],"about":[{"href":"https:\/\/lucacastelli.com\/de\/wp-json\/wp\/v2\/types\/product"}],"wp:featuredmedia":[{"embeddable":true,"href":"https:\/\/lucacastelli.com\/de\/wp-json\/wp\/v2\/media\/76292"}],"wp:attachment":[{"href":"https:\/\/lucacastelli.com\/de\/wp-json\/wp\/v2\/media?parent=417514"}],"wp:term":[{"taxonomy":"product_brand","embeddable":true,"href":"https:\/\/lucacastelli.com\/de\/wp-json\/wp\/v2\/product_brand?post=417514"},{"taxonomy":"product_cat","embeddable":true,"href":"https:\/\/lucacastelli.com\/de\/wp-json\/wp\/v2\/product_cat?post=417514"},{"taxonomy":"product_tag","embeddable":true,"href":"https:\/\/lucacastelli.com\/de\/wp-json\/wp\/v2\/product_tag?post=417514"}],"curies":[{"name":"wp","href":"https:\/\/api.w.org\/{rel}","templated":true}]}}