{"id":417492,"date":"2022-07-14T07:21:16","date_gmt":"2022-07-14T05:21:16","guid":{"rendered":"https:\/\/lucacastelli.com\/prodotto\/pfanner-protos-integral-crashdaempfer\/"},"modified":"2026-03-24T12:45:49","modified_gmt":"2026-03-24T11:45:49","slug":"pfanner-protos-integral-crashdaempfer","status":"publish","type":"product","link":"https:\/\/lucacastelli.com\/de\/produkt\/pfanner-protos-integral-crashdaempfer\/","title":{"rendered":"PFANNER Protos Integral-Crashd\u00e4mpfer"},"content":{"rendered":"<p>5-fache Absorption von St\u00f6\u00dfen gegen extreme Risiken. Die Protos Crash Absorber-Technologie kommt auch im Airbus A380 zum Einsatz. Dank der Wabenstruktur ist der Protos Crash Absorber extrem leicht, da er sich zu 95 % aus Luft und zu nur 5 % aus Aderhaut zusammensetzt.    <\/p>\n<p>Die Vorteile des Crash Absorbers auf einen Blick:<\/p>\n<p>Trotz seines geringen Gewichts bietet der Crash Absorber einen extrem starken Schutz. M\u00f6glich wird dies durch die Koroyd-Wabenstruktur.<br \/>\nNur 5% Koroyd und die Wabenstruktur sorgen daf\u00fcr, dass die Bel\u00fcftung des Prototyps auch mit dem Crash Absorber gew\u00e4hrleistet ist.<br \/>\nKoroyd ist vollst\u00e4ndig recycelbar und kann in anderen Produkten wiederverwendet werden.<br \/>\nDer Cras Absorber macht Sch\u00e4den sichtbar und signalisiert dem Tr\u00e4ger, den Kopfschutz auszutauschen.<br \/>\nGepr\u00fcft und zugelassen nach EN 397 und EN 12492 <\/p>\n","protected":false},"excerpt":{"rendered":"<p>5-fache Absorption von St\u00f6\u00dfen gegen extreme Risiken. Die Protos Crash Absorber-Technologie kommt auch im Airbus A380 zum Einsatz. Dank der<\/p>\n","protected":false},"featured_media":76181,"template":"","meta":{"_seopress_robots_primary_cat":"","_seopress_titles_title":"","_seopress_titles_desc":"","_seopress_robots_index":""},"product_brand":[3458],"product_cat":[33,537,815,816],"product_tag":[],"class_list":{"0":"post-417492","1":"product","2":"type-product","3":"status-publish","4":"has-post-thumbnail","6":"product_brand-pfanner","7":"product_cat-attrezzature","8":"product_cat-attrezzatura-da-lavoro","9":"product_cat-caschi","10":"product_cat-visiere-e-occhiali-protettivi","11":"sws-gruppo-no-gruppo-de","12":"sws-categoria-sito-de","13":"sws-sottocategoria-altro-de","14":"sws-conto-ricavi-merci-rivendita-abbigliamento-de","15":"sws-gruppo-iva-iva81-de","17":"first","18":"instock","19":"shipping-taxable","20":"purchasable","21":"product-type-simple"},"_links":{"self":[{"href":"https:\/\/lucacastelli.com\/de\/wp-json\/wp\/v2\/product\/417492","targetHints":{"allow":["GET"]}}],"collection":[{"href":"https:\/\/lucacastelli.com\/de\/wp-json\/wp\/v2\/product"}],"about":[{"href":"https:\/\/lucacastelli.com\/de\/wp-json\/wp\/v2\/types\/product"}],"wp:featuredmedia":[{"embeddable":true,"href":"https:\/\/lucacastelli.com\/de\/wp-json\/wp\/v2\/media\/76181"}],"wp:attachment":[{"href":"https:\/\/lucacastelli.com\/de\/wp-json\/wp\/v2\/media?parent=417492"}],"wp:term":[{"taxonomy":"product_brand","embeddable":true,"href":"https:\/\/lucacastelli.com\/de\/wp-json\/wp\/v2\/product_brand?post=417492"},{"taxonomy":"product_cat","embeddable":true,"href":"https:\/\/lucacastelli.com\/de\/wp-json\/wp\/v2\/product_cat?post=417492"},{"taxonomy":"product_tag","embeddable":true,"href":"https:\/\/lucacastelli.com\/de\/wp-json\/wp\/v2\/product_tag?post=417492"}],"curies":[{"name":"wp","href":"https:\/\/api.w.org\/{rel}","templated":true}]}}