{"id":417484,"date":"2022-07-14T07:00:14","date_gmt":"2022-07-14T05:00:14","guid":{"rendered":"https:\/\/lucacastelli.com\/prodotto\/pfanner-waschkraftverstaerker\/"},"modified":"2026-04-12T21:16:04","modified_gmt":"2026-04-12T19:16:04","slug":"pfanner-waschkraftverstaerker","status":"publish","type":"product","link":"https:\/\/lucacastelli.com\/de\/produkt\/pfanner-waschkraftverstaerker\/","title":{"rendered":"PFANNER Waschkraftverst\u00e4rker"},"content":{"rendered":"<p>Hochkonzentrierter, fl\u00fcssiger Waschverst\u00e4rker f\u00fcr die Reinigung von verschmutzter Schutzkleidung. Die Kleidung wird mit der Spr\u00fchflasche vorbehandelt und anschlie\u00dfend mit einem normalen Colorwaschmittel gewaschen. Der Waschkraftverst\u00e4rker macht die Kleidungsst\u00fccke auch bei 30-40\u00b0C wieder sauber.  <\/p>\n<p>1000 ml VOC 2,8%<\/p>\n","protected":false},"excerpt":{"rendered":"<p>Hochkonzentrierter, fl\u00fcssiger Waschverst\u00e4rker f\u00fcr die Reinigung von verschmutzter Schutzkleidung. Die Kleidung wird mit der Spr\u00fchflasche vorbehandelt und anschlie\u00dfend mit einem<\/p>\n","protected":false},"featured_media":42988,"template":"","meta":{"_seopress_robots_primary_cat":"","_seopress_titles_title":"","_seopress_titles_desc":"","_seopress_robots_index":""},"product_brand":[3458],"product_cat":[21,284],"product_tag":[],"class_list":{"0":"post-417484","1":"product","2":"type-product","3":"status-publish","4":"has-post-thumbnail","6":"product_brand-pfanner","7":"product_cat-abbigliamento","8":"product_cat-abbigliamento-da-lavoro","9":"sws-gruppo-no-gruppo-de","10":"sws-categoria-sito-de","11":"sws-sottocategoria-altro-de","12":"sws-conto-ricavi-merci-rivendita-abbigliamento-de","13":"sws-gruppo-iva-iva81-de","15":"first","16":"onbackorder","17":"shipping-taxable","18":"purchasable","19":"product-type-simple"},"_links":{"self":[{"href":"https:\/\/lucacastelli.com\/de\/wp-json\/wp\/v2\/product\/417484","targetHints":{"allow":["GET"]}}],"collection":[{"href":"https:\/\/lucacastelli.com\/de\/wp-json\/wp\/v2\/product"}],"about":[{"href":"https:\/\/lucacastelli.com\/de\/wp-json\/wp\/v2\/types\/product"}],"wp:featuredmedia":[{"embeddable":true,"href":"https:\/\/lucacastelli.com\/de\/wp-json\/wp\/v2\/media\/42988"}],"wp:attachment":[{"href":"https:\/\/lucacastelli.com\/de\/wp-json\/wp\/v2\/media?parent=417484"}],"wp:term":[{"taxonomy":"product_brand","embeddable":true,"href":"https:\/\/lucacastelli.com\/de\/wp-json\/wp\/v2\/product_brand?post=417484"},{"taxonomy":"product_cat","embeddable":true,"href":"https:\/\/lucacastelli.com\/de\/wp-json\/wp\/v2\/product_cat?post=417484"},{"taxonomy":"product_tag","embeddable":true,"href":"https:\/\/lucacastelli.com\/de\/wp-json\/wp\/v2\/product_tag?post=417484"}],"curies":[{"name":"wp","href":"https:\/\/api.w.org\/{rel}","templated":true}]}}