{"id":417477,"date":"2022-07-14T06:38:14","date_gmt":"2022-07-14T04:38:14","guid":{"rendered":"https:\/\/lucacastelli.com\/prodotto\/pfanner-boa-bau-s3\/"},"modified":"2025-07-27T08:20:25","modified_gmt":"2025-07-27T06:20:25","slug":"pfanner-boa-bau-s3","status":"publish","type":"product","link":"https:\/\/lucacastelli.com\/de\/produkt\/pfanner-boa-bau-s3\/","title":{"rendered":"PFANNER BOA Bau S3"},"content":{"rendered":"<p>Die S3 &#8220;BOA\u00ae Bau&#8221; Sicherheitsstiefel von Pfanner\u00ae sind die idealen Begleiter f\u00fcr alle Aufgaben im Bau-, Garten- und Landschaftsbau sowie in der Landwirtschaft. Die Schuhe bestechen durch ihre hohe Robustheit, ihr geringes Gewicht und die besonders leicht zu reinigende Sohle. Das Obermaterial besteht aus einem strapazierf\u00e4higen, sympatexfarbenen Leder. Dar\u00fcber hinaus sind der Ger\u00f6llschutz und das Obermaterial miteinander vernietet, um eine h\u00f6here Haltbarkeit zu bieten. Auf der Innenseite der Schuhe wurde Cordura verwendet, das besonders abriebfest und wasserabweisend ist.    <\/p>\n<p>Die Vibram-Sohle\u00ae ist best\u00e4ndig gegen \u00d6l und Benzin. Die spezielle Form der Sohle erm\u00f6glicht eine einfache Reinigung mit einem Wasserstrahl, so dass Wasser und Schmutz ohne Spritzer abflie\u00dfen. F\u00fcr die n\u00f6tige Sicherheit sch\u00fctzt eine sch\u00fctzende Fiberglaskappe Ihre Zehen vor herabfallenden Gegenst\u00e4nden oder St\u00f6\u00dfen. Auch vor herumliegenden scharfen oder spitzen Gegenst\u00e4nden sind Sie dank des flexiblen Kevlar-Durchtrittschutzes\u00ae bestens gesch\u00fctzt.     <\/p>\n<p>Die hohen Stiefel lassen sich mit dem innovativen BOA\u00ae Fit System schlie\u00dfen und sorgen f\u00fcr einen perfekten und festen Sitz der Schuhe. Dank des ausgekl\u00fcgelten BOA-Verschlusssystems\u00ae lassen sich die Schuhe zudem besonders schnell an- und ausziehen und lassen sich auch mit einer Hand oder Handschuhen verstellen. Die Zunge und die Wasserzunge sind aus echtem Leder gefertigt, so dass die hohen Stiefel auch ideal f\u00fcr Schwei\u00df und flexibles Arbeiten geeignet sind.<br \/>\nBesondere Merkmale:<br \/>\nObermaterial und Ger\u00f6llschutz durchgehend<br \/>\nmiteinander vernietet Innovativer BOA\u00ae Fit-Verschluss<br \/>\nGeringes Gewicht<br \/>\nLeicht zu reinigende<br \/>\nSohle Metallfreier<br \/>\nZehen- und Durchtrittschutz Spezifikationen:<br \/>\nObermaterial: Leder, Sympatex<br \/>\nInnenfutter: Cordura<br \/>\nLaufsohle: Vibram<br \/>\n\u00aeSicherheitsklasse: S3<br \/>\nZehenschutzkappe: Fiberglas<br \/>\nDurchtrittschutz: Kevlar  <\/p>\n","protected":false},"excerpt":{"rendered":"<p>Die S3 &#8220;BOA\u00ae Bau&#8221; Sicherheitsstiefel von Pfanner\u00ae sind die idealen Begleiter f\u00fcr alle Aufgaben im Bau-, Garten- und Landschaftsbau sowie<\/p>\n","protected":false},"featured_media":76128,"template":"","meta":{"_seopress_robots_primary_cat":"","_seopress_titles_title":"","_seopress_titles_desc":"","_seopress_robots_index":""},"product_brand":[3458],"product_cat":[28,796],"product_tag":[],"class_list":{"0":"post-417477","1":"product","2":"type-product","3":"status-publish","4":"has-post-thumbnail","6":"product_brand-pfanner","7":"product_cat-calzature","8":"product_cat-calzature-da-lavoro","9":"sws-gruppo-no-gruppo","10":"sws-categoria-sito","11":"sws-sottocategoria-altro","12":"sws-conto-ricavi-merci-rivendita-abbigliamento","13":"sws-gruppo-iva-iva81","15":"first","16":"instock","17":"shipping-taxable","18":"purchasable","19":"product-type-variable"},"_links":{"self":[{"href":"https:\/\/lucacastelli.com\/de\/wp-json\/wp\/v2\/product\/417477","targetHints":{"allow":["GET"]}}],"collection":[{"href":"https:\/\/lucacastelli.com\/de\/wp-json\/wp\/v2\/product"}],"about":[{"href":"https:\/\/lucacastelli.com\/de\/wp-json\/wp\/v2\/types\/product"}],"wp:featuredmedia":[{"embeddable":true,"href":"https:\/\/lucacastelli.com\/de\/wp-json\/wp\/v2\/media\/76128"}],"wp:attachment":[{"href":"https:\/\/lucacastelli.com\/de\/wp-json\/wp\/v2\/media?parent=417477"}],"wp:term":[{"taxonomy":"product_brand","embeddable":true,"href":"https:\/\/lucacastelli.com\/de\/wp-json\/wp\/v2\/product_brand?post=417477"},{"taxonomy":"product_cat","embeddable":true,"href":"https:\/\/lucacastelli.com\/de\/wp-json\/wp\/v2\/product_cat?post=417477"},{"taxonomy":"product_tag","embeddable":true,"href":"https:\/\/lucacastelli.com\/de\/wp-json\/wp\/v2\/product_tag?post=417477"}],"curies":[{"name":"wp","href":"https:\/\/api.w.org\/{rel}","templated":true}]}}