{"id":417447,"date":"2022-06-10T15:25:13","date_gmt":"2022-06-10T13:25:13","guid":{"rendered":"https:\/\/lucacastelli.com\/prodotto\/rukka-shelter-herren-regenhose\/"},"modified":"2025-07-29T18:39:21","modified_gmt":"2025-07-29T16:39:21","slug":"rukka-shelter-herren-regenhose","status":"publish","type":"product","link":"https:\/\/lucacastelli.com\/de\/produkt\/rukka-shelter-herren-regenhose\/","title":{"rendered":"RUKKA SHELTER Herren Regenhose"},"content":{"rendered":"<p>Unterstand Trs. Die superleichte und dehnbare Regenhose kann \u00fcberall verstaut werden. Dank des elastischen Au\u00dfenmaterials sind sie bei aktiven Touren angenehm zu tragen. Gesamtgewicht Gr\u00f6\u00dfe M = 140 g   <\/p>\n","protected":false},"excerpt":{"rendered":"<p>Unterstand Trs. Die superleichte und dehnbare Regenhose kann \u00fcberall verstaut werden. Dank des elastischen Au\u00dfenmaterials sind sie bei aktiven Touren<\/p>\n","protected":false},"featured_media":65016,"template":"","meta":{"_seopress_robots_primary_cat":"","_seopress_titles_title":"","_seopress_titles_desc":"","_seopress_robots_index":""},"product_brand":[3466],"product_cat":[21,189,190],"product_tag":[],"class_list":{"0":"post-417447","1":"product","2":"type-product","3":"status-publish","4":"has-post-thumbnail","6":"product_brand-rukka","7":"product_cat-abbigliamento","8":"product_cat-abbigliamento-per-il-tempo-libero","9":"product_cat-abbigliamento-da-uomo","11":"first","12":"instock","13":"shipping-taxable","14":"purchasable","15":"product-type-variable"},"_links":{"self":[{"href":"https:\/\/lucacastelli.com\/de\/wp-json\/wp\/v2\/product\/417447","targetHints":{"allow":["GET"]}}],"collection":[{"href":"https:\/\/lucacastelli.com\/de\/wp-json\/wp\/v2\/product"}],"about":[{"href":"https:\/\/lucacastelli.com\/de\/wp-json\/wp\/v2\/types\/product"}],"wp:featuredmedia":[{"embeddable":true,"href":"https:\/\/lucacastelli.com\/de\/wp-json\/wp\/v2\/media\/65016"}],"wp:attachment":[{"href":"https:\/\/lucacastelli.com\/de\/wp-json\/wp\/v2\/media?parent=417447"}],"wp:term":[{"taxonomy":"product_brand","embeddable":true,"href":"https:\/\/lucacastelli.com\/de\/wp-json\/wp\/v2\/product_brand?post=417447"},{"taxonomy":"product_cat","embeddable":true,"href":"https:\/\/lucacastelli.com\/de\/wp-json\/wp\/v2\/product_cat?post=417447"},{"taxonomy":"product_tag","embeddable":true,"href":"https:\/\/lucacastelli.com\/de\/wp-json\/wp\/v2\/product_tag?post=417447"}],"curies":[{"name":"wp","href":"https:\/\/api.w.org\/{rel}","templated":true}]}}