{"id":417433,"date":"2022-06-10T13:51:27","date_gmt":"2022-06-10T11:51:27","guid":{"rendered":"https:\/\/lucacastelli.com\/prodotto\/rukka-jazz-herren-soft-shell-jacke\/"},"modified":"2025-07-29T18:38:48","modified_gmt":"2025-07-29T16:38:48","slug":"rukka-jazz-herren-soft-shell-jacke","status":"publish","type":"product","link":"https:\/\/lucacastelli.com\/de\/produkt\/rukka-jazz-herren-soft-shell-jacke\/","title":{"rendered":"RUKKA JAZZ Herren Soft Shell Jacke"},"content":{"rendered":"<p>Jazz. Diese leichte Softshelljacke ist winddicht, atmungsaktiv und zudem wasserabweisend. Sie ist vielseitig einsetzbar und eignet sich gleicherma\u00dfen f\u00fcr einen entspannten Waldspaziergang, eine Bergtour, als Freizeitjacke sowie f\u00fcr eine spritzige Nordic-Walking-Tour.  <\/p>\n","protected":false},"excerpt":{"rendered":"<p>Jazz. Diese leichte Softshelljacke ist winddicht, atmungsaktiv und zudem wasserabweisend. Sie ist vielseitig einsetzbar und eignet sich gleicherma\u00dfen f\u00fcr einen<\/p>\n","protected":false},"featured_media":64677,"template":"","meta":{"_seopress_robots_primary_cat":"","_seopress_titles_title":"","_seopress_titles_desc":"","_seopress_robots_index":""},"product_brand":[3671],"product_cat":[974,975,82],"product_tag":[],"class_list":{"0":"post-417433","1":"product","2":"type-product","3":"status-publish","4":"has-post-thumbnail","6":"product_brand-rukka-de","7":"product_cat-freizeitkleidung","8":"product_cat-herrenbekleidung","9":"product_cat-kleidung","10":"sws-gruppo-abb-libero-de","11":"sws-categoria-sito-de","12":"sws-conto-ricavi-merci-rivendita-abbigliamento-de","13":"sws-gruppo-iva-iva81-de","15":"first","16":"instock","17":"shipping-taxable","18":"purchasable","19":"product-type-variable"},"_links":{"self":[{"href":"https:\/\/lucacastelli.com\/de\/wp-json\/wp\/v2\/product\/417433","targetHints":{"allow":["GET"]}}],"collection":[{"href":"https:\/\/lucacastelli.com\/de\/wp-json\/wp\/v2\/product"}],"about":[{"href":"https:\/\/lucacastelli.com\/de\/wp-json\/wp\/v2\/types\/product"}],"wp:featuredmedia":[{"embeddable":true,"href":"https:\/\/lucacastelli.com\/de\/wp-json\/wp\/v2\/media\/64677"}],"wp:attachment":[{"href":"https:\/\/lucacastelli.com\/de\/wp-json\/wp\/v2\/media?parent=417433"}],"wp:term":[{"taxonomy":"product_brand","embeddable":true,"href":"https:\/\/lucacastelli.com\/de\/wp-json\/wp\/v2\/product_brand?post=417433"},{"taxonomy":"product_cat","embeddable":true,"href":"https:\/\/lucacastelli.com\/de\/wp-json\/wp\/v2\/product_cat?post=417433"},{"taxonomy":"product_tag","embeddable":true,"href":"https:\/\/lucacastelli.com\/de\/wp-json\/wp\/v2\/product_tag?post=417433"}],"curies":[{"name":"wp","href":"https:\/\/api.w.org\/{rel}","templated":true}]}}