{"id":417375,"date":"2025-02-22T17:28:51","date_gmt":"2025-02-22T16:28:51","guid":{"rendered":"https:\/\/lucacastelli.com\/prodotto\/eder-nutenfraese-kettenantriebeder\/"},"modified":"2025-06-28T22:33:39","modified_gmt":"2025-06-28T20:33:39","slug":"eder-nutenfraese-kettenantriebeder","status":"publish","type":"product","link":"https:\/\/lucacastelli.com\/de\/produkt\/eder-nutenfraese-kettenantriebeder\/","title":{"rendered":"Eder Nutenfr\u00e4se Kettenantriebeder"},"content":{"rendered":"<p>Die EDER-Nutfr\u00e4se wird von einer normalen Kettens\u00e4ge angetrieben. Es m\u00fcssen keine \u00c4nderungen an der Kettens\u00e4ge vorgenommen werden. Es k\u00f6nnen bis zu drei Messer von je 10 mm Breite montiert werden, wodurch eine Schnittbreite von 10-30 mm erreicht wird. Die Schnitttiefe betr\u00e4gt 35 mm  <\/p>\n<p>Der Fr\u00e4ser wird vor allem zum Fr\u00e4sen von Nuten und Aussparungen in Holzoberfl\u00e4chen eingesetzt, z.B. beim Bau von Holzh\u00e4usern, Kinderspielpl\u00e4tzen, Skulpturenschnitzerei und vielen anderen Anwendungen. Der Fr\u00e4skopf bietet eine hohe Abtragsleistung bei minimalem Kraftaufwand. <\/p>\n<p>Vollgewicht: 1,8 kg (ohne Motoreinheit)<\/p>\n<p>Antriebsleistung: min. 2,5 kW<\/p>\n<p>&nbsp;<\/p>\n<p>&nbsp;<\/p>\n<h3>Beschreibung<\/h3>\n<p>Arten von Klingen:<\/p>\n<p>Breite der Klingennut 8 mm<\/p>\n<p>Stihl 170\/180\/211\/231\/241\/251&#8243;<\/p>\n<p>Husqvarna 340\/345\/346\/350\/353\/357\/362\/242\/254\/435\/440\/543\/545\/545II\/550\/550II\/560<\/p>\n<p>Dolmar PS-460 \/ PS-4600 \/ PS-500 \/ PS-5000 \/ PS-5105 \/ PS-6100<\/p>\n<p>Breite der Klingennut 12 mm<\/p>\n<p>Stihl 240\/260\/261\/362\/440\/441\/442\/462\/500\/660\/661<\/p>\n<p>Husqvarna 365\/372\/385\/390\/395\/562\/570\/572\/575\/576<\/p>\n<p>Dolmar PS-6400 \/ PS-7300 \/ PS-7310 \/ PS-7900 \/ PS-7910<\/p>\n<p>Ersatz-Zusatzscheiben f\u00fcr die Eder Rillenmaschine<\/p>\n","protected":false},"excerpt":{"rendered":"<p>Die EDER-Nutfr\u00e4se wird von einer normalen Kettens\u00e4ge angetrieben. Es m\u00fcssen keine \u00c4nderungen an der Kettens\u00e4ge vorgenommen werden. Es k\u00f6nnen bis<\/p>\n","protected":false},"featured_media":102600,"template":"","meta":{"_seopress_robots_primary_cat":"","_seopress_titles_title":"","_seopress_titles_desc":"","_seopress_robots_index":""},"product_brand":[3628],"product_cat":[169,1612,1640],"product_tag":[],"class_list":{"0":"post-417375","1":"product","2":"type-product","3":"status-publish","4":"has-post-thumbnail","6":"product_brand-eder-de","7":"product_cat-maschinen","8":"product_cat-kettensagen","9":"product_cat-zubehor-und-verbrauchsmaterial-de-5","10":"sws-gruppo-macchinari-de","11":"sws-categoria-sito-de","12":"sws-conto-ricavi-merci-rivendita-macchinari-de","13":"sws-gruppo-iva-iva81-de","15":"first","16":"instock","17":"sale","18":"shipping-taxable","19":"purchasable","20":"product-type-variable"},"_links":{"self":[{"href":"https:\/\/lucacastelli.com\/de\/wp-json\/wp\/v2\/product\/417375","targetHints":{"allow":["GET"]}}],"collection":[{"href":"https:\/\/lucacastelli.com\/de\/wp-json\/wp\/v2\/product"}],"about":[{"href":"https:\/\/lucacastelli.com\/de\/wp-json\/wp\/v2\/types\/product"}],"wp:featuredmedia":[{"embeddable":true,"href":"https:\/\/lucacastelli.com\/de\/wp-json\/wp\/v2\/media\/102600"}],"wp:attachment":[{"href":"https:\/\/lucacastelli.com\/de\/wp-json\/wp\/v2\/media?parent=417375"}],"wp:term":[{"taxonomy":"product_brand","embeddable":true,"href":"https:\/\/lucacastelli.com\/de\/wp-json\/wp\/v2\/product_brand?post=417375"},{"taxonomy":"product_cat","embeddable":true,"href":"https:\/\/lucacastelli.com\/de\/wp-json\/wp\/v2\/product_cat?post=417375"},{"taxonomy":"product_tag","embeddable":true,"href":"https:\/\/lucacastelli.com\/de\/wp-json\/wp\/v2\/product_tag?post=417375"}],"curies":[{"name":"wp","href":"https:\/\/api.w.org\/{rel}","templated":true}]}}